{"id":46374,"date":"2026-05-13T14:08:23","date_gmt":"2026-05-13T12:08:23","guid":{"rendered":"https:\/\/premino.pl\/?product=oscar-woda-perfumowana-spray-100ml"},"modified":"2026-05-13T14:08:25","modified_gmt":"2026-05-13T12:08:25","slug":"oscar-woda-perfumowana-spray-100ml","status":"publish","type":"product","link":"https:\/\/premino.pl\/?product=oscar-woda-perfumowana-spray-100ml","title":{"rendered":"Oscar woda perfumowana spray 100ml"},"content":{"rendered":"<p>Daj si\u0119 porwa\u0107 magnetyzmowi nocnej tajemnicy. Ta uwodzicielska kompozycja, \u0142\u0105cz\u0105ca pikantny kardamon, dymne nuty kadzid\u0142a i \u017car czarnego pieprzu, tworzy aromatyczn\u0105 opowie\u015b\u0107 pe\u0142n\u0105 napi\u0119cia i po\u017c\u0105dania. Zanurz si\u0119 w aurze nieznanego, skrojonej z my\u015bl\u0105 o m\u0119\u017cczy\u017anie, kt\u00f3ry ceni sobie si\u0142\u0119 subtelnej intrygi.<\/p>\n<p><b>Nuty zapachowe:<br \/><\/b><br \/><b>Nuta g\u0142owy: <\/b>pomara\u0144cza, sza\u0142wia muszkato\u0142owa, kardamon<br \/><b>Nuta serca: <\/b>karmel, czarny pieprz, fasolka tonka, kadzid\u0142o<br \/><b>Nuta bazy: <\/b>pi\u017cmo, kardamon, wetyweria<\/p>\n<p><strong>Gramatura:<\/strong> ml<br \/>\n<strong>Linia k\u0105pielowa:<\/strong> nie<br \/>\n<strong>Miniatura:<\/strong> nie<br \/>\n<strong>Nuta bazy:<\/strong> kardamon, pi\u017cmo, wetyweria<br \/>\n<strong>Nuta g\u0142owy:<\/strong> kardamon, pomara\u0144cza, sza\u0142wia muszkato\u0142owa<br \/>\n<strong>Nuta g\u0142\u00f3wna:<\/strong> drzewne, przyprawowe<br \/>\n<strong>Nuta serca:<\/strong> czarny pieprz, fasolka tonka, kadzid\u0142o, karmel<br \/>\n<strong>Pojemno\u015b\u0107:<\/strong> 100<br \/>\n<strong>Produkt rzadki:<\/strong> nie<br \/>\n<strong>Pr\u00f3bka:<\/strong> nie<br \/>\n<strong>P\u0142e\u0107:<\/strong> m\u0119ski<br \/>\n<strong>Rodzaj:<\/strong> woda perfumowana<br \/>\n<strong>Tester:<\/strong> nie<br \/>\n<strong>Zapach alternatywny:<\/strong> nie<br \/>\n<strong>Zestaw:<\/strong> nie<\/p>\n<p><strong>Uwagi:<\/strong><\/p>\n<p>Produkt przechowywa\u0107 z dala od ognia i \u017ar\u00f3de\u0142 ciep\u0142a. Trzyma\u0107 w miejscu niedost\u0119pnym dla dzieci. Nie stosowa\u0107 na podra\u017cnion\u0105 lub uszkodzon\u0105 sk\u00f3r\u0119. Unika\u0107 kontaktu z oczami.<\/p>\n<p><strong>Sk\u0142adniki:<\/strong><\/p>\n<p>ALCOHOL DENAT, PARFUM (FRAGRANCE), AQUA (WATER), BENZYL SALICYLATE, CINNAMYL ALCOHOL, CITRAL, CITRONELLOL, EUGENOL, GERANIOL, HEXYL CINNAMAL, ISOEUGENOL, LIMONENE, LINALOOL, ALPHA-ISOMETHYL IONONE.<\/p>\n","protected":false},"excerpt":{"rendered":"<p> <strong>Gramatura:<\/strong> ml<br \/>  <strong>Linia k\u0105pielowa:<\/strong> nie<br \/>  <strong>Miniatura:<\/strong> nie<br \/>  <strong>Nuta bazy:<\/strong> kardamon, pi\u017cmo, wetyweria<br \/>  <strong>Nuta g\u0142owy:<\/strong> kardamon, pomara\u0144cza, sza\u0142wia muszkato\u0142owa<br \/>  <strong>Nuta g\u0142\u00f3wna:<\/strong> drzewne, przyprawowe<br \/>  <strong>Nuta serca:<\/strong> czarny pieprz, fasolka tonka, kadzid\u0142o, karmel<br \/>  <strong>Pojemno\u015b\u0107:<\/strong> 100<br \/>  <strong>Produkt rzadki:<\/strong> nie<br \/>  <strong>Pr\u00f3bka:<\/strong> nie<br \/>  <strong>P\u0142e\u0107:<\/strong> m\u0119ski<br \/>  <strong>Rodzaj:<\/strong> woda perfumowana<br \/>  <strong>Tester:<\/strong> nie<br \/>  <strong>Zapach alternatywny:<\/strong> nie<br \/>  <strong>Zestaw:<\/strong> nie <\/p>\n","protected":false},"featured_media":46375,"comment_status":"open","ping_status":"closed","template":"","meta":{"_acf_changed":false},"kategoria-hurtowni":[87,88],"product_brand":[595],"product_cat":[76],"product_tag":[],"class_list":{"0":"post-46374","1":"product","2":"type-product","3":"status-publish","4":"has-post-thumbnail","6":"kategoria-hurtowni-perfumy","7":"kategoria-hurtowni-zapachy","8":"product_brand-zimaya","9":"product_cat-primavera","11":"first","12":"outofstock","13":"taxable","14":"shipping-taxable","15":"product-type-simple"},"acf":[],"_links":{"self":[{"href":"https:\/\/premino.pl\/index.php?rest_route=\/wp\/v2\/product\/46374","targetHints":{"allow":["GET"]}}],"collection":[{"href":"https:\/\/premino.pl\/index.php?rest_route=\/wp\/v2\/product"}],"about":[{"href":"https:\/\/premino.pl\/index.php?rest_route=\/wp\/v2\/types\/product"}],"replies":[{"embeddable":true,"href":"https:\/\/premino.pl\/index.php?rest_route=%2Fwp%2Fv2%2Fcomments&post=46374"}],"wp:featuredmedia":[{"embeddable":true,"href":"https:\/\/premino.pl\/index.php?rest_route=\/wp\/v2\/media\/46375"}],"wp:attachment":[{"href":"https:\/\/premino.pl\/index.php?rest_route=%2Fwp%2Fv2%2Fmedia&parent=46374"}],"wp:term":[{"taxonomy":"kategoria-hurtowni","embeddable":true,"href":"https:\/\/premino.pl\/index.php?rest_route=%2Fwp%2Fv2%2Fkategoria-hurtowni&post=46374"},{"taxonomy":"product_brand","embeddable":true,"href":"https:\/\/premino.pl\/index.php?rest_route=%2Fwp%2Fv2%2Fproduct_brand&post=46374"},{"taxonomy":"product_cat","embeddable":true,"href":"https:\/\/premino.pl\/index.php?rest_route=%2Fwp%2Fv2%2Fproduct_cat&post=46374"},{"taxonomy":"product_tag","embeddable":true,"href":"https:\/\/premino.pl\/index.php?rest_route=%2Fwp%2Fv2%2Fproduct_tag&post=46374"}],"curies":[{"name":"wp","href":"https:\/\/api.w.org\/{rel}","templated":true}]}}