{"id":46398,"date":"2026-05-13T14:08:29","date_gmt":"2026-05-13T12:08:29","guid":{"rendered":"https:\/\/premino.pl\/?product=touche-finale-woda-perfumowana-spray-100ml"},"modified":"2026-05-13T14:08:33","modified_gmt":"2026-05-13T12:08:33","slug":"touche-finale-woda-perfumowana-spray-100ml","status":"publish","type":"product","link":"https:\/\/premino.pl\/?product=touche-finale-woda-perfumowana-spray-100ml","title":{"rendered":"Touche Finale woda perfumowana spray 100ml"},"content":{"rendered":"<p>Touche Finale to ho\u0142d dla dusz pe\u0142nych uwodzenia, z kt\u00f3rych ka\u017cda ma w\u0142asny rytua\u0142 przygotowa\u0144. Powolne, \u015bwiadome ubieranie si\u0119, delikatny makija\u017c, puder ry\u017cowy \u2013 wszystko staje si\u0119 cz\u0119\u015bci\u0105 preludium do uwodzenia. Cho\u0107 gesty s\u0105 r\u00f3\u017cne, a tajemnice skrywane, \u0142\u0105czy je jedno: ostatni, nieod\u0142\u0105czny akcent \u2013 aplikacja perfum.<\/p>\n<p><b>Nuty zapachowe:<br \/><\/b><br \/><b>Nuta g\u0142owy: <\/b>mimoza, r\u00f3\u017cowy pieprz<br \/><b>Nuta serca: <\/b>li\u015b\u0107 fio\u0142ka, r\u00f3\u017ca, ja\u015bmin, cedr<br \/><b>Nuta bazy: <\/b>heliotrop, bia\u0142e pi\u017cmo, drzewo sanda\u0142owe<\/p>\n<p><strong>Gramatura:<\/strong> ml<br \/>\n<strong>Linia k\u0105pielowa:<\/strong> nie<br \/>\n<strong>Miniatura:<\/strong> nie<br \/>\n<strong>Nuta bazy:<\/strong> bia\u0142e pi\u017cmo, drzewo sanda\u0142owe, heliotrop<br \/>\n<strong>Nuta g\u0142owy:<\/strong> mimoza, r\u00f3\u017cowy pieprz<br \/>\n<strong>Nuta g\u0142\u00f3wna:<\/strong> kwiatowe, pudrowe<br \/>\n<strong>Nuta serca:<\/strong> cedr, ja\u015bmin, li\u015b\u0107 fio\u0142ka, r\u00f3\u017ca<br \/>\n<strong>Pojemno\u015b\u0107:<\/strong> 100<br \/>\n<strong>Produkt rzadki:<\/strong> tak<br \/>\n<strong>Pr\u00f3bka:<\/strong> nie<br \/>\n<strong>P\u0142e\u0107:<\/strong> unisex<br \/>\n<strong>Rodzaj:<\/strong> woda perfumowana<br \/>\n<strong>Tester:<\/strong> nie<br \/>\n<strong>Zapach alternatywny:<\/strong> nie<br \/>\n<strong>Zestaw:<\/strong> nie<\/p>\n<p><strong>Uwagi:<\/strong><\/p>\n<p>Produkt \u0142atwopalny. Przechowywa\u0107 z dala od ognia i \u017ar\u00f3de\u0142 ciep\u0142a. Trzyma\u0107 w miejscu niedost\u0119pnym dla dzieci. Nie stosowa\u0107 na podra\u017cnion\u0105 lub uszkodzon\u0105 sk\u00f3r\u0119. Unika\u0107 kontaktu z oczami.<\/p>\n<p><strong>Sk\u0142adniki:<\/strong><\/p>\n<p>Alcohol Denat. &#8211; Parfum (Fragrance) &#8211; Aqua (Water) &#8211; Tetramethyl Acetyloctahydronaphthalenes &#8211; Alpha-Isomethyl Ionone &#8211; Benzaldehyde &#8211; Benzyl Alcohol &#8211; Beta-Caryophyllene &#8211; Citral &#8211; Citronellol &#8211; Geraniol &#8211; Geranyl Acetate &#8211; Isoeugenol &#8211; Limonene &#8211; Methyl 2-Octynoate &#8211; Pinene &#8211; Terpinolene &#8211; Vanillin<\/p>\n","protected":false},"excerpt":{"rendered":"<p> <strong>Gramatura:<\/strong> ml<br \/>  <strong>Linia k\u0105pielowa:<\/strong> nie<br \/>  <strong>Miniatura:<\/strong> nie<br \/>  <strong>Nuta bazy:<\/strong> bia\u0142e pi\u017cmo, drzewo sanda\u0142owe, heliotrop<br \/>  <strong>Nuta g\u0142owy:<\/strong> mimoza, r\u00f3\u017cowy pieprz<br \/>  <strong>Nuta g\u0142\u00f3wna:<\/strong> kwiatowe, pudrowe<br \/>  <strong>Nuta serca:<\/strong> cedr, ja\u015bmin, li\u015b\u0107 fio\u0142ka, r\u00f3\u017ca<br \/>  <strong>Pojemno\u015b\u0107:<\/strong> 100<br \/>  <strong>Produkt rzadki:<\/strong> tak<br \/>  <strong>Pr\u00f3bka:<\/strong> nie<br \/>  <strong>P\u0142e\u0107:<\/strong> unisex<br \/>  <strong>Rodzaj:<\/strong> woda perfumowana<br \/>  <strong>Tester:<\/strong> nie<br \/>  <strong>Zapach alternatywny:<\/strong> nie<br \/>  <strong>Zestaw:<\/strong> nie <\/p>\n","protected":false},"featured_media":46399,"comment_status":"open","ping_status":"closed","template":"","meta":{"_acf_changed":false},"kategoria-hurtowni":[87,88],"product_brand":[606],"product_cat":[76],"product_tag":[],"class_list":{"0":"post-46398","1":"product","2":"type-product","3":"status-publish","4":"has-post-thumbnail","6":"kategoria-hurtowni-perfumy","7":"kategoria-hurtowni-zapachy","8":"product_brand-jovoy","9":"product_cat-primavera","11":"first","12":"outofstock","13":"taxable","14":"shipping-taxable","15":"product-type-simple"},"acf":[],"_links":{"self":[{"href":"https:\/\/premino.pl\/index.php?rest_route=\/wp\/v2\/product\/46398","targetHints":{"allow":["GET"]}}],"collection":[{"href":"https:\/\/premino.pl\/index.php?rest_route=\/wp\/v2\/product"}],"about":[{"href":"https:\/\/premino.pl\/index.php?rest_route=\/wp\/v2\/types\/product"}],"replies":[{"embeddable":true,"href":"https:\/\/premino.pl\/index.php?rest_route=%2Fwp%2Fv2%2Fcomments&post=46398"}],"wp:featuredmedia":[{"embeddable":true,"href":"https:\/\/premino.pl\/index.php?rest_route=\/wp\/v2\/media\/46399"}],"wp:attachment":[{"href":"https:\/\/premino.pl\/index.php?rest_route=%2Fwp%2Fv2%2Fmedia&parent=46398"}],"wp:term":[{"taxonomy":"kategoria-hurtowni","embeddable":true,"href":"https:\/\/premino.pl\/index.php?rest_route=%2Fwp%2Fv2%2Fkategoria-hurtowni&post=46398"},{"taxonomy":"product_brand","embeddable":true,"href":"https:\/\/premino.pl\/index.php?rest_route=%2Fwp%2Fv2%2Fproduct_brand&post=46398"},{"taxonomy":"product_cat","embeddable":true,"href":"https:\/\/premino.pl\/index.php?rest_route=%2Fwp%2Fv2%2Fproduct_cat&post=46398"},{"taxonomy":"product_tag","embeddable":true,"href":"https:\/\/premino.pl\/index.php?rest_route=%2Fwp%2Fv2%2Fproduct_tag&post=46398"}],"curies":[{"name":"wp","href":"https:\/\/api.w.org\/{rel}","templated":true}]}}