{"id":46404,"date":"2026-05-13T14:08:29","date_gmt":"2026-05-13T12:08:29","guid":{"rendered":"https:\/\/premino.pl\/?product=remember-me-woda-perfumowana-spray-100ml"},"modified":"2026-05-13T14:08:35","modified_gmt":"2026-05-13T12:08:35","slug":"remember-me-woda-perfumowana-spray-100ml","status":"publish","type":"product","link":"https:\/\/premino.pl\/?product=remember-me-woda-perfumowana-spray-100ml","title":{"rendered":"Remember Me woda perfumowana spray 100ml"},"content":{"rendered":"<p>Ile razy pozwoli\u0142e\u015b\/pozwoli\u0142a\u015b, by zapach unosz\u0105cy si\u0119 z tarasu kawiarni Ci\u0119 oczarowa\u0142, albo by aromat tajemniczego ogrodu przeni\u00f3s\u0142 Ci\u0119 w inny \u015bwiat? A mo\u017ce zatrzyma\u0142e\u015b\/ zatrzyma\u0142a\u015b si\u0119 przy woni, kt\u00f3r\u0105 nosi\u0142 nieznajomy w t\u0142umie? To magia perfum \u2013 subtelne zakl\u0119cie, kt\u00f3re szepcze: Remember Me.<\/p>\n<p><b>Nuty zapachowe:<br \/><\/b><br \/><b>Nuta g\u0142owy: <\/b>kardamon, cytryna, bergamotka<br \/><b>Nuta serca: <\/b>herbata, imbir, plumeria<br \/><b>Nuta bazy: <\/b>mleko, wanilia, nuty drzewne, cedr<\/p>\n<p><strong>Gramatura:<\/strong> ml<br \/>\n<strong>Linia k\u0105pielowa:<\/strong> nie<br \/>\n<strong>Miniatura:<\/strong> nie<br \/>\n<strong>Nuta bazy:<\/strong> cedr, mleko, nuty drzewne, wanilia<br \/>\n<strong>Nuta g\u0142owy:<\/strong> bergamotka, cytryna, kardamon<br \/>\n<strong>Nuta g\u0142\u00f3wna:<\/strong> cytrusowe, gourmand<br \/>\n<strong>Nuta serca:<\/strong> herbata, imbir, plumeria<br \/>\n<strong>Pojemno\u015b\u0107:<\/strong> 100<br \/>\n<strong>Produkt rzadki:<\/strong> tak<br \/>\n<strong>Pr\u00f3bka:<\/strong> nie<br \/>\n<strong>P\u0142e\u0107:<\/strong> unisex<br \/>\n<strong>Rodzaj:<\/strong> woda perfumowana<br \/>\n<strong>Tester:<\/strong> nie<br \/>\n<strong>Zapach alternatywny:<\/strong> nie<br \/>\n<strong>Zestaw:<\/strong> nie<\/p>\n<p><strong>Uwagi:<\/strong><\/p>\n<p>Produkt \u0142atwopalny. Przechowywa\u0107 z dala od ognia i \u017ar\u00f3de\u0142 ciep\u0142a. Trzyma\u0107 w miejscu niedost\u0119pnym dla dzieci. Nie stosowa\u0107 na podra\u017cnion\u0105 lub uszkodzon\u0105 sk\u00f3r\u0119. Unika\u0107 kontaktu z oczami.<\/p>\n<p><strong>Sk\u0142adniki:<\/strong><\/p>\n<p>Alcohol Denat. &#8211; Parfum (Fragrance) &#8211; Aqua (Water) &#8211; Benzyl Salicylate &#8211; Tetramethyl Acetyloctahydronaphthalenes &#8211; Citrus Limon (Lemon) Peel Oil &#8211; Beta-Caryophyllene &#8211; Citral &#8211; Citrus Aurantium Peel Oil &#8211; Coumarin &#8211; Geraniol &#8211; Geranyl Acetate &#8211; Isoeugenyl Acetate &#8211; Juniperus Virginiana Oil &#8211; Limonene &#8211; Linalool &#8211; Linalyl Acetate &#8211; Pinene &#8211; Rose Ketones &#8211; Terpineol &#8211; Terpinolene<\/p>\n","protected":false},"excerpt":{"rendered":"<p> <strong>Gramatura:<\/strong> ml<br \/>  <strong>Linia k\u0105pielowa:<\/strong> nie<br \/>  <strong>Miniatura:<\/strong> nie<br \/>  <strong>Nuta bazy:<\/strong> cedr, mleko, nuty drzewne, wanilia<br \/>  <strong>Nuta g\u0142owy:<\/strong> bergamotka, cytryna, kardamon<br \/>  <strong>Nuta g\u0142\u00f3wna:<\/strong> cytrusowe, gourmand<br \/>  <strong>Nuta serca:<\/strong> herbata, imbir, plumeria<br \/>  <strong>Pojemno\u015b\u0107:<\/strong> 100<br \/>  <strong>Produkt rzadki:<\/strong> tak<br \/>  <strong>Pr\u00f3bka:<\/strong> nie<br \/>  <strong>P\u0142e\u0107:<\/strong> unisex<br \/>  <strong>Rodzaj:<\/strong> woda perfumowana<br \/>  <strong>Tester:<\/strong> nie<br \/>  <strong>Zapach alternatywny:<\/strong> nie<br \/>  <strong>Zestaw:<\/strong> nie <\/p>\n","protected":false},"featured_media":46405,"comment_status":"open","ping_status":"closed","template":"","meta":{"_acf_changed":false},"kategoria-hurtowni":[87,88],"product_brand":[606],"product_cat":[76],"product_tag":[],"class_list":{"0":"post-46404","1":"product","2":"type-product","3":"status-publish","4":"has-post-thumbnail","6":"kategoria-hurtowni-perfumy","7":"kategoria-hurtowni-zapachy","8":"product_brand-jovoy","9":"product_cat-primavera","11":"first","12":"outofstock","13":"taxable","14":"shipping-taxable","15":"product-type-simple"},"acf":[],"_links":{"self":[{"href":"https:\/\/premino.pl\/index.php?rest_route=\/wp\/v2\/product\/46404","targetHints":{"allow":["GET"]}}],"collection":[{"href":"https:\/\/premino.pl\/index.php?rest_route=\/wp\/v2\/product"}],"about":[{"href":"https:\/\/premino.pl\/index.php?rest_route=\/wp\/v2\/types\/product"}],"replies":[{"embeddable":true,"href":"https:\/\/premino.pl\/index.php?rest_route=%2Fwp%2Fv2%2Fcomments&post=46404"}],"wp:featuredmedia":[{"embeddable":true,"href":"https:\/\/premino.pl\/index.php?rest_route=\/wp\/v2\/media\/46405"}],"wp:attachment":[{"href":"https:\/\/premino.pl\/index.php?rest_route=%2Fwp%2Fv2%2Fmedia&parent=46404"}],"wp:term":[{"taxonomy":"kategoria-hurtowni","embeddable":true,"href":"https:\/\/premino.pl\/index.php?rest_route=%2Fwp%2Fv2%2Fkategoria-hurtowni&post=46404"},{"taxonomy":"product_brand","embeddable":true,"href":"https:\/\/premino.pl\/index.php?rest_route=%2Fwp%2Fv2%2Fproduct_brand&post=46404"},{"taxonomy":"product_cat","embeddable":true,"href":"https:\/\/premino.pl\/index.php?rest_route=%2Fwp%2Fv2%2Fproduct_cat&post=46404"},{"taxonomy":"product_tag","embeddable":true,"href":"https:\/\/premino.pl\/index.php?rest_route=%2Fwp%2Fv2%2Fproduct_tag&post=46404"}],"curies":[{"name":"wp","href":"https:\/\/api.w.org\/{rel}","templated":true}]}}