{"id":46434,"date":"2026-05-13T14:08:42","date_gmt":"2026-05-13T12:08:42","guid":{"rendered":"https:\/\/premino.pl\/?product=bois-dambrette-woda-perfumowana-spray-100ml"},"modified":"2026-05-13T14:08:44","modified_gmt":"2026-05-13T12:08:44","slug":"bois-dambrette-woda-perfumowana-spray-100ml","status":"publish","type":"product","link":"https:\/\/premino.pl\/?product=bois-dambrette-woda-perfumowana-spray-100ml","title":{"rendered":"Bois d&#8217;Ambrette woda perfumowana spray 100ml"},"content":{"rendered":"<p>Pocz\u0105tkowo \u015bwie\u017cy i \u015bwietlisty zapach, kt\u00f3ry stopniowo ods\u0142ania zmys\u0142owe, subtelnie cielesne nuty. W bazie rozwija si\u0119 w spos\u00f3b pow\u015bci\u0105gliwy, a zarazem elegancki, otulaj\u0105c zmys\u0142y mi\u0119kkimi akordami.<\/p>\n<p><b>Nuty zapachowe:<br \/><\/b><br \/><b>Nuta g\u0142owy: <\/b>imbir, mandarynka<br \/><b>Nuta serca: <\/b>ambrette (pi\u017cmian w\u0142a\u015bciwy), dzi\u0119giel, amyris<br \/><b>Nuta bazy: <\/b>ambroksan, drzewo sanda\u0142owe, pi\u017cmo<\/p>\n<p><strong>Gramatura:<\/strong> ml<br \/>\n<strong>Linia k\u0105pielowa:<\/strong> nie<br \/>\n<strong>Miniatura:<\/strong> nie<br \/>\n<strong>Nuta bazy:<\/strong> ambroksan, drzewo sanda\u0142owe, pi\u017cmo<br \/>\n<strong>Nuta g\u0142owy:<\/strong> imbir, mandarynka<br \/>\n<strong>Nuta g\u0142\u00f3wna:<\/strong> aromatyczne, owocowe<br \/>\n<strong>Nuta serca:<\/strong> ambrette (pi\u017cmian w\u0142a\u015bciwy), amyris, dzi\u0119giel<br \/>\n<strong>Pojemno\u015b\u0107:<\/strong> 100<br \/>\n<strong>Produkt rzadki:<\/strong> tak<br \/>\n<strong>Pr\u00f3bka:<\/strong> nie<br \/>\n<strong>P\u0142e\u0107:<\/strong> unisex<br \/>\n<strong>Rodzaj:<\/strong> woda perfumowana<br \/>\n<strong>Tester:<\/strong> nie<br \/>\n<strong>Zapach alternatywny:<\/strong> nie<br \/>\n<strong>Zestaw:<\/strong> nie<\/p>\n<p><strong>Uwagi:<\/strong><\/p>\n<p>PRODUKT \u0141ATWOPALNY. TYLKO DO U\u017bYTKU ZEWN\u0118TRZNEGO. UNIKA\u0106 KONTAKTU Z OCZAMI. PRZECHOWYWA\u0106 Z DALA OD \u0179R\u00d3DE\u0141 CIEP\u0141A I OGNIA.<\/p>\n<p><strong>Sk\u0142adniki:<\/strong><\/p>\n<p>ALCOHOL DENAT., FRAGRANCE (PARFUM), WATER (AQUA), D-LIMONENE, LINALOOL, BENZYL BENZOATE, CITRAL, FARNESOL, GERANIOL<\/p>\n","protected":false},"excerpt":{"rendered":"<p> <strong>Gramatura:<\/strong> ml<br \/>  <strong>Linia k\u0105pielowa:<\/strong> nie<br \/>  <strong>Miniatura:<\/strong> nie<br \/>  <strong>Nuta bazy:<\/strong> ambroksan, drzewo sanda\u0142owe, pi\u017cmo<br \/>  <strong>Nuta g\u0142owy:<\/strong> imbir, mandarynka<br \/>  <strong>Nuta g\u0142\u00f3wna:<\/strong> aromatyczne, owocowe<br \/>  <strong>Nuta serca:<\/strong> ambrette (pi\u017cmian w\u0142a\u015bciwy), amyris, dzi\u0119giel<br \/>  <strong>Pojemno\u015b\u0107:<\/strong> 100<br \/>  <strong>Produkt rzadki:<\/strong> tak<br \/>  <strong>Pr\u00f3bka:<\/strong> nie<br \/>  <strong>P\u0142e\u0107:<\/strong> unisex<br \/>  <strong>Rodzaj:<\/strong> woda perfumowana<br \/>  <strong>Tester:<\/strong> nie<br \/>  <strong>Zapach alternatywny:<\/strong> nie<br \/>  <strong>Zestaw:<\/strong> nie <\/p>\n","protected":false},"featured_media":46435,"comment_status":"open","ping_status":"closed","template":"","meta":{"_acf_changed":false},"kategoria-hurtowni":[87,88],"product_brand":[607],"product_cat":[76],"product_tag":[],"class_list":{"0":"post-46434","1":"product","2":"type-product","3":"status-publish","4":"has-post-thumbnail","6":"kategoria-hurtowni-perfumy","7":"kategoria-hurtowni-zapachy","8":"product_brand-atelier-materi","9":"product_cat-primavera","11":"first","12":"outofstock","13":"taxable","14":"shipping-taxable","15":"product-type-simple"},"acf":[],"_links":{"self":[{"href":"https:\/\/premino.pl\/index.php?rest_route=\/wp\/v2\/product\/46434","targetHints":{"allow":["GET"]}}],"collection":[{"href":"https:\/\/premino.pl\/index.php?rest_route=\/wp\/v2\/product"}],"about":[{"href":"https:\/\/premino.pl\/index.php?rest_route=\/wp\/v2\/types\/product"}],"replies":[{"embeddable":true,"href":"https:\/\/premino.pl\/index.php?rest_route=%2Fwp%2Fv2%2Fcomments&post=46434"}],"wp:featuredmedia":[{"embeddable":true,"href":"https:\/\/premino.pl\/index.php?rest_route=\/wp\/v2\/media\/46435"}],"wp:attachment":[{"href":"https:\/\/premino.pl\/index.php?rest_route=%2Fwp%2Fv2%2Fmedia&parent=46434"}],"wp:term":[{"taxonomy":"kategoria-hurtowni","embeddable":true,"href":"https:\/\/premino.pl\/index.php?rest_route=%2Fwp%2Fv2%2Fkategoria-hurtowni&post=46434"},{"taxonomy":"product_brand","embeddable":true,"href":"https:\/\/premino.pl\/index.php?rest_route=%2Fwp%2Fv2%2Fproduct_brand&post=46434"},{"taxonomy":"product_cat","embeddable":true,"href":"https:\/\/premino.pl\/index.php?rest_route=%2Fwp%2Fv2%2Fproduct_cat&post=46434"},{"taxonomy":"product_tag","embeddable":true,"href":"https:\/\/premino.pl\/index.php?rest_route=%2Fwp%2Fv2%2Fproduct_tag&post=46434"}],"curies":[{"name":"wp","href":"https:\/\/api.w.org\/{rel}","templated":true}]}}