{"id":46458,"date":"2026-05-13T14:08:48","date_gmt":"2026-05-13T12:08:48","guid":{"rendered":"https:\/\/premino.pl\/?product=blossom-special-edition-woda-perfumowana-spray-60ml"},"modified":"2026-05-13T14:08:51","modified_gmt":"2026-05-13T12:08:51","slug":"blossom-special-edition-woda-perfumowana-spray-60ml","status":"publish","type":"product","link":"https:\/\/premino.pl\/?product=blossom-special-edition-woda-perfumowana-spray-60ml","title":{"rendered":"Blossom Special Edition woda perfumowana spray 60ml"},"content":{"rendered":"<p>Specjalna edycja Blossom od Jimmy Choo \u0142\u0105czy w sobie radosny nastr\u00f3j z subtelnym, ch\u0142odnym blaskiem.<\/p>\n<p><b>Nuty zapachowe:<br \/><\/b><br \/><b>Nuta g\u0142owy: <\/b>gruszka, mandarynka, bergamotka<br \/><b>Nuta serca: <\/b>hibiskus, r\u00f3\u017cowa frezja, konwalia<br \/><b>Nuta bazy: <\/b>bia\u0142e pi\u017cmo, drzewo sanda\u0142owe, ambroksan<\/p>\n<p><strong>Gramatura:<\/strong> ml<br \/>\n<strong>Linia k\u0105pielowa:<\/strong> nie<br \/>\n<strong>Miniatura:<\/strong> nie<br \/>\n<strong>Nuta bazy:<\/strong> ambroksan, bia\u0142e pi\u017cmo, drzewo sanda\u0142owe<br \/>\n<strong>Nuta g\u0142owy:<\/strong> bergamotka, gruszka, mandarynka<br \/>\n<strong>Nuta g\u0142\u00f3wna:<\/strong> kwiatowe, owocowe<br \/>\n<strong>Nuta serca:<\/strong> hibiskus, konwalia, r\u00f3\u017cowa frezja<br \/>\n<strong>Pojemno\u015b\u0107:<\/strong> 60<br \/>\n<strong>Produkt rzadki:<\/strong> nie<br \/>\n<strong>Pr\u00f3bka:<\/strong> nie<br \/>\n<strong>P\u0142e\u0107:<\/strong> damski<br \/>\n<strong>Rodzaj:<\/strong> woda perfumowana<br \/>\n<strong>Tester:<\/strong> nie<br \/>\n<strong>Zapach alternatywny:<\/strong> nie<br \/>\n<strong>Zestaw:<\/strong> nie<\/p>\n<p><strong>Uwagi:<\/strong><\/p>\n<p>Produkt przechowywa\u0107 z dala od ognia i \u017ar\u00f3de\u0142 ciep\u0142a. Trzyma\u0107 w miejscu niedost\u0119pnym dla dzieci. Nie stosowa\u0107 na podra\u017cnion\u0105 lub uszkodzon\u0105 sk\u00f3r\u0119. Unika\u0107 kontaktu z oczami.<\/p>\n<p><strong>Sk\u0142adniki:<\/strong><\/p>\n<p>Alcohol Denat. (SD Alcohol 39-C), Parfum (Fragrance), AQUA (Water), Ethylhexyl methoxycinnamate, Butyl Methoxydibenzoylmethane, ETHYLHEXYL Salicylate, Benzyl Salicylate, Citral, Geraniol, HEXYL Cinnamal, Hydroxycitronellal, Limonene, Linalool, BHT<\/p>\n","protected":false},"excerpt":{"rendered":"<p> <strong>Gramatura:<\/strong> ml<br \/>  <strong>Linia k\u0105pielowa:<\/strong> nie<br \/>  <strong>Miniatura:<\/strong> nie<br \/>  <strong>Nuta bazy:<\/strong> ambroksan, bia\u0142e pi\u017cmo, drzewo sanda\u0142owe<br \/>  <strong>Nuta g\u0142owy:<\/strong> bergamotka, gruszka, mandarynka<br \/>  <strong>Nuta g\u0142\u00f3wna:<\/strong> kwiatowe, owocowe<br \/>  <strong>Nuta serca:<\/strong> hibiskus, konwalia, r\u00f3\u017cowa frezja<br \/>  <strong>Pojemno\u015b\u0107:<\/strong> 60<br \/>  <strong>Produkt rzadki:<\/strong> nie<br \/>  <strong>Pr\u00f3bka:<\/strong> nie<br \/>  <strong>P\u0142e\u0107:<\/strong> damski<br \/>  <strong>Rodzaj:<\/strong> woda perfumowana<br \/>  <strong>Tester:<\/strong> nie<br \/>  <strong>Zapach alternatywny:<\/strong> nie<br \/>  <strong>Zestaw:<\/strong> nie <\/p>\n","protected":false},"featured_media":46459,"comment_status":"open","ping_status":"closed","template":"","meta":{"_acf_changed":false},"kategoria-hurtowni":[87,88],"product_brand":[89],"product_cat":[76],"product_tag":[],"class_list":{"0":"post-46458","1":"product","2":"type-product","3":"status-publish","4":"has-post-thumbnail","6":"kategoria-hurtowni-perfumy","7":"kategoria-hurtowni-zapachy","8":"product_brand-jimmy-choo","9":"product_cat-primavera","11":"first","12":"outofstock","13":"taxable","14":"shipping-taxable","15":"product-type-simple"},"acf":[],"_links":{"self":[{"href":"https:\/\/premino.pl\/index.php?rest_route=\/wp\/v2\/product\/46458","targetHints":{"allow":["GET"]}}],"collection":[{"href":"https:\/\/premino.pl\/index.php?rest_route=\/wp\/v2\/product"}],"about":[{"href":"https:\/\/premino.pl\/index.php?rest_route=\/wp\/v2\/types\/product"}],"replies":[{"embeddable":true,"href":"https:\/\/premino.pl\/index.php?rest_route=%2Fwp%2Fv2%2Fcomments&post=46458"}],"wp:featuredmedia":[{"embeddable":true,"href":"https:\/\/premino.pl\/index.php?rest_route=\/wp\/v2\/media\/46459"}],"wp:attachment":[{"href":"https:\/\/premino.pl\/index.php?rest_route=%2Fwp%2Fv2%2Fmedia&parent=46458"}],"wp:term":[{"taxonomy":"kategoria-hurtowni","embeddable":true,"href":"https:\/\/premino.pl\/index.php?rest_route=%2Fwp%2Fv2%2Fkategoria-hurtowni&post=46458"},{"taxonomy":"product_brand","embeddable":true,"href":"https:\/\/premino.pl\/index.php?rest_route=%2Fwp%2Fv2%2Fproduct_brand&post=46458"},{"taxonomy":"product_cat","embeddable":true,"href":"https:\/\/premino.pl\/index.php?rest_route=%2Fwp%2Fv2%2Fproduct_cat&post=46458"},{"taxonomy":"product_tag","embeddable":true,"href":"https:\/\/premino.pl\/index.php?rest_route=%2Fwp%2Fv2%2Fproduct_tag&post=46458"}],"curies":[{"name":"wp","href":"https:\/\/api.w.org\/{rel}","templated":true}]}}