{"id":46476,"date":"2026-05-13T14:08:54","date_gmt":"2026-05-13T12:08:54","guid":{"rendered":"https:\/\/premino.pl\/?product=myrrh-tonka-swieca-zapachowa-200g"},"modified":"2026-05-13T14:08:57","modified_gmt":"2026-05-13T12:08:57","slug":"myrrh-tonka-swieca-zapachowa-200g","status":"publish","type":"product","link":"https:\/\/premino.pl\/?product=myrrh-tonka-swieca-zapachowa-200g","title":{"rendered":"Myrrh &amp; Tonka \u015bwieca zapachowa 200g"},"content":{"rendered":"<p>By poczu\u0107 ukojenie, wprowadzi\u0107 spok\u00f3j lub doda\u0107 chwili wyj\u0105tkowego luksusu. Zanurz si\u0119 w aromacie bogatego, r\u0119cznie pozyskiwanego soku z mirry namibijskiej, kt\u00f3ry subtelnie \u0142\u0105czy si\u0119 z ciep\u0142ymi akcentami migda\u0142\u00f3w i kremow\u0105 nut\u0105 wanilii.<\/p>\n<p><b>Nuty zapachowe:<br \/><\/b><br \/><b>Nuta g\u0142owy: <\/b>lawenda<br \/><b>Nuta serca: <\/b>mirra<br \/><b>Nuta bazy: <\/b>fasolka tonka, wanilia, migda\u0142<\/p>\n<p><strong>Gramatura:<\/strong> g<br \/>\n<strong>Linia k\u0105pielowa:<\/strong> \u015bwieczka zapachowa<br \/>\n<strong>Nuta bazy:<\/strong> fasolka tonka, migda\u0142 , wanilia<br \/>\n<strong>Nuta g\u0142owy:<\/strong> lawenda<br \/>\n<strong>Nuta g\u0142\u00f3wna:<\/strong> aromatyczne, bursztynowe<br \/>\n<strong>Nuta serca:<\/strong> mirra<br \/>\n<strong>Pojemno\u015b\u0107:<\/strong> 200<br \/>\n<strong>P\u0142e\u0107:<\/strong> unisex<\/p>\n<p><strong>Uwagi:<\/strong><\/p>\n<p>Aby zapewni\u0107 optymalne dzia\u0142anie i zapobiec tworzeniu si\u0119 tuneli woskowych, pal \u015bwiec\u0119, a\u017c wosk si\u0119 roztopi i zbierze do kraw\u0119dzi. Zga\u015b p\u0142omie\u0144 pokrywk\u0105. Przed ponownym zapaleniem poczekaj, a\u017c \u015bwieca stwardnieje. Przytnij knot mi\u0119dzy u\u017cyciami, upewniaj\u0105c si\u0119, \u017ce nie jest d\u0142u\u017cszy ni\u017c 6 mm. Chro\u0144 powierzchni\u0119, na kt\u00f3rej stoi \u015bwieca. Nie pal \u015bwiecy d\u0142u\u017cej ni\u017c cztery godziny na raz. Nie pozostawiaj \u015bwiecy bez nadzoru ani w zasi\u0119gu dzieci lub zwierz\u0105t domowych.<\/p>\n<p><strong>Sk\u0142adniki:<\/strong><\/p>\n<p>wax<\/p>\n","protected":false},"excerpt":{"rendered":"<p> <strong>Gramatura:<\/strong> g<br \/>  <strong>Linia k\u0105pielowa:<\/strong> \u015bwieczka zapachowa<br \/>  <strong>Nuta bazy:<\/strong> fasolka tonka, migda\u0142 , wanilia<br \/>  <strong>Nuta g\u0142owy:<\/strong> lawenda<br \/>  <strong>Nuta g\u0142\u00f3wna:<\/strong> aromatyczne, bursztynowe<br \/>  <strong>Nuta serca:<\/strong> mirra<br \/>  <strong>Pojemno\u015b\u0107:<\/strong> 200<br \/>  <strong>P\u0142e\u0107:<\/strong> unisex <\/p>\n","protected":false},"featured_media":46477,"comment_status":"open","ping_status":"closed","template":"","meta":{"_acf_changed":false},"kategoria-hurtowni":[120,87],"product_brand":[313],"product_cat":[76],"product_tag":[],"class_list":{"0":"post-46476","1":"product","2":"type-product","3":"status-publish","4":"has-post-thumbnail","6":"kategoria-hurtowni-linia-kapielowa","7":"kategoria-hurtowni-perfumy","8":"product_brand-jo-malone","9":"product_cat-primavera","11":"first","12":"outofstock","13":"taxable","14":"shipping-taxable","15":"product-type-simple"},"acf":[],"_links":{"self":[{"href":"https:\/\/premino.pl\/index.php?rest_route=\/wp\/v2\/product\/46476","targetHints":{"allow":["GET"]}}],"collection":[{"href":"https:\/\/premino.pl\/index.php?rest_route=\/wp\/v2\/product"}],"about":[{"href":"https:\/\/premino.pl\/index.php?rest_route=\/wp\/v2\/types\/product"}],"replies":[{"embeddable":true,"href":"https:\/\/premino.pl\/index.php?rest_route=%2Fwp%2Fv2%2Fcomments&post=46476"}],"wp:featuredmedia":[{"embeddable":true,"href":"https:\/\/premino.pl\/index.php?rest_route=\/wp\/v2\/media\/46477"}],"wp:attachment":[{"href":"https:\/\/premino.pl\/index.php?rest_route=%2Fwp%2Fv2%2Fmedia&parent=46476"}],"wp:term":[{"taxonomy":"kategoria-hurtowni","embeddable":true,"href":"https:\/\/premino.pl\/index.php?rest_route=%2Fwp%2Fv2%2Fkategoria-hurtowni&post=46476"},{"taxonomy":"product_brand","embeddable":true,"href":"https:\/\/premino.pl\/index.php?rest_route=%2Fwp%2Fv2%2Fproduct_brand&post=46476"},{"taxonomy":"product_cat","embeddable":true,"href":"https:\/\/premino.pl\/index.php?rest_route=%2Fwp%2Fv2%2Fproduct_cat&post=46476"},{"taxonomy":"product_tag","embeddable":true,"href":"https:\/\/premino.pl\/index.php?rest_route=%2Fwp%2Fv2%2Fproduct_tag&post=46476"}],"curies":[{"name":"wp","href":"https:\/\/api.w.org\/{rel}","templated":true}]}}