{"id":46486,"date":"2026-05-13T14:09:01","date_gmt":"2026-05-13T12:09:01","guid":{"rendered":"https:\/\/premino.pl\/?product=mon-bourjois-la-captivante-woda-perfumowana-spray-50ml"},"modified":"2026-05-13T14:09:01","modified_gmt":"2026-05-13T12:09:01","slug":"mon-bourjois-la-captivante-woda-perfumowana-spray-50ml","status":"publish","type":"product","link":"https:\/\/premino.pl\/?product=mon-bourjois-la-captivante-woda-perfumowana-spray-50ml","title":{"rendered":"Mon Bourjois La Captivante woda perfumowana spray 50ml"},"content":{"rendered":"<p>Pi\u017cmowa kompozycja, kt\u00f3ra otula sk\u00f3r\u0119 mi\u0119kk\u0105, kremow\u0105 aur\u0105.<\/p>\n<p><b>Nuty zapachowe:<br \/><\/b><br \/><b>Nuta g\u0142owy: <\/b>grejpfrut<br \/><b>Nuta serca: <\/b>korze\u0144 irysa<br \/><b>Nuta bazy: <\/b>pi\u017cmo<\/p>\n<p><strong>Gramatura:<\/strong> ml<br \/>\n<strong>Linia k\u0105pielowa:<\/strong> nie<br \/>\n<strong>Miniatura:<\/strong> nie<br \/>\n<strong>Nuta bazy:<\/strong> pi\u017cmo<br \/>\n<strong>Nuta g\u0142owy:<\/strong> grejpfrut<br \/>\n<strong>Nuta g\u0142\u00f3wna:<\/strong> drzewne, kwiatowe, pi\u017cmowe<br \/>\n<strong>Nuta serca:<\/strong> korze\u0144 irysa<br \/>\n<strong>Pojemno\u015b\u0107:<\/strong> 50<br \/>\n<strong>Produkt rzadki:<\/strong> nie<br \/>\n<strong>Pr\u00f3bka:<\/strong> nie<br \/>\n<strong>P\u0142e\u0107:<\/strong> damski<br \/>\n<strong>Rodzaj:<\/strong> woda perfumowana<br \/>\n<strong>Tester:<\/strong> nie<br \/>\n<strong>Zapach alternatywny:<\/strong> nie<br \/>\n<strong>Zestaw:<\/strong> nie<\/p>\n<p><strong>Uwagi:<\/strong><\/p>\n<p>Produkt przechowywa\u0107 z dala od ognia i \u017ar\u00f3de\u0142 ciep\u0142a. Trzyma\u0107 w miejscu niedost\u0119pnym dla dzieci. Nie stosowa\u0107 na podra\u017cnion\u0105 lub uszkodzon\u0105 sk\u00f3r\u0119. Unika\u0107 kontaktu z oczami.<\/p>\n<p><strong>Sk\u0142adniki:<\/strong><\/p>\n<p>Alcohol Denat., Aqua\/Water\/Eau, Parfum\/Fragrance, Ethylhexyl Salicylate, Butyl Methoxydibenzoylmethane, Limonene, Linalool, Farnesol, Citronellol, Coumarin, Alcohol, Citric Acid, Tris(Tetramethylhydroxypiperidinol) Citrate, Citral, Geraniol, Yellow 5 (CI 19140), Red 33 (CI 17200).<\/p>\n","protected":false},"excerpt":{"rendered":"<p> <strong>Gramatura:<\/strong> ml<br \/>  <strong>Linia k\u0105pielowa:<\/strong> nie<br \/>  <strong>Miniatura:<\/strong> nie<br \/>  <strong>Nuta bazy:<\/strong> pi\u017cmo<br \/>  <strong>Nuta g\u0142owy:<\/strong> grejpfrut<br \/>  <strong>Nuta g\u0142\u00f3wna:<\/strong> drzewne, kwiatowe, pi\u017cmowe<br \/>  <strong>Nuta serca:<\/strong> korze\u0144 irysa<br \/>  <strong>Pojemno\u015b\u0107:<\/strong> 50<br \/>  <strong>Produkt rzadki:<\/strong> nie<br \/>  <strong>Pr\u00f3bka:<\/strong> nie<br \/>  <strong>P\u0142e\u0107:<\/strong> damski<br \/>  <strong>Rodzaj:<\/strong> woda perfumowana<br \/>  <strong>Tester:<\/strong> nie<br \/>  <strong>Zapach alternatywny:<\/strong> nie<br \/>  <strong>Zestaw:<\/strong> nie <\/p>\n","protected":false},"featured_media":46487,"comment_status":"open","ping_status":"closed","template":"","meta":{"_acf_changed":false},"kategoria-hurtowni":[87,88],"product_brand":[443],"product_cat":[76],"product_tag":[],"class_list":{"0":"post-46486","1":"product","2":"type-product","3":"status-publish","4":"has-post-thumbnail","6":"kategoria-hurtowni-perfumy","7":"kategoria-hurtowni-zapachy","8":"product_brand-bourjois","9":"product_cat-primavera","11":"first","12":"outofstock","13":"taxable","14":"shipping-taxable","15":"product-type-simple"},"acf":[],"_links":{"self":[{"href":"https:\/\/premino.pl\/index.php?rest_route=\/wp\/v2\/product\/46486","targetHints":{"allow":["GET"]}}],"collection":[{"href":"https:\/\/premino.pl\/index.php?rest_route=\/wp\/v2\/product"}],"about":[{"href":"https:\/\/premino.pl\/index.php?rest_route=\/wp\/v2\/types\/product"}],"replies":[{"embeddable":true,"href":"https:\/\/premino.pl\/index.php?rest_route=%2Fwp%2Fv2%2Fcomments&post=46486"}],"wp:featuredmedia":[{"embeddable":true,"href":"https:\/\/premino.pl\/index.php?rest_route=\/wp\/v2\/media\/46487"}],"wp:attachment":[{"href":"https:\/\/premino.pl\/index.php?rest_route=%2Fwp%2Fv2%2Fmedia&parent=46486"}],"wp:term":[{"taxonomy":"kategoria-hurtowni","embeddable":true,"href":"https:\/\/premino.pl\/index.php?rest_route=%2Fwp%2Fv2%2Fkategoria-hurtowni&post=46486"},{"taxonomy":"product_brand","embeddable":true,"href":"https:\/\/premino.pl\/index.php?rest_route=%2Fwp%2Fv2%2Fproduct_brand&post=46486"},{"taxonomy":"product_cat","embeddable":true,"href":"https:\/\/premino.pl\/index.php?rest_route=%2Fwp%2Fv2%2Fproduct_cat&post=46486"},{"taxonomy":"product_tag","embeddable":true,"href":"https:\/\/premino.pl\/index.php?rest_route=%2Fwp%2Fv2%2Fproduct_tag&post=46486"}],"curies":[{"name":"wp","href":"https:\/\/api.w.org\/{rel}","templated":true}]}}