{"id":46494,"date":"2026-05-13T14:09:01","date_gmt":"2026-05-13T12:09:01","guid":{"rendered":"https:\/\/premino.pl\/?product=microbiomic-clay-multi-cleanser-glinka-oczyszczajaca-75ml"},"modified":"2026-05-13T14:09:03","modified_gmt":"2026-05-13T12:09:03","slug":"microbiomic-clay-multi-cleanser-glinka-oczyszczajaca-75ml","status":"publish","type":"product","link":"https:\/\/premino.pl\/?product=microbiomic-clay-multi-cleanser-glinka-oczyszczajaca-75ml","title":{"rendered":"Microbiomic Clay Multi-Cleanser glinka oczyszczaj\u0105ca 75ml"},"content":{"rendered":"<p><b>Produkt 2w1 \u2013 delikatne oczyszczenie i piel\u0119gnacja<br \/><\/b>Delikatnie oczyszczaj\u0105ca maska 2w1 z prebiotykami, probiotykami i glink\u0105 kaolinow\u0105 skutecznie usuwa zanieczyszczenia oraz rozpuszczalny w wodzie makija\u017c oczu i ust. Doskonale oczyszcza sk\u00f3r\u0119, nie naruszaj\u0105c jej mikrobiomu i nie wysuszaj\u0105c. W formie maseczki dzia\u0142a g\u0142\u0119boko, absorbuj\u0105c nadmiar sebum i pozostawiaj\u0105c cer\u0119 \u015bwie\u017c\u0105, promienn\u0105 i odpowiednio przygotowan\u0105 do dalszej piel\u0119gnacji.<\/p>\n<p>Dla sk\u00f3ry oczyszczonej, promiennej i zadbanej.<\/p>\n<p><b>Kluczowe sk\u0142adniki aktywne<\/b><br \/>\u2022 Postbiotyki z probiotyk\u00f3w \u2013 wspieraj\u0105 flor\u0119 mikrobiomu, zwi\u0119kszaj\u0105 poziom bia\u0142ek i enzym\u00f3w niezb\u0119dnych do odnowy sk\u00f3ry, wspomagaj\u0105c jej adaptacj\u0119 i op\u00f3\u017aniaj\u0105c oznaki starzenia.<br \/>\u2022 Ekstrakt z kory czerwonego klonu \u2013 naturalny przeciwutleniacz z bioaktywnymi polifenolami, chroni sk\u00f3r\u0119 przed stresem oksydacyjnym i wspiera jej odporno\u015b\u0107.<br \/>\u2022 Glinka kaolinowa \u2013 koi, matuje i reguluje nadmiar sebum.<br \/>\u2022 Cenne oleje ro\u015blinne (s\u0142onecznikowy, z pestek winogron) \u2013 bogate w kwas linolowy i przeciwutleniacze, intensywnie nawil\u017caj\u0105, poprawiaj\u0105 elastyczno\u015b\u0107 i wspieraj\u0105 barier\u0119 ochronn\u0105 sk\u00f3ry.<\/p>\n<p><b>Dzia\u0142anie<br \/><\/b>\u2022 Delikatne, a skuteczne oczyszczanie bez naruszenia mikrobiomu<br \/>\u2022 Regulacja wydzielania sebum<br \/>\u2022 Wzmocnienie bariery ochronnej sk\u00f3ry<br \/>\u2022 Przygotowanie cery do dalszej piel\u0119gnacji<\/p>\n<p><b>Spos\u00f3b u\u017cycia<br \/><\/b>Codzienne oczyszczanie: na\u0142o\u017cy\u0107 na such\u0105 sk\u00f3r\u0119 twarzy, szyi i dekoltu, zwil\u017conymi opuszkami palc\u00f3w rozmasowa\u0107, a nast\u0119pnie sp\u0142uka\u0107 wod\u0105.<br \/>Maseczka oczyszczaj\u0105ca (2\u20133 razy w tygodniu): cienk\u0105 warstw\u0119 na\u0142o\u017cy\u0107 na oczyszczon\u0105 sk\u00f3r\u0119, pozostawi\u0107 na oko\u0142o 10 minut, a nast\u0119pnie dok\u0142adnie sp\u0142uka\u0107 ciep\u0142\u0105 wod\u0105.<\/p>\n<p><strong>Dzia\u0142anie:<\/strong> chroni, matuj\u0105ce, oczyszczaj\u0105ce, redukcja por\u00f3w<br \/>\n<strong>Gramatura:<\/strong> ml<br \/>\n<strong>Konsystencja:<\/strong> emulsja<br \/>\n<strong>Linie elitarne:<\/strong> tak<br \/>\n<strong>Piel\u0119gnacja specyficzna:<\/strong> maska<br \/>\n<strong>Pojemno\u015b\u0107:<\/strong> 75<br \/>\n<strong>Pora stosowania:<\/strong> dowolnie<br \/>\n<strong>P\u0142e\u0107:<\/strong> damski<br \/>\n<strong>Rodzaj sk\u00f3ry:<\/strong> dojrza\u0142a, m\u0142oda<br \/>\n<strong>S\u0142o\u0144ce:<\/strong> nie<br \/>\n<strong>Typ sk\u00f3ry:<\/strong> mieszana\/t\u0142usta<\/p>\n<p><strong>Uwagi:<\/strong><\/p>\n<p>Tylko do u\u017cytku zewn\u0119trznego.<\/p>\n<p><strong>Sk\u0142adniki:<\/strong><\/p>\n<p>AQUA\/WATER\/EAU, CETEARYL ALCOHOL, KAOLIN, CI 77891 (TITANIUM DIOXIDE), HELIANTHUS ANNUUS (SUNFLOWER) SEED OIL, GLYCERIN, C12-15 ALKYL BENZOATE, LACTOCOCCUS FERMENT LYSATE, DECYL GLUCOSIDE, COCO-GLUCOSIDE, HYDROLYZED YEAST PROTEIN, VITIS VINIFERA (GRAPE) SEED OIL, CETEARYL GLUCOSIDE, ACER RUBRUM BARK EXTRACT, COPERNICIA CERIFERA (CARNAUBA) WAX, PENTYLENE GLYCOL, TOCOPHEROL, LACTIC ACID, XANTHAN GUM, BUTYLENE GLYCOL, SODIUM CETEARYL SULFATE, PARFUM (FRAGRANCE), SODIUM CHLORIDE, CITRIC ACID, ETHYLHEXYLGLYCERIN, PHENOXYETHANOL, SODIUM BENZOATE, LIMONENE, CI 77288 (CHROMIUM OXIDE GREENS)<\/p>\n","protected":false},"excerpt":{"rendered":"<p> <strong>Dzia\u0142anie:<\/strong> chroni, matuj\u0105ce, oczyszczaj\u0105ce, redukcja por\u00f3w<br \/>  <strong>Gramatura:<\/strong> ml<br \/>  <strong>Konsystencja:<\/strong> emulsja<br \/>  <strong>Linie elitarne:<\/strong> tak<br \/>  <strong>Piel\u0119gnacja specyficzna:<\/strong> maska<br \/>  <strong>Pojemno\u015b\u0107:<\/strong> 75<br \/>  <strong>Pora stosowania:<\/strong> dowolnie<br \/>  <strong>P\u0142e\u0107:<\/strong> damski<br \/>  <strong>Rodzaj sk\u00f3ry:<\/strong> dojrza\u0142a, m\u0142oda<br \/>  <strong>S\u0142o\u0144ce:<\/strong> nie<br \/>  <strong>Typ sk\u00f3ry:<\/strong> mieszana\/t\u0142usta <\/p>\n","protected":false},"featured_media":46495,"comment_status":"open","ping_status":"closed","template":"","meta":{"_acf_changed":false},"kategoria-hurtowni":[90,109,110],"product_brand":[611],"product_cat":[76],"product_tag":[],"class_list":{"0":"post-46494","1":"product","2":"type-product","3":"status-publish","4":"has-post-thumbnail","6":"kategoria-hurtowni-pielegnacja","7":"kategoria-hurtowni-pielegnacja-twarzy-pielegnacja","8":"kategoria-hurtowni-twarz-pielegnacja-twarzy-pielegnacja","9":"product_brand-babor","10":"product_cat-primavera","12":"first","13":"outofstock","14":"taxable","15":"shipping-taxable","16":"product-type-simple"},"acf":[],"_links":{"self":[{"href":"https:\/\/premino.pl\/index.php?rest_route=\/wp\/v2\/product\/46494","targetHints":{"allow":["GET"]}}],"collection":[{"href":"https:\/\/premino.pl\/index.php?rest_route=\/wp\/v2\/product"}],"about":[{"href":"https:\/\/premino.pl\/index.php?rest_route=\/wp\/v2\/types\/product"}],"replies":[{"embeddable":true,"href":"https:\/\/premino.pl\/index.php?rest_route=%2Fwp%2Fv2%2Fcomments&post=46494"}],"wp:featuredmedia":[{"embeddable":true,"href":"https:\/\/premino.pl\/index.php?rest_route=\/wp\/v2\/media\/46495"}],"wp:attachment":[{"href":"https:\/\/premino.pl\/index.php?rest_route=%2Fwp%2Fv2%2Fmedia&parent=46494"}],"wp:term":[{"taxonomy":"kategoria-hurtowni","embeddable":true,"href":"https:\/\/premino.pl\/index.php?rest_route=%2Fwp%2Fv2%2Fkategoria-hurtowni&post=46494"},{"taxonomy":"product_brand","embeddable":true,"href":"https:\/\/premino.pl\/index.php?rest_route=%2Fwp%2Fv2%2Fproduct_brand&post=46494"},{"taxonomy":"product_cat","embeddable":true,"href":"https:\/\/premino.pl\/index.php?rest_route=%2Fwp%2Fv2%2Fproduct_cat&post=46494"},{"taxonomy":"product_tag","embeddable":true,"href":"https:\/\/premino.pl\/index.php?rest_route=%2Fwp%2Fv2%2Fproduct_tag&post=46494"}],"curies":[{"name":"wp","href":"https:\/\/api.w.org\/{rel}","templated":true}]}}