{"id":46510,"date":"2026-05-13T14:09:08","date_gmt":"2026-05-13T12:09:08","guid":{"rendered":"https:\/\/premino.pl\/?product=pura-woda-perfumowana-spray-100ml"},"modified":"2026-05-13T14:09:09","modified_gmt":"2026-05-13T12:09:09","slug":"pura-woda-perfumowana-spray-100ml","status":"publish","type":"product","link":"https:\/\/premino.pl\/?product=pura-woda-perfumowana-spray-100ml","title":{"rendered":"Pura woda perfumowana spray 100ml"},"content":{"rendered":"<p>W luksusowym szklanym flakonie, inspirowanym kultowym projektem Furli, ka\u017cdy detal zosta\u0142 starannie dopracowany, aby podkre\u015bli\u0107 wyj\u0105tkowy charakter zapachu. Pura otwiera si\u0119 \u015bwie\u017c\u0105, s\u0142oneczn\u0105 w\u0142osk\u0105 bergamotk\u0105, kt\u00f3ra harmonijnie wsp\u00f3\u0142gra z subtelnym aromatem indyjskiego ja\u015bminu. Nast\u0119pnie delikatna francuska mimoza \u0142\u0105czy si\u0119 z koj\u0105cym ciep\u0142em drewna bursztynowego, tworz\u0105c bukiet pe\u0142en \u015bwiat\u0142a i wyrafinowanej harmonii. Pura \u2013 dla tych, kt\u00f3rzy ceni\u0105 pi\u0119kno, nowoczesno\u015b\u0107 i niezapomniane doznania zmys\u0142owe.<\/p>\n<p><b>Nuty zapachowe:<br \/><\/b><br \/><b>Nuta g\u0142owy: <\/b>frezja, imbir, bergamotka<br \/><b>Nuta serca: <\/b>gardenia, moleku\u0142a mugane, ja\u015bmin, mimoza<br \/><b>Nuta bazy: <\/b>drewno z morza, orcanox, drzewo bursztynowe<\/p>\n<p><strong>Gramatura:<\/strong> ml<br \/>\n<strong>Linia k\u0105pielowa:<\/strong> nie<br \/>\n<strong>Miniatura:<\/strong> nie<br \/>\n<strong>Nuta bazy:<\/strong> drewno z morza, drzewo bursztynowe, orcanox<br \/>\n<strong>Nuta g\u0142owy:<\/strong> bergamotka, frezja, imbir<br \/>\n<strong>Nuta g\u0142\u00f3wna:<\/strong> delikatna, kwiatowe<br \/>\n<strong>Nuta serca:<\/strong> gardenia, ja\u015bmin, mimoza, moleku\u0142a mugane<br \/>\n<strong>Pojemno\u015b\u0107:<\/strong> 100<br \/>\n<strong>Produkt rzadki:<\/strong> nie<br \/>\n<strong>Pr\u00f3bka:<\/strong> nie<br \/>\n<strong>P\u0142e\u0107:<\/strong> damski<br \/>\n<strong>Rodzaj:<\/strong> woda perfumowana<br \/>\n<strong>Tester:<\/strong> nie<br \/>\n<strong>Zapach alternatywny:<\/strong> nie<br \/>\n<strong>Zestaw:<\/strong> nie<\/p>\n<p><strong>Uwagi:<\/strong><\/p>\n<p>Produkt przechowywa\u0107 z dala od ognia i \u017ar\u00f3de\u0142 ciep\u0142a. Trzyma\u0107 w miejscu niedost\u0119pnym dla dzieci. Nie stosowa\u0107 na podra\u017cnion\u0105 lub uszkodzon\u0105 sk\u00f3r\u0119. Unika\u0107 kontaktu z oczami.<\/p>\n<p><strong>Sk\u0142adniki:<\/strong><\/p>\n<p>Alcohol Denat, Aqua, Parfum, Tetramethyl Acetyloctahydronaphthalenes, Pentaerythrityl Tetra-Di-T-Butyl Hydroxyhydrocinnamate, Butyl Methoxydibenzoylmethane, Ethylhexyl Methoxycinnamate, Ethylhexyl Salicylate, Linalyl Acetate, Linalool, Vanillin, Dimethyl Phenethyl Acetate, Hexamethylindanopyran, Geranyl Acetate, Benzyl Salicylate, Hydroxycitronellal, Limonene, Geraniol, Citronellol, Citrus Aurantium Peel Oil, Citral, Benzyl Alcohol, Pinene, Rose Ketones, Jasmine Oil\/Extract, Anise Alcohol, Rose Flower Oil\/Extract, Terpineol, CI 60730 [Ext. D&#038;C Violet 2].<\/p>\n","protected":false},"excerpt":{"rendered":"<p> <strong>Gramatura:<\/strong> ml<br \/>  <strong>Linia k\u0105pielowa:<\/strong> nie<br \/>  <strong>Miniatura:<\/strong> nie<br \/>  <strong>Nuta bazy:<\/strong> drewno z morza, drzewo bursztynowe, orcanox<br \/>  <strong>Nuta g\u0142owy:<\/strong> bergamotka, frezja, imbir<br \/>  <strong>Nuta g\u0142\u00f3wna:<\/strong> delikatna, kwiatowe<br \/>  <strong>Nuta serca:<\/strong> gardenia, ja\u015bmin, mimoza, moleku\u0142a mugane<br \/>  <strong>Pojemno\u015b\u0107:<\/strong> 100<br \/>  <strong>Produkt rzadki:<\/strong> nie<br \/>  <strong>Pr\u00f3bka:<\/strong> nie<br \/>  <strong>P\u0142e\u0107:<\/strong> damski<br \/>  <strong>Rodzaj:<\/strong> woda perfumowana<br \/>  <strong>Tester:<\/strong> nie<br \/>  <strong>Zapach alternatywny:<\/strong> nie<br \/>  <strong>Zestaw:<\/strong> nie <\/p>\n","protected":false},"featured_media":46511,"comment_status":"open","ping_status":"closed","template":"","meta":{"_acf_changed":false},"kategoria-hurtowni":[87,88],"product_brand":[612],"product_cat":[76],"product_tag":[],"class_list":{"0":"post-46510","1":"product","2":"type-product","3":"status-publish","4":"has-post-thumbnail","6":"kategoria-hurtowni-perfumy","7":"kategoria-hurtowni-zapachy","8":"product_brand-furla","9":"product_cat-primavera","11":"first","12":"outofstock","13":"taxable","14":"shipping-taxable","15":"product-type-simple"},"acf":[],"_links":{"self":[{"href":"https:\/\/premino.pl\/index.php?rest_route=\/wp\/v2\/product\/46510","targetHints":{"allow":["GET"]}}],"collection":[{"href":"https:\/\/premino.pl\/index.php?rest_route=\/wp\/v2\/product"}],"about":[{"href":"https:\/\/premino.pl\/index.php?rest_route=\/wp\/v2\/types\/product"}],"replies":[{"embeddable":true,"href":"https:\/\/premino.pl\/index.php?rest_route=%2Fwp%2Fv2%2Fcomments&post=46510"}],"wp:featuredmedia":[{"embeddable":true,"href":"https:\/\/premino.pl\/index.php?rest_route=\/wp\/v2\/media\/46511"}],"wp:attachment":[{"href":"https:\/\/premino.pl\/index.php?rest_route=%2Fwp%2Fv2%2Fmedia&parent=46510"}],"wp:term":[{"taxonomy":"kategoria-hurtowni","embeddable":true,"href":"https:\/\/premino.pl\/index.php?rest_route=%2Fwp%2Fv2%2Fkategoria-hurtowni&post=46510"},{"taxonomy":"product_brand","embeddable":true,"href":"https:\/\/premino.pl\/index.php?rest_route=%2Fwp%2Fv2%2Fproduct_brand&post=46510"},{"taxonomy":"product_cat","embeddable":true,"href":"https:\/\/premino.pl\/index.php?rest_route=%2Fwp%2Fv2%2Fproduct_cat&post=46510"},{"taxonomy":"product_tag","embeddable":true,"href":"https:\/\/premino.pl\/index.php?rest_route=%2Fwp%2Fv2%2Fproduct_tag&post=46510"}],"curies":[{"name":"wp","href":"https:\/\/api.w.org\/{rel}","templated":true}]}}