{"id":46588,"date":"2026-05-13T14:09:36","date_gmt":"2026-05-13T12:09:36","guid":{"rendered":"https:\/\/premino.pl\/?product=bronzing-gel-zel-brazujacy-bg61-50ml"},"modified":"2026-05-13T14:09:37","modified_gmt":"2026-05-13T12:09:37","slug":"bronzing-gel-zel-brazujacy-bg61-50ml","status":"publish","type":"product","link":"https:\/\/premino.pl\/?product=bronzing-gel-zel-brazujacy-bg61-50ml","title":{"rendered":"Bronzing Gel \u017cel br\u0105zuj\u0105cy BG61 50ml"},"content":{"rendered":"<p>Koloryzuj\u0105cy \u017cel o zaskakuj\u0105co orze\u017awiaj\u0105cej konsystencji zawieraj\u0105cej 70% wody. Nawil\u017ca i chroni sk\u00f3r\u0119, jednocze\u015bnie otulaj\u0105c j\u0105 br\u0105zowym kolorem i nadaj\u0105c jedwabiste wyko\u0144czenie.<\/p>\n<p><b>Spos\u00f3b u\u017cycia:\u00a0<\/b>Aplikowa\u0107 po na\u0142o\u017ceniu bazy pod makija\u017c.<\/p>\n<p><strong>Br\u0105zuj\u0105cy:<\/strong> tak<br \/>\n<strong>Dzia\u0142anie:<\/strong> nawil\u017caj\u0105ce, wyg\u0142adzaj\u0105ce<br \/>\n<strong>Forma podania:<\/strong> tuba<br \/>\n<strong>Gramatura:<\/strong> ml<br \/>\n<strong>Kolor:<\/strong> BG61<br \/>\n<strong>Pojemno\u015b\u0107:<\/strong> 50<br \/>\n<strong>P\u0142e\u0107:<\/strong> damski<br \/>\n<strong>Rodzaj sk\u00f3ry:<\/strong> bardzo sucha, mieszana\/t\u0142usta, normalna<br \/>\n<strong>SPF:<\/strong> 6<br \/>\n<strong>S\u0142o\u0144ce:<\/strong> tak<br \/>\n<strong>Trwa\u0142o\u015b\u0107:<\/strong> normalna<br \/>\n<strong>Wk\u0142ad:<\/strong> nie<\/p>\n<p><strong>Uwagi:<\/strong><\/p>\n<p>Unika\u0107 kontaktu z oczami.<\/p>\n<p><strong>Sk\u0142adniki:<\/strong><\/p>\n<p>Aqua, Alcohol, Ethylhexyl Methoxycinnamate, Butylene Glycol, Talc, Methyl Trimethicone, Sorbitan Isostearate, Phenyl Trimethicone, Aminomethyl Propanol, Mica, Acrylates\/C10\u201130 Alkyl Acrylate Crosspolymer, Carbomer, Squalane, Macadamia Ternifolia Seed Oil, Synthetic Fluorphlogopite, Disodium EDTA, Parfum, Xanthan Gum, Aluminum Hydroxide, Hydrated Silica, Ammonium Glycyrrhizate, Hydrolyzed Silk, BHT, Methicone, Oryza Sativa Bran Extract, Phenoxyethanol, Benzoic Acid, Tocopherol, May Contain(+\/\u2011) : CI 77491, CI 77492, CI 77499, CI 77891, CI 77947.<\/p>\n","protected":false},"excerpt":{"rendered":"<p> <strong>Br\u0105zuj\u0105cy:<\/strong> tak<br \/>  <strong>Dzia\u0142anie:<\/strong> nawil\u017caj\u0105ce, wyg\u0142adzaj\u0105ce<br \/>  <strong>Forma podania:<\/strong> tuba<br \/>  <strong>Gramatura:<\/strong> ml<br \/>  <strong>Kolor:<\/strong> BG61<br \/>  <strong>Pojemno\u015b\u0107:<\/strong> 50<br \/>  <strong>P\u0142e\u0107:<\/strong> damski<br \/>  <strong>Rodzaj sk\u00f3ry:<\/strong> bardzo sucha, mieszana\/t\u0142usta, normalna<br \/>  <strong>SPF:<\/strong> 6<br \/>  <strong>S\u0142o\u0144ce:<\/strong> tak<br \/>  <strong>Trwa\u0142o\u015b\u0107:<\/strong> normalna<br \/>  <strong>Wk\u0142ad:<\/strong> nie <\/p>\n","protected":false},"featured_media":46589,"comment_status":"open","ping_status":"closed","template":"","meta":{"_acf_changed":false},"kategoria-hurtowni":[83,129,190],"product_brand":[615],"product_cat":[76],"product_tag":[],"class_list":{"0":"post-46588","1":"product","2":"type-product","3":"status-publish","4":"has-post-thumbnail","6":"kategoria-hurtowni-makijaz","7":"kategoria-hurtowni-makijaz-twarz","8":"kategoria-hurtowni-podklad","9":"product_brand-sensai","10":"product_cat-primavera","12":"first","13":"outofstock","14":"taxable","15":"shipping-taxable","16":"product-type-simple"},"acf":[],"_links":{"self":[{"href":"https:\/\/premino.pl\/index.php?rest_route=\/wp\/v2\/product\/46588","targetHints":{"allow":["GET"]}}],"collection":[{"href":"https:\/\/premino.pl\/index.php?rest_route=\/wp\/v2\/product"}],"about":[{"href":"https:\/\/premino.pl\/index.php?rest_route=\/wp\/v2\/types\/product"}],"replies":[{"embeddable":true,"href":"https:\/\/premino.pl\/index.php?rest_route=%2Fwp%2Fv2%2Fcomments&post=46588"}],"wp:featuredmedia":[{"embeddable":true,"href":"https:\/\/premino.pl\/index.php?rest_route=\/wp\/v2\/media\/46589"}],"wp:attachment":[{"href":"https:\/\/premino.pl\/index.php?rest_route=%2Fwp%2Fv2%2Fmedia&parent=46588"}],"wp:term":[{"taxonomy":"kategoria-hurtowni","embeddable":true,"href":"https:\/\/premino.pl\/index.php?rest_route=%2Fwp%2Fv2%2Fkategoria-hurtowni&post=46588"},{"taxonomy":"product_brand","embeddable":true,"href":"https:\/\/premino.pl\/index.php?rest_route=%2Fwp%2Fv2%2Fproduct_brand&post=46588"},{"taxonomy":"product_cat","embeddable":true,"href":"https:\/\/premino.pl\/index.php?rest_route=%2Fwp%2Fv2%2Fproduct_cat&post=46588"},{"taxonomy":"product_tag","embeddable":true,"href":"https:\/\/premino.pl\/index.php?rest_route=%2Fwp%2Fv2%2Fproduct_tag&post=46588"}],"curies":[{"name":"wp","href":"https:\/\/api.w.org\/{rel}","templated":true}]}}