{"id":46606,"date":"2026-05-13T14:09:43","date_gmt":"2026-05-13T12:09:43","guid":{"rendered":"https:\/\/premino.pl\/?product=blooming-blush-roz-do-policzkow-02-blooming-peach-4g"},"modified":"2026-05-13T14:09:43","modified_gmt":"2026-05-13T12:09:43","slug":"blooming-blush-roz-do-policzkow-02-blooming-peach-4g","status":"publish","type":"product","link":"https:\/\/premino.pl\/?product=blooming-blush-roz-do-policzkow-02-blooming-peach-4g","title":{"rendered":"Blooming Blush r\u00f3\u017c do policzk\u00f3w 02 Blooming Peach 4g"},"content":{"rendered":"<p>R\u00f3\u017c w pudrze o jedwabistej konsystencji zapewniaj\u0105cej naturalny blask. Po\u0142\u0105czenie po\u0142yskuj\u0105cego pudru i przejrzystego koloru zapewnia \u015bwie\u017ce wyko\u0144czenie i naturalnie promienn\u0105 cer\u0119.\u00a0\u00a0<\/p>\n<p><b>Stosowanie:\u00a0<\/b>Za pomoc\u0105 do\u0142\u0105czonego p\u0119dzla na\u0142\u00f3\u017c r\u00f3\u017c wzd\u0142u\u017c ko\u015bci policzkowych i rozprowad\u017a r\u00f3wnomiernie.<\/p>\n<p><strong>Br\u0105zuj\u0105cy:<\/strong> nie<br \/>\n<strong>Forma podania:<\/strong> prasowany<br \/>\n<strong>Gramatura:<\/strong> g<br \/>\n<strong>Kolor:<\/strong> 02 Blooming Peach<br \/>\n<strong>Pojemno\u015b\u0107:<\/strong> 4<br \/>\n<strong>P\u0142e\u0107:<\/strong> damski<br \/>\n<strong>S\u0142o\u0144ce:<\/strong> nie<\/p>\n<p><strong>Uwagi:<\/strong><\/p>\n<p>Tylko do u\u017cytku zewn\u0119trznego.<\/p>\n<p><strong>Sk\u0142adniki:<\/strong><\/p>\n<p>Talc, Synthetic Fluorphlogopite, Diisostearyl Malate, Methyl Methacrylate Crosspolymer, Dimethicone, Hydrogenated Castor Oil Isostearate, Phytosteryl\/Isostearyl\/Cetyl\/Stearyl\/Behenyl Dimer Dilinoleate, Sorbitan Sesquiisostearate, Squalane, Mica, Aluminum Distearate, Tocopherol, Serica, Silica, Alumina, Hydrolyzed Silk, Methicone, Tin Oxide, Chlorphenesin, Sodium Dehydroacetate, Phenoxyethanol, May Contain(+\/\u2011) : CI 15850, CI 19140, CI 73360, CI 77007, CI 77120, CI 77491, CI 77492, CI 77499, CI 77891<\/p>\n","protected":false},"excerpt":{"rendered":"<p> <strong>Br\u0105zuj\u0105cy:<\/strong> nie<br \/>  <strong>Forma podania:<\/strong> prasowany<br \/>  <strong>Gramatura:<\/strong> g<br \/>  <strong>Kolor:<\/strong> 02 Blooming Peach<br \/>  <strong>Pojemno\u015b\u0107:<\/strong> 4<br \/>  <strong>P\u0142e\u0107:<\/strong> damski<br \/>  <strong>S\u0142o\u0144ce:<\/strong> nie <\/p>\n","protected":false},"featured_media":46607,"comment_status":"open","ping_status":"closed","template":"","meta":{"_acf_changed":false},"kategoria-hurtowni":[83,129,183],"product_brand":[615],"product_cat":[76],"product_tag":[],"class_list":{"0":"post-46606","1":"product","2":"type-product","3":"status-publish","4":"has-post-thumbnail","6":"kategoria-hurtowni-makijaz","7":"kategoria-hurtowni-makijaz-twarz","8":"kategoria-hurtowni-roze","9":"product_brand-sensai","10":"product_cat-primavera","12":"first","13":"outofstock","14":"taxable","15":"shipping-taxable","16":"product-type-simple"},"acf":[],"_links":{"self":[{"href":"https:\/\/premino.pl\/index.php?rest_route=\/wp\/v2\/product\/46606","targetHints":{"allow":["GET"]}}],"collection":[{"href":"https:\/\/premino.pl\/index.php?rest_route=\/wp\/v2\/product"}],"about":[{"href":"https:\/\/premino.pl\/index.php?rest_route=\/wp\/v2\/types\/product"}],"replies":[{"embeddable":true,"href":"https:\/\/premino.pl\/index.php?rest_route=%2Fwp%2Fv2%2Fcomments&post=46606"}],"wp:featuredmedia":[{"embeddable":true,"href":"https:\/\/premino.pl\/index.php?rest_route=\/wp\/v2\/media\/46607"}],"wp:attachment":[{"href":"https:\/\/premino.pl\/index.php?rest_route=%2Fwp%2Fv2%2Fmedia&parent=46606"}],"wp:term":[{"taxonomy":"kategoria-hurtowni","embeddable":true,"href":"https:\/\/premino.pl\/index.php?rest_route=%2Fwp%2Fv2%2Fkategoria-hurtowni&post=46606"},{"taxonomy":"product_brand","embeddable":true,"href":"https:\/\/premino.pl\/index.php?rest_route=%2Fwp%2Fv2%2Fproduct_brand&post=46606"},{"taxonomy":"product_cat","embeddable":true,"href":"https:\/\/premino.pl\/index.php?rest_route=%2Fwp%2Fv2%2Fproduct_cat&post=46606"},{"taxonomy":"product_tag","embeddable":true,"href":"https:\/\/premino.pl\/index.php?rest_route=%2Fwp%2Fv2%2Fproduct_tag&post=46606"}],"curies":[{"name":"wp","href":"https:\/\/api.w.org\/{rel}","templated":true}]}}