{"id":46624,"date":"2026-05-13T14:09:43","date_gmt":"2026-05-13T12:09:43","guid":{"rendered":"https:\/\/premino.pl\/?product=skin-illusion-full-coverage-podklad-kryjacy-112c-30ml"},"modified":"2026-05-13T14:09:48","modified_gmt":"2026-05-13T12:09:48","slug":"skin-illusion-full-coverage-podklad-kryjacy-112c-30ml","status":"publish","type":"product","link":"https:\/\/premino.pl\/?product=skin-illusion-full-coverage-podklad-kryjacy-112c-30ml","title":{"rendered":"Skin Illusion Full Coverage podk\u0142ad kryj\u0105cy 112C 30ml"},"content":{"rendered":"<p>Podk\u0142ad o wysokim stopniu krycia, stworzony z my\u015bl\u0105 o codziennym u\u017cytkowaniu, kt\u00f3ry zapewnia perfekcyjny i nieskazitelny wygl\u0105d makija\u017cu.<\/p>\n<p>Formu\u0142a gwarantuje trwa\u0142o\u015b\u0107 nawet do 24 godzin oraz komfort noszenia przez ca\u0142y dzie\u0144. Dzi\u0119ki innowacyjnej technologii [Skin Fit Technology] podk\u0142ad idealnie dopasowuje si\u0119 do sk\u00f3ry i pozostaje odporny na codzienne emocje.<\/p>\n<p>24-godzinna ochrona, kt\u00f3ra dotrzyma Ci kroku w ka\u017cdej sytuacji \u2013 pot, wysoka wilgotno\u015b\u0107, u\u015bmiech czy \u0142zy nie wp\u0142ywaj\u0105 na wygl\u0105d cery, pozostawiaj\u0105c j\u0105 \u015bwie\u017c\u0105 i jednolit\u0105.<\/p>\n<p>Podk\u0142ad Skin Illusion Full Coverage jest wyj\u0105tkowo \u0142atwy w aplikacji. Doskonale sprawdza si\u0119 przy nak\u0142adaniu p\u0119dzlem, g\u0105bk\u0105 lub palcami. Wystarczy delikatnie rozprowadzi\u0107 go od \u015brodka twarzy ku zewn\u0119trznym partiom, aby uzyska\u0107 naturalny i trwa\u0142y efekt.<\/p>\n<p><strong>Br\u0105zuj\u0105cy:<\/strong> nie<br \/>\n<strong>Dzia\u0142anie:<\/strong> nawil\u017caj\u0105ce, wyg\u0142adzaj\u0105ce<br \/>\n<strong>Forma podania:<\/strong> s\u0142oik<br \/>\n<strong>Gramatura:<\/strong> ml<br \/>\n<strong>Kolor:<\/strong> 112C<br \/>\n<strong>Pojemno\u015b\u0107:<\/strong> 30<br \/>\n<strong>P\u0142e\u0107:<\/strong> damski<br \/>\n<strong>Rodzaj sk\u00f3ry:<\/strong> bardzo sucha, mieszana\/t\u0142usta, normalna<br \/>\n<strong>Roz\u015bwietlaj\u0105cy:<\/strong> nie<br \/>\n<strong>Stopie\u0144 krycia:<\/strong> mocnokryj\u0105ce, \u015brednie<br \/>\n<strong>S\u0142o\u0144ce:<\/strong> nie<br \/>\n<strong>Trwa\u0142o\u015b\u0107:<\/strong> o przed\u0142u\u017conej trwa\u0142o\u015bci<br \/>\n<strong>Wk\u0142ad:<\/strong> nie<\/p>\n<p><strong>Uwagi:<\/strong><\/p>\n<p>Tylko do u\u017cytku zewn\u0119trznego.<\/p>\n<p><strong>Sk\u0142adniki:<\/strong><\/p>\n<p>AQUA\/WATER\/EAU. CI 77891\/TITANIUM DIOXIDE. METHYL TRIMETHICONE. DIMETHICONE. ALCOHOL. DICAPRYLYL CARBONATE. ACRYLATES\/DIMETHICONE COPOLYMER. BUTYLENE GLYCOL. PEG-9 POLYDIMETHYLSILOXYETHYL DIMETHICONE. PENTYLENE GLYCOL. CI 77492\/IRON OXIDES. DIMETHICONE\/PEG-10\/15 CROSSPOLYMER. POLYGLYCERYL-3 POLYDIMETHYLSILOXYETHYL DIMETHICONE. SODIUM CHLORIDE. SILICA. PARFUM\/FRAGRANCE. STEARALKONIUM HECTORITE. AVENA SATIVA (OAT) KERNEL EXTRACT. GLYCERIN. ALUMINUM HYDROXIDE. HYDROLYZED HYALURONIC ACID. TRIETHOXYCAPRYLYLSILANE. CI 77491\/IRON OXIDES. ETHYLHEXYLGLYCERIN. TOCOPHERYL ACETATE. PROPYLENE CARBONATE. CI 77499\/IRON OXIDES. DISODIUM EDTA. MICA. HYDROXYETHYL UREA. DIPROPYLENE GLYCOL. SODIUM BENZOATE. ZINC GLUCONATE. TETRAMETHYL ACETYLOCTAHYDRONAPHTHALENES. MARRUBIUM VULGARE EXTRACT. PHENOXYETHANOL. SODIUM CITRATE. ALGIN. ACACIA SENEGAL GUM. PHENETHYL ALCOHOL. LINALYL ACETATE. TOCOPHEROL. FURCELLARIA LUMBRICALIS EXTRACT. LAPSANA COMMUNIS FLOWER\/LEAF\/STEM EXTRACT. MARIS SAL\/SEA SALT\/SEL MARIN.<\/p>\n","protected":false},"excerpt":{"rendered":"<p> <strong>Br\u0105zuj\u0105cy:<\/strong> nie<br \/>  <strong>Dzia\u0142anie:<\/strong> nawil\u017caj\u0105ce, wyg\u0142adzaj\u0105ce<br \/>  <strong>Forma podania:<\/strong> s\u0142oik<br \/>  <strong>Gramatura:<\/strong> ml<br \/>  <strong>Kolor:<\/strong> 112C<br \/>  <strong>Pojemno\u015b\u0107:<\/strong> 30<br \/>  <strong>P\u0142e\u0107:<\/strong> damski<br \/>  <strong>Rodzaj sk\u00f3ry:<\/strong> bardzo sucha, mieszana\/t\u0142usta, normalna<br \/>  <strong>Roz\u015bwietlaj\u0105cy:<\/strong> nie<br \/>  <strong>Stopie\u0144 krycia:<\/strong> mocnokryj\u0105ce, \u015brednie<br \/>  <strong>S\u0142o\u0144ce:<\/strong> nie<br \/>  <strong>Trwa\u0142o\u015b\u0107:<\/strong> o przed\u0142u\u017conej trwa\u0142o\u015bci<br \/>  <strong>Wk\u0142ad:<\/strong> nie <\/p>\n","protected":false},"featured_media":46625,"comment_status":"open","ping_status":"closed","template":"","meta":{"_acf_changed":false},"kategoria-hurtowni":[83,129,190],"product_brand":[616],"product_cat":[76],"product_tag":[],"class_list":{"0":"post-46624","1":"product","2":"type-product","3":"status-publish","4":"has-post-thumbnail","6":"kategoria-hurtowni-makijaz","7":"kategoria-hurtowni-makijaz-twarz","8":"kategoria-hurtowni-podklad","9":"product_brand-clarins","10":"product_cat-primavera","12":"first","13":"outofstock","14":"taxable","15":"shipping-taxable","16":"product-type-simple"},"acf":[],"_links":{"self":[{"href":"https:\/\/premino.pl\/index.php?rest_route=\/wp\/v2\/product\/46624","targetHints":{"allow":["GET"]}}],"collection":[{"href":"https:\/\/premino.pl\/index.php?rest_route=\/wp\/v2\/product"}],"about":[{"href":"https:\/\/premino.pl\/index.php?rest_route=\/wp\/v2\/types\/product"}],"replies":[{"embeddable":true,"href":"https:\/\/premino.pl\/index.php?rest_route=%2Fwp%2Fv2%2Fcomments&post=46624"}],"wp:featuredmedia":[{"embeddable":true,"href":"https:\/\/premino.pl\/index.php?rest_route=\/wp\/v2\/media\/46625"}],"wp:attachment":[{"href":"https:\/\/premino.pl\/index.php?rest_route=%2Fwp%2Fv2%2Fmedia&parent=46624"}],"wp:term":[{"taxonomy":"kategoria-hurtowni","embeddable":true,"href":"https:\/\/premino.pl\/index.php?rest_route=%2Fwp%2Fv2%2Fkategoria-hurtowni&post=46624"},{"taxonomy":"product_brand","embeddable":true,"href":"https:\/\/premino.pl\/index.php?rest_route=%2Fwp%2Fv2%2Fproduct_brand&post=46624"},{"taxonomy":"product_cat","embeddable":true,"href":"https:\/\/premino.pl\/index.php?rest_route=%2Fwp%2Fv2%2Fproduct_cat&post=46624"},{"taxonomy":"product_tag","embeddable":true,"href":"https:\/\/premino.pl\/index.php?rest_route=%2Fwp%2Fv2%2Fproduct_tag&post=46624"}],"curies":[{"name":"wp","href":"https:\/\/api.w.org\/{rel}","templated":true}]}}