{"id":46684,"date":"2026-05-13T14:10:04","date_gmt":"2026-05-13T12:10:04","guid":{"rendered":"https:\/\/premino.pl\/?product=no-4-bond-maintenance-szampon-odbudowujacy-do-wlosow-1000ml"},"modified":"2026-05-13T14:10:09","modified_gmt":"2026-05-13T12:10:09","slug":"no-4-bond-maintenance-szampon-odbudowujacy-do-wlosow-1000ml","status":"publish","type":"product","link":"https:\/\/premino.pl\/?product=no-4-bond-maintenance-szampon-odbudowujacy-do-wlosow-1000ml","title":{"rendered":"No.4 Bond Maintenance szampon odbudowuj\u0105cy do w\u0142os\u00f3w 1000ml"},"content":{"rendered":"<p>Szampon odbudowuj\u0105cy No.4 Bond Maintenance to profesjonalna kuracja dla Twoich w\u0142os\u00f3w \u2013 produkt doskonale sprawdza si\u0119 w salonach fryzjerskich jak i w domu. Formu\u0142a produktu wzbogacona o technologi\u0119 odbudowy mostk\u00f3w dwusiarczkowych, regeneruje i nawil\u017ca w\u0142osy, nadaj\u0105c im po\u0142ysk oraz \u0142atwo\u015b\u0107 w uk\u0142adaniu.<\/p>\n<p><strong>Dla dzieci:<\/strong> Nie<br \/>\n<strong>Gramatura:<\/strong> ml<br \/>\n<strong>Henna:<\/strong> nie<br \/>\n<strong>Konsystencja:<\/strong> szampon<br \/>\n<strong>Linie elitarne:<\/strong> nie<br \/>\n<strong>Pojemno\u015b\u0107:<\/strong> 1000<br \/>\n<strong>P\u0142e\u0107:<\/strong> damski<br \/>\n<strong>S\u0142o\u0144ce:<\/strong> nie<\/p>\n<p><strong>Uwagi:<\/strong><\/p>\n<p>Unika\u0107 kontaktu z oczami.<\/p>\n<p><strong>Sk\u0142adniki:<\/strong><\/p>\n<p>Bis-Aminopropyl Diglycol Dimaleate, Coconut, Glycerin, Acetic Acid,Panthenol,Helianthus Annuus (Sunflower) Seed Oil, Tocopheryl (Vitamin E), Prunus Armeniaca (Apricot) Kernel Oil, Fermented Argan Oil, Fermented Green Tea Oil, Euterpe Oleracea, Punica Granatum, Rosemary Leaf Extract, Banana Fruit Extract, Origanum Vulgare Leaf Extract, Morinda Citrifolia, Burdock Root, Sodium Hyaluronate, Biotin<\/p>\n","protected":false},"excerpt":{"rendered":"<p> <strong>Dla dzieci:<\/strong> Nie<br \/>  <strong>Gramatura:<\/strong> ml<br \/>  <strong>Henna:<\/strong> nie<br \/>  <strong>Konsystencja:<\/strong> szampon<br \/>  <strong>Linie elitarne:<\/strong> nie<br \/>  <strong>Pojemno\u015b\u0107:<\/strong> 1000<br \/>  <strong>P\u0142e\u0107:<\/strong> damski<br \/>  <strong>S\u0142o\u0144ce:<\/strong> nie <\/p>\n","protected":false},"featured_media":46685,"comment_status":"open","ping_status":"closed","template":"","meta":{"_acf_changed":false},"kategoria-hurtowni":[90,113,112],"product_brand":[613],"product_cat":[76],"product_tag":[],"class_list":{"0":"post-46684","1":"product","2":"type-product","3":"status-publish","4":"has-post-thumbnail","6":"kategoria-hurtowni-pielegnacja","7":"kategoria-hurtowni-szampony","8":"kategoria-hurtowni-wlosy","9":"product_brand-olaplex","10":"product_cat-primavera","12":"first","13":"outofstock","14":"taxable","15":"shipping-taxable","16":"product-type-simple"},"acf":[],"_links":{"self":[{"href":"https:\/\/premino.pl\/index.php?rest_route=\/wp\/v2\/product\/46684","targetHints":{"allow":["GET"]}}],"collection":[{"href":"https:\/\/premino.pl\/index.php?rest_route=\/wp\/v2\/product"}],"about":[{"href":"https:\/\/premino.pl\/index.php?rest_route=\/wp\/v2\/types\/product"}],"replies":[{"embeddable":true,"href":"https:\/\/premino.pl\/index.php?rest_route=%2Fwp%2Fv2%2Fcomments&post=46684"}],"wp:featuredmedia":[{"embeddable":true,"href":"https:\/\/premino.pl\/index.php?rest_route=\/wp\/v2\/media\/46685"}],"wp:attachment":[{"href":"https:\/\/premino.pl\/index.php?rest_route=%2Fwp%2Fv2%2Fmedia&parent=46684"}],"wp:term":[{"taxonomy":"kategoria-hurtowni","embeddable":true,"href":"https:\/\/premino.pl\/index.php?rest_route=%2Fwp%2Fv2%2Fkategoria-hurtowni&post=46684"},{"taxonomy":"product_brand","embeddable":true,"href":"https:\/\/premino.pl\/index.php?rest_route=%2Fwp%2Fv2%2Fproduct_brand&post=46684"},{"taxonomy":"product_cat","embeddable":true,"href":"https:\/\/premino.pl\/index.php?rest_route=%2Fwp%2Fv2%2Fproduct_cat&post=46684"},{"taxonomy":"product_tag","embeddable":true,"href":"https:\/\/premino.pl\/index.php?rest_route=%2Fwp%2Fv2%2Fproduct_tag&post=46684"}],"curies":[{"name":"wp","href":"https:\/\/api.w.org\/{rel}","templated":true}]}}