{"id":46702,"date":"2026-05-13T14:10:10","date_gmt":"2026-05-13T12:10:10","guid":{"rendered":"https:\/\/premino.pl\/?product=pour-femme-woda-perfumowana-spray-30ml"},"modified":"2026-05-13T14:10:15","modified_gmt":"2026-05-13T12:10:15","slug":"pour-femme-woda-perfumowana-spray-30ml","status":"publish","type":"product","link":"https:\/\/premino.pl\/?product=pour-femme-woda-perfumowana-spray-30ml","title":{"rendered":"Pour Femme woda perfumowana spray 30ml"},"content":{"rendered":"<p>Woda perfumowana Etienne Aigner Pour Femme to esencja elegancji i subtelnego luksusu, \u0142\u0105cz\u0105ca najwy\u017csz\u0105 jako\u015b\u0107 z niepowtarzalnym stylem. To zapach dla kobiety silnej i pewnej siebie, \u015bwiadomej swojej warto\u015bci, kt\u00f3ra potrafi w pe\u0142ni cieszy\u0107 si\u0119 ka\u017cdym momentem \u017cycia.<\/p>\n<p><b>Nuty zapachowe:<br \/><\/b><br \/><b>Nuta g\u0142owy: <\/b>mandarynka, pieprz, bergamotka<br \/><b>Nuta serca: <\/b>r\u00f3\u017ca, morela, frezja<br \/><b>Nuta bazy: <\/b>paczula, migda\u0142 , pi\u017cmo, bursztyn, cedr virginia<\/p>\n<p><strong>Gramatura:<\/strong> ml<br \/>\n<strong>Linia k\u0105pielowa:<\/strong> nie<br \/>\n<strong>Miniatura:<\/strong> nie<br \/>\n<strong>Nuta bazy:<\/strong> bursztyn, cedr virginia, migda\u0142 , paczula, pi\u017cmo<br \/>\n<strong>Nuta g\u0142owy:<\/strong> bergamotka, mandarynka, pieprz<br \/>\n<strong>Nuta g\u0142\u00f3wna:<\/strong> kwiatowe, orientalne<br \/>\n<strong>Nuta serca:<\/strong> frezja, morela, r\u00f3\u017ca<br \/>\n<strong>Pojemno\u015b\u0107:<\/strong> 30<br \/>\n<strong>Produkt rzadki:<\/strong> nie<br \/>\n<strong>Pr\u00f3bka:<\/strong> nie<br \/>\n<strong>P\u0142e\u0107:<\/strong> damski<br \/>\n<strong>Rodzaj:<\/strong> woda perfumowana<br \/>\n<strong>Tester:<\/strong> nie<br \/>\n<strong>Zapach alternatywny:<\/strong> nie<br \/>\n<strong>Zestaw:<\/strong> nie<\/p>\n<p><strong>Uwagi:<\/strong><\/p>\n<p>Produkt przechowywa\u0107 z dala od ognia i \u017ar\u00f3de\u0142 ciep\u0142a. Trzyma\u0107 w miejscu niedost\u0119pnym dla dzieci. Nie stosowa\u0107 na podra\u017cnion\u0105 lub uszkodzon\u0105 sk\u00f3r\u0119. Unika\u0107 kontaktu z oczami.<\/p>\n<p><strong>Sk\u0142adniki:<\/strong><\/p>\n<p>ALCOHOL DENAT., AQUA\/WATER\/EAU, FRAGRANCE (PARFUM), LINALOOL, ETHYLHEXYL METHOXYCINNAMATE, LIMONENE, BENZYL SALICYLATE, ETHYLHEXYL SALICYLATE, BUTYL METHOXYDIBENZOYLMETHANE, HYDROXYCITRONELLAL, HEXYL CINNAMAL, ALPHA-ISOMETHYL IONONE, COUMARIN, CITRONELLOL, CITRAL, GERANIOL, CINNAMAL.<\/p>\n","protected":false},"excerpt":{"rendered":"<p> <strong>Gramatura:<\/strong> ml<br \/>  <strong>Linia k\u0105pielowa:<\/strong> nie<br \/>  <strong>Miniatura:<\/strong> nie<br \/>  <strong>Nuta bazy:<\/strong> bursztyn, cedr virginia, migda\u0142 , paczula, pi\u017cmo<br \/>  <strong>Nuta g\u0142owy:<\/strong> bergamotka, mandarynka, pieprz<br \/>  <strong>Nuta g\u0142\u00f3wna:<\/strong> kwiatowe, orientalne<br \/>  <strong>Nuta serca:<\/strong> frezja, morela, r\u00f3\u017ca<br \/>  <strong>Pojemno\u015b\u0107:<\/strong> 30<br \/>  <strong>Produkt rzadki:<\/strong> nie<br \/>  <strong>Pr\u00f3bka:<\/strong> nie<br \/>  <strong>P\u0142e\u0107:<\/strong> damski<br \/>  <strong>Rodzaj:<\/strong> woda perfumowana<br \/>  <strong>Tester:<\/strong> nie<br \/>  <strong>Zapach alternatywny:<\/strong> nie<br \/>  <strong>Zestaw:<\/strong> nie <\/p>\n","protected":false},"featured_media":46703,"comment_status":"open","ping_status":"closed","template":"","meta":{"_acf_changed":false},"kategoria-hurtowni":[87,88],"product_brand":[358],"product_cat":[76],"product_tag":[],"class_list":{"0":"post-46702","1":"product","2":"type-product","3":"status-publish","4":"has-post-thumbnail","6":"kategoria-hurtowni-perfumy","7":"kategoria-hurtowni-zapachy","8":"product_brand-etienne-aigner","9":"product_cat-primavera","11":"first","12":"outofstock","13":"taxable","14":"shipping-taxable","15":"product-type-simple"},"acf":[],"_links":{"self":[{"href":"https:\/\/premino.pl\/index.php?rest_route=\/wp\/v2\/product\/46702","targetHints":{"allow":["GET"]}}],"collection":[{"href":"https:\/\/premino.pl\/index.php?rest_route=\/wp\/v2\/product"}],"about":[{"href":"https:\/\/premino.pl\/index.php?rest_route=\/wp\/v2\/types\/product"}],"replies":[{"embeddable":true,"href":"https:\/\/premino.pl\/index.php?rest_route=%2Fwp%2Fv2%2Fcomments&post=46702"}],"wp:featuredmedia":[{"embeddable":true,"href":"https:\/\/premino.pl\/index.php?rest_route=\/wp\/v2\/media\/46703"}],"wp:attachment":[{"href":"https:\/\/premino.pl\/index.php?rest_route=%2Fwp%2Fv2%2Fmedia&parent=46702"}],"wp:term":[{"taxonomy":"kategoria-hurtowni","embeddable":true,"href":"https:\/\/premino.pl\/index.php?rest_route=%2Fwp%2Fv2%2Fkategoria-hurtowni&post=46702"},{"taxonomy":"product_brand","embeddable":true,"href":"https:\/\/premino.pl\/index.php?rest_route=%2Fwp%2Fv2%2Fproduct_brand&post=46702"},{"taxonomy":"product_cat","embeddable":true,"href":"https:\/\/premino.pl\/index.php?rest_route=%2Fwp%2Fv2%2Fproduct_cat&post=46702"},{"taxonomy":"product_tag","embeddable":true,"href":"https:\/\/premino.pl\/index.php?rest_route=%2Fwp%2Fv2%2Fproduct_tag&post=46702"}],"curies":[{"name":"wp","href":"https:\/\/api.w.org\/{rel}","templated":true}]}}