{"id":46706,"date":"2026-05-13T14:10:18","date_gmt":"2026-05-13T12:10:18","guid":{"rendered":"https:\/\/premino.pl\/?product=white-tea-eau-fraiche-woda-toaletowa-spray-100ml"},"modified":"2026-05-13T14:10:18","modified_gmt":"2026-05-13T12:10:18","slug":"white-tea-eau-fraiche-woda-toaletowa-spray-100ml","status":"publish","type":"product","link":"https:\/\/premino.pl\/?product=white-tea-eau-fraiche-woda-toaletowa-spray-100ml","title":{"rendered":"White Tea Eau Fraiche woda toaletowa spray 100ml"},"content":{"rendered":"<p>White Tea Eau Fraiche: zapach inspirowany oryginalnym aromatem White Tea, wzbogacony \u015bwie\u017cszymi i subtelniejszymi akcentami.<\/p>\n<p><b>Nuty zapachowe:<br \/><\/b><br \/><b>Nuta g\u0142owy: <\/b>bergamotka, gruszka, czerwona pomara\u0144cza, mandarynka<br \/><b>Nuta serca: <\/b>nuty morskie, lilia wodna, mahoniowiec, konwalia<br \/><b>Nuta bazy: <\/b>bia\u0142e drzewa, pi\u017cmo, fasolka tonka<\/p>\n<p><strong>Gramatura:<\/strong> ml<br \/>\n<strong>Linia k\u0105pielowa:<\/strong> nie<br \/>\n<strong>Miniatura:<\/strong> nie<br \/>\n<strong>Nuta bazy:<\/strong> bia\u0142e drzewa, fasolka tonka, pi\u017cmo<br \/>\n<strong>Nuta g\u0142owy:<\/strong> bergamotka, czerwona pomara\u0144cza, gruszka, mandarynka<br \/>\n<strong>Nuta g\u0142\u00f3wna:<\/strong> cytrusowe, kwiatowe, \u015bwie\u017ca<br \/>\n<strong>Nuta serca:<\/strong> konwalia, lilia wodna, mahoniowiec, nuty morskie<br \/>\n<strong>Pojemno\u015b\u0107:<\/strong> 100<br \/>\n<strong>Produkt rzadki:<\/strong> nie<br \/>\n<strong>Pr\u00f3bka:<\/strong> nie<br \/>\n<strong>P\u0142e\u0107:<\/strong> damski<br \/>\n<strong>Rodzaj:<\/strong> woda toaletowa<br \/>\n<strong>Tester:<\/strong> nie<br \/>\n<strong>Zapach alternatywny:<\/strong> nie<br \/>\n<strong>Zestaw:<\/strong> nie<\/p>\n<p><strong>Uwagi:<\/strong><\/p>\n<p>Produkt \u0142atwopalny. Produkt przechowywa\u0107 z dala od ognia i \u017ar\u00f3de\u0142 ciep\u0142a. Stosowa\u0107 wy\u0142\u0105cznie zgodnie z zaleceniami. Unika\u0107 kontaktu z oczami. Trzyma\u0107 poza zasi\u0119giem dzieci. Przerwa\u0107 stosowanie w przypadku wyst\u0105pienia podra\u017cnienia.<\/p>\n<p><strong>Sk\u0142adniki:<\/strong><\/p>\n<p>ALCOHOL DENAT., PARFUM (FRAGRANCE), AQUA\/WATER\/EAU, BUTYLENE GLYCOL, CAMELLIA SINENSIS LEAF EXTRACT, PROPYLENE GLYCOL, BUTYL METHOXYDIBENZOYLMETHANE, ETHYLHEXYL METHOXYCINNAMATE, ETHYLHEXYL SALICYLATE, CITRAL, CITRONELLOL, COUMARIN, FARNESOL, GERANIOL, HEXYL CINNAMAL, HYDROXYCITRONELLAL, LIMONENE, LINALOOL, BLUE 1 (CI 42090), YELLOW 5 (CI 19140).<\/p>\n","protected":false},"excerpt":{"rendered":"<p> <strong>Gramatura:<\/strong> ml<br \/>  <strong>Linia k\u0105pielowa:<\/strong> nie<br \/>  <strong>Miniatura:<\/strong> nie<br \/>  <strong>Nuta bazy:<\/strong> bia\u0142e drzewa, fasolka tonka, pi\u017cmo<br \/>  <strong>Nuta g\u0142owy:<\/strong> bergamotka, czerwona pomara\u0144cza, gruszka, mandarynka<br \/>  <strong>Nuta g\u0142\u00f3wna:<\/strong> cytrusowe, kwiatowe, \u015bwie\u017ca<br \/>  <strong>Nuta serca:<\/strong> konwalia, lilia wodna, mahoniowiec, nuty morskie<br \/>  <strong>Pojemno\u015b\u0107:<\/strong> 100<br \/>  <strong>Produkt rzadki:<\/strong> nie<br \/>  <strong>Pr\u00f3bka:<\/strong> nie<br \/>  <strong>P\u0142e\u0107:<\/strong> damski<br \/>  <strong>Rodzaj:<\/strong> woda toaletowa<br \/>  <strong>Tester:<\/strong> nie<br \/>  <strong>Zapach alternatywny:<\/strong> nie<br \/>  <strong>Zestaw:<\/strong> nie <\/p>\n","protected":false},"featured_media":46707,"comment_status":"open","ping_status":"closed","template":"","meta":{"_acf_changed":false},"kategoria-hurtowni":[87,88],"product_brand":[256],"product_cat":[76],"product_tag":[],"class_list":{"0":"post-46706","1":"product","2":"type-product","3":"status-publish","4":"has-post-thumbnail","6":"kategoria-hurtowni-perfumy","7":"kategoria-hurtowni-zapachy","8":"product_brand-elizabeth-arden","9":"product_cat-primavera","11":"first","12":"outofstock","13":"taxable","14":"shipping-taxable","15":"product-type-simple"},"acf":[],"_links":{"self":[{"href":"https:\/\/premino.pl\/index.php?rest_route=\/wp\/v2\/product\/46706","targetHints":{"allow":["GET"]}}],"collection":[{"href":"https:\/\/premino.pl\/index.php?rest_route=\/wp\/v2\/product"}],"about":[{"href":"https:\/\/premino.pl\/index.php?rest_route=\/wp\/v2\/types\/product"}],"replies":[{"embeddable":true,"href":"https:\/\/premino.pl\/index.php?rest_route=%2Fwp%2Fv2%2Fcomments&post=46706"}],"wp:featuredmedia":[{"embeddable":true,"href":"https:\/\/premino.pl\/index.php?rest_route=\/wp\/v2\/media\/46707"}],"wp:attachment":[{"href":"https:\/\/premino.pl\/index.php?rest_route=%2Fwp%2Fv2%2Fmedia&parent=46706"}],"wp:term":[{"taxonomy":"kategoria-hurtowni","embeddable":true,"href":"https:\/\/premino.pl\/index.php?rest_route=%2Fwp%2Fv2%2Fkategoria-hurtowni&post=46706"},{"taxonomy":"product_brand","embeddable":true,"href":"https:\/\/premino.pl\/index.php?rest_route=%2Fwp%2Fv2%2Fproduct_brand&post=46706"},{"taxonomy":"product_cat","embeddable":true,"href":"https:\/\/premino.pl\/index.php?rest_route=%2Fwp%2Fv2%2Fproduct_cat&post=46706"},{"taxonomy":"product_tag","embeddable":true,"href":"https:\/\/premino.pl\/index.php?rest_route=%2Fwp%2Fv2%2Fproduct_tag&post=46706"}],"curies":[{"name":"wp","href":"https:\/\/api.w.org\/{rel}","templated":true}]}}