{"id":46760,"date":"2026-05-13T14:10:32","date_gmt":"2026-05-13T12:10:32","guid":{"rendered":"https:\/\/premino.pl\/?product=house-of-oud-woda-perfumowana-spray-100ml"},"modified":"2026-05-13T14:10:36","modified_gmt":"2026-05-13T12:10:36","slug":"house-of-oud-woda-perfumowana-spray-100ml","status":"publish","type":"product","link":"https:\/\/premino.pl\/?product=house-of-oud-woda-perfumowana-spray-100ml","title":{"rendered":"House Of Oud woda perfumowana spray 100ml"},"content":{"rendered":"<p>Woda perfumowana House Of Oud to elegancki i hipnotyzuj\u0105cy zapach, kt\u00f3ry podkre\u015bla indywidualny styl i pewno\u015b\u0107 siebie. Jego wyrafinowana kompozycja przyci\u0105ga uwag\u0119, sprawiaj\u0105c, \u017ce ka\u017cda chwila staje si\u0119 wyj\u0105tkowa, a u\u017cytkownik zyskuje aur\u0119 magnetyzmu i uroku.<\/p>\n<p><b>Nuty zapachowe:<br \/><\/b><br \/><b>Nuta g\u0142owy: <\/b>kardamon, pieprz<br \/><b>Nuta serca: <\/b>ja\u015bmin, malina, r\u00f3\u017ca, pralina<br \/><b>Nuta bazy: <\/b>pi\u017cmo, oud, bursztyn, mech<\/p>\n<p><strong>Gramatura:<\/strong> ml<br \/>\n<strong>Linia k\u0105pielowa:<\/strong> nie<br \/>\n<strong>Miniatura:<\/strong> nie<br \/>\n<strong>Nuta bazy:<\/strong> bursztyn, mech, oud, pi\u017cmo<br \/>\n<strong>Nuta g\u0142owy:<\/strong> kardamon, pieprz<br \/>\n<strong>Nuta g\u0142\u00f3wna:<\/strong> aromatyczne, orientalne<br \/>\n<strong>Nuta serca:<\/strong> ja\u015bmin, malina, pralina, r\u00f3\u017ca<br \/>\n<strong>Pojemno\u015b\u0107:<\/strong> 100<br \/>\n<strong>Produkt rzadki:<\/strong> nie<br \/>\n<strong>Pr\u00f3bka:<\/strong> nie<br \/>\n<strong>P\u0142e\u0107:<\/strong> unisex<br \/>\n<strong>Rodzaj:<\/strong> woda perfumowana<br \/>\n<strong>Tester:<\/strong> nie<br \/>\n<strong>Zapach alternatywny:<\/strong> nie<br \/>\n<strong>Zestaw:<\/strong> nie<\/p>\n<p><strong>Uwagi:<\/strong><\/p>\n<p>Produkt \u0142atwopalny. Przechowywa\u0107 z dala od ognia i \u017ar\u00f3de\u0142 ciep\u0142a. Trzyma\u0107 w miejscu niedost\u0119pnym dla dzieci. Nie stosowa\u0107 na podra\u017cnion\u0105 lub uszkodzon\u0105 sk\u00f3r\u0119. Unika\u0107 kontaktu z oczami.<\/p>\n<p><strong>Sk\u0142adniki:<\/strong><\/p>\n<p>Alcohol Denatured, Fragrance (Parfum), Water (Aqua), Benzyl Salicylate, HExyl Cinnamal, Hydroxycitronella, Citronellol, Linalool, Geraniol, Eugenol, Limonene<\/p>\n","protected":false},"excerpt":{"rendered":"<p> <strong>Gramatura:<\/strong> ml<br \/>  <strong>Linia k\u0105pielowa:<\/strong> nie<br \/>  <strong>Miniatura:<\/strong> nie<br \/>  <strong>Nuta bazy:<\/strong> bursztyn, mech, oud, pi\u017cmo<br \/>  <strong>Nuta g\u0142owy:<\/strong> kardamon, pieprz<br \/>  <strong>Nuta g\u0142\u00f3wna:<\/strong> aromatyczne, orientalne<br \/>  <strong>Nuta serca:<\/strong> ja\u015bmin, malina, pralina, r\u00f3\u017ca<br \/>  <strong>Pojemno\u015b\u0107:<\/strong> 100<br \/>  <strong>Produkt rzadki:<\/strong> nie<br \/>  <strong>Pr\u00f3bka:<\/strong> nie<br \/>  <strong>P\u0142e\u0107:<\/strong> unisex<br \/>  <strong>Rodzaj:<\/strong> woda perfumowana<br \/>  <strong>Tester:<\/strong> nie<br \/>  <strong>Zapach alternatywny:<\/strong> nie<br \/>  <strong>Zestaw:<\/strong> nie <\/p>\n","protected":false},"featured_media":46761,"comment_status":"open","ping_status":"closed","template":"","meta":{"_acf_changed":false},"kategoria-hurtowni":[87,88],"product_brand":[600],"product_cat":[76],"product_tag":[],"class_list":{"0":"post-46760","1":"product","2":"type-product","3":"status-publish","4":"has-post-thumbnail","6":"kategoria-hurtowni-perfumy","7":"kategoria-hurtowni-zapachy","8":"product_brand-al-wataniah","9":"product_cat-primavera","11":"first","12":"outofstock","13":"taxable","14":"shipping-taxable","15":"product-type-simple"},"acf":[],"_links":{"self":[{"href":"https:\/\/premino.pl\/index.php?rest_route=\/wp\/v2\/product\/46760","targetHints":{"allow":["GET"]}}],"collection":[{"href":"https:\/\/premino.pl\/index.php?rest_route=\/wp\/v2\/product"}],"about":[{"href":"https:\/\/premino.pl\/index.php?rest_route=\/wp\/v2\/types\/product"}],"replies":[{"embeddable":true,"href":"https:\/\/premino.pl\/index.php?rest_route=%2Fwp%2Fv2%2Fcomments&post=46760"}],"wp:featuredmedia":[{"embeddable":true,"href":"https:\/\/premino.pl\/index.php?rest_route=\/wp\/v2\/media\/46761"}],"wp:attachment":[{"href":"https:\/\/premino.pl\/index.php?rest_route=%2Fwp%2Fv2%2Fmedia&parent=46760"}],"wp:term":[{"taxonomy":"kategoria-hurtowni","embeddable":true,"href":"https:\/\/premino.pl\/index.php?rest_route=%2Fwp%2Fv2%2Fkategoria-hurtowni&post=46760"},{"taxonomy":"product_brand","embeddable":true,"href":"https:\/\/premino.pl\/index.php?rest_route=%2Fwp%2Fv2%2Fproduct_brand&post=46760"},{"taxonomy":"product_cat","embeddable":true,"href":"https:\/\/premino.pl\/index.php?rest_route=%2Fwp%2Fv2%2Fproduct_cat&post=46760"},{"taxonomy":"product_tag","embeddable":true,"href":"https:\/\/premino.pl\/index.php?rest_route=%2Fwp%2Fv2%2Fproduct_tag&post=46760"}],"curies":[{"name":"wp","href":"https:\/\/api.w.org\/{rel}","templated":true}]}}