{"id":46764,"date":"2026-05-13T14:10:32","date_gmt":"2026-05-13T12:10:32","guid":{"rendered":"https:\/\/premino.pl\/?product=eternal-suroor-woda-perfumowana-spray-100ml"},"modified":"2026-05-13T14:10:38","modified_gmt":"2026-05-13T12:10:38","slug":"eternal-suroor-woda-perfumowana-spray-100ml","status":"publish","type":"product","link":"https:\/\/premino.pl\/?product=eternal-suroor-woda-perfumowana-spray-100ml","title":{"rendered":"Eternal Suroor woda perfumowana spray 100ml"},"content":{"rendered":"<p>Eternal Suroor to ol\u015bniewaj\u0105cy i pe\u0142en uroku zapach, kt\u00f3ry emanuje rado\u015bci\u0105, ciep\u0142em i klasycznym pi\u0119knem. Stworzony z my\u015bl\u0105 o osobie \u015bwiadomej w\u0142asnej warto\u015bci i ceni\u0105cej subteln\u0105 elegancj\u0119, stanowi doskona\u0142e po\u0142\u0105czenie wyrafinowanego wdzi\u0119ku oraz zmys\u0142owej, ponadczasowej harmonii.<\/p>\n<p><b>Nuty zapachowe:<br \/><\/b><br \/><b>Nuta g\u0142owy: <\/b>pomara\u0144cza, szafran, tafta<br \/><b>Nuta serca: <\/b>ja\u015bmin, karmel, kwiat pomara\u0144czy<br \/><b>Nuta bazy: <\/b>bursztyn, pi\u017cmo, mech<\/p>\n<p><strong>Gramatura:<\/strong> ml<br \/>\n<strong>Linia k\u0105pielowa:<\/strong> nie<br \/>\n<strong>Miniatura:<\/strong> nie<br \/>\n<strong>Nuta bazy:<\/strong> bursztyn, mech, pi\u017cmo<br \/>\n<strong>Nuta g\u0142owy:<\/strong> pomara\u0144cza, szafran, tafta<br \/>\n<strong>Nuta g\u0142\u00f3wna:<\/strong> aromatyczne, kwiatowe, owocowe<br \/>\n<strong>Nuta serca:<\/strong> ja\u015bmin, karmel, kwiat pomara\u0144czy<br \/>\n<strong>Pojemno\u015b\u0107:<\/strong> 100<br \/>\n<strong>Produkt rzadki:<\/strong> nie<br \/>\n<strong>Pr\u00f3bka:<\/strong> nie<br \/>\n<strong>P\u0142e\u0107:<\/strong> unisex<br \/>\n<strong>Rodzaj:<\/strong> woda perfumowana<br \/>\n<strong>Tester:<\/strong> nie<br \/>\n<strong>Zapach alternatywny:<\/strong> nie<br \/>\n<strong>Zestaw:<\/strong> nie<\/p>\n<p><strong>Uwagi:<\/strong><\/p>\n<p>Produkt \u0142atwopalny. Przechowywa\u0107 z dala od ognia i \u017ar\u00f3de\u0142 ciep\u0142a. Trzyma\u0107 w miejscu niedost\u0119pnym dla dzieci. Nie stosowa\u0107 na podra\u017cnion\u0105 lub uszkodzon\u0105 sk\u00f3r\u0119. Unika\u0107 kontaktu z oczami.<\/p>\n<p><strong>Sk\u0142adniki:<\/strong><\/p>\n<p>Alcohol Denatured, Fragrance (Parfum), Water (Aqua), Benzyl Salicylate, Hexyl Cinnamal, Hydroxycitronellal, Citronellol, Linalool, Gerniol, Eugenol, Limonene<\/p>\n","protected":false},"excerpt":{"rendered":"<p> <strong>Gramatura:<\/strong> ml<br \/>  <strong>Linia k\u0105pielowa:<\/strong> nie<br \/>  <strong>Miniatura:<\/strong> nie<br \/>  <strong>Nuta bazy:<\/strong> bursztyn, mech, pi\u017cmo<br \/>  <strong>Nuta g\u0142owy:<\/strong> pomara\u0144cza, szafran, tafta<br \/>  <strong>Nuta g\u0142\u00f3wna:<\/strong> aromatyczne, kwiatowe, owocowe<br \/>  <strong>Nuta serca:<\/strong> ja\u015bmin, karmel, kwiat pomara\u0144czy<br \/>  <strong>Pojemno\u015b\u0107:<\/strong> 100<br \/>  <strong>Produkt rzadki:<\/strong> nie<br \/>  <strong>Pr\u00f3bka:<\/strong> nie<br \/>  <strong>P\u0142e\u0107:<\/strong> unisex<br \/>  <strong>Rodzaj:<\/strong> woda perfumowana<br \/>  <strong>Tester:<\/strong> nie<br \/>  <strong>Zapach alternatywny:<\/strong> nie<br \/>  <strong>Zestaw:<\/strong> nie <\/p>\n","protected":false},"featured_media":46765,"comment_status":"open","ping_status":"closed","template":"","meta":{"_acf_changed":false},"kategoria-hurtowni":[87,88],"product_brand":[600],"product_cat":[76],"product_tag":[],"class_list":{"0":"post-46764","1":"product","2":"type-product","3":"status-publish","4":"has-post-thumbnail","6":"kategoria-hurtowni-perfumy","7":"kategoria-hurtowni-zapachy","8":"product_brand-al-wataniah","9":"product_cat-primavera","11":"first","12":"outofstock","13":"taxable","14":"shipping-taxable","15":"product-type-simple"},"acf":[],"_links":{"self":[{"href":"https:\/\/premino.pl\/index.php?rest_route=\/wp\/v2\/product\/46764","targetHints":{"allow":["GET"]}}],"collection":[{"href":"https:\/\/premino.pl\/index.php?rest_route=\/wp\/v2\/product"}],"about":[{"href":"https:\/\/premino.pl\/index.php?rest_route=\/wp\/v2\/types\/product"}],"replies":[{"embeddable":true,"href":"https:\/\/premino.pl\/index.php?rest_route=%2Fwp%2Fv2%2Fcomments&post=46764"}],"wp:featuredmedia":[{"embeddable":true,"href":"https:\/\/premino.pl\/index.php?rest_route=\/wp\/v2\/media\/46765"}],"wp:attachment":[{"href":"https:\/\/premino.pl\/index.php?rest_route=%2Fwp%2Fv2%2Fmedia&parent=46764"}],"wp:term":[{"taxonomy":"kategoria-hurtowni","embeddable":true,"href":"https:\/\/premino.pl\/index.php?rest_route=%2Fwp%2Fv2%2Fkategoria-hurtowni&post=46764"},{"taxonomy":"product_brand","embeddable":true,"href":"https:\/\/premino.pl\/index.php?rest_route=%2Fwp%2Fv2%2Fproduct_brand&post=46764"},{"taxonomy":"product_cat","embeddable":true,"href":"https:\/\/premino.pl\/index.php?rest_route=%2Fwp%2Fv2%2Fproduct_cat&post=46764"},{"taxonomy":"product_tag","embeddable":true,"href":"https:\/\/premino.pl\/index.php?rest_route=%2Fwp%2Fv2%2Fproduct_tag&post=46764"}],"curies":[{"name":"wp","href":"https:\/\/api.w.org\/{rel}","templated":true}]}}