{"id":46770,"date":"2026-05-13T14:10:39","date_gmt":"2026-05-13T12:10:39","guid":{"rendered":"https:\/\/premino.pl\/?product=ruby-blossom-woda-perfumowana-spray-50ml"},"modified":"2026-05-13T14:10:40","modified_gmt":"2026-05-13T12:10:40","slug":"ruby-blossom-woda-perfumowana-spray-50ml","status":"publish","type":"product","link":"https:\/\/premino.pl\/?product=ruby-blossom-woda-perfumowana-spray-50ml","title":{"rendered":"Ruby Blossom woda perfumowana spray 50ml"},"content":{"rendered":"<p>Ruby Blossom to zapach stworzony dla kobiet, kt\u00f3re pragn\u0105 po\u0142\u0105czy\u0107 elegancj\u0119 z subteln\u0105 zmys\u0142owo\u015bci\u0105. To ol\u015bniewaj\u0105ca kompozycja celebruj\u0105ca kobieco\u015b\u0107, idealna dla pewnych siebie pa\u0144, kt\u00f3re chc\u0105 wyr\u00f3\u017cnia\u0107 si\u0119 w ka\u017cdej sytuacji. Ruby Blossom ods\u0142ania symfoni\u0119 soczystych owocowych nut, stopniowo przechodz\u0105c w ciep\u0142e, otulaj\u0105ce akordy bazy, tworz\u0105c niezapomniane i pe\u0142ne harmonii doznania zapachowe.<\/p>\n<p><b>Nuty zapachowe:<br \/><\/b><br \/><b>Nuta g\u0142owy: <\/b>cytryna, bergamotka, pomara\u0144cza<br \/><b>Nuta serca: <\/b>jab\u0142ko, gruszka, arbuz<br \/><b>Nuta bazy: <\/b>wanilia, pi\u017cmo, bursztyn<\/p>\n<p><strong>Gramatura:<\/strong> ml<br \/>\n<strong>Linia k\u0105pielowa:<\/strong> nie<br \/>\n<strong>Miniatura:<\/strong> nie<br \/>\n<strong>Nuta bazy:<\/strong> bursztyn, pi\u017cmo, wanilia<br \/>\n<strong>Nuta g\u0142owy:<\/strong> bergamotka, cytryna, pomara\u0144cza<br \/>\n<strong>Nuta g\u0142\u00f3wna:<\/strong> aromatyczne, owocowe<br \/>\n<strong>Nuta serca:<\/strong> arbuz, gruszka, jab\u0142ko<br \/>\n<strong>Pojemno\u015b\u0107:<\/strong> 50<br \/>\n<strong>Produkt rzadki:<\/strong> nie<br \/>\n<strong>Pr\u00f3bka:<\/strong> nie<br \/>\n<strong>P\u0142e\u0107:<\/strong> damski<br \/>\n<strong>Rodzaj:<\/strong> woda perfumowana<br \/>\n<strong>Tester:<\/strong> nie<br \/>\n<strong>Zapach alternatywny:<\/strong> nie<br \/>\n<strong>Zestaw:<\/strong> nie<\/p>\n<p><strong>Uwagi:<\/strong><\/p>\n<p>PRODUKT \u0141ATWOPALNY. UNIKA\u0106 ROZPYLANIA W OCZY LUB NA PODRA\u017bNION\u0104 SK\u00d3R\u0118. PRZECHOWYWA\u0106 W MIEJSCU NIEDOST\u0118PNYM DLA DZIECI. TYLKO DO STOSOWANIA ZEWN\u0118TRZNEGO.<\/p>\n<p><strong>Sk\u0142adniki:<\/strong><\/p>\n<p>Alcohol Denat., Fragrance (Parfum), Aqua (Water), Limonene, Benzyl Salicylate, Hexyl Cinnamal, Alpha-Isomethyl Ionone, Linalool, Hydroxycitronellal, Coumarin, Citronellol, Citral.<\/p>\n","protected":false},"excerpt":{"rendered":"<p> <strong>Gramatura:<\/strong> ml<br \/>  <strong>Linia k\u0105pielowa:<\/strong> nie<br \/>  <strong>Miniatura:<\/strong> nie<br \/>  <strong>Nuta bazy:<\/strong> bursztyn, pi\u017cmo, wanilia<br \/>  <strong>Nuta g\u0142owy:<\/strong> bergamotka, cytryna, pomara\u0144cza<br \/>  <strong>Nuta g\u0142\u00f3wna:<\/strong> aromatyczne, owocowe<br \/>  <strong>Nuta serca:<\/strong> arbuz, gruszka, jab\u0142ko<br \/>  <strong>Pojemno\u015b\u0107:<\/strong> 50<br \/>  <strong>Produkt rzadki:<\/strong> nie<br \/>  <strong>Pr\u00f3bka:<\/strong> nie<br \/>  <strong>P\u0142e\u0107:<\/strong> damski<br \/>  <strong>Rodzaj:<\/strong> woda perfumowana<br \/>  <strong>Tester:<\/strong> nie<br \/>  <strong>Zapach alternatywny:<\/strong> nie<br \/>  <strong>Zestaw:<\/strong> nie <\/p>\n","protected":false},"featured_media":46771,"comment_status":"open","ping_status":"closed","template":"","meta":{"_acf_changed":false},"kategoria-hurtowni":[87,88],"product_brand":[300],"product_cat":[76],"product_tag":[],"class_list":{"0":"post-46770","1":"product","2":"type-product","3":"status-publish","4":"has-post-thumbnail","6":"kategoria-hurtowni-perfumy","7":"kategoria-hurtowni-zapachy","8":"product_brand-ajmal","9":"product_cat-primavera","11":"first","12":"outofstock","13":"taxable","14":"shipping-taxable","15":"product-type-simple"},"acf":[],"_links":{"self":[{"href":"https:\/\/premino.pl\/index.php?rest_route=\/wp\/v2\/product\/46770","targetHints":{"allow":["GET"]}}],"collection":[{"href":"https:\/\/premino.pl\/index.php?rest_route=\/wp\/v2\/product"}],"about":[{"href":"https:\/\/premino.pl\/index.php?rest_route=\/wp\/v2\/types\/product"}],"replies":[{"embeddable":true,"href":"https:\/\/premino.pl\/index.php?rest_route=%2Fwp%2Fv2%2Fcomments&post=46770"}],"wp:featuredmedia":[{"embeddable":true,"href":"https:\/\/premino.pl\/index.php?rest_route=\/wp\/v2\/media\/46771"}],"wp:attachment":[{"href":"https:\/\/premino.pl\/index.php?rest_route=%2Fwp%2Fv2%2Fmedia&parent=46770"}],"wp:term":[{"taxonomy":"kategoria-hurtowni","embeddable":true,"href":"https:\/\/premino.pl\/index.php?rest_route=%2Fwp%2Fv2%2Fkategoria-hurtowni&post=46770"},{"taxonomy":"product_brand","embeddable":true,"href":"https:\/\/premino.pl\/index.php?rest_route=%2Fwp%2Fv2%2Fproduct_brand&post=46770"},{"taxonomy":"product_cat","embeddable":true,"href":"https:\/\/premino.pl\/index.php?rest_route=%2Fwp%2Fv2%2Fproduct_cat&post=46770"},{"taxonomy":"product_tag","embeddable":true,"href":"https:\/\/premino.pl\/index.php?rest_route=%2Fwp%2Fv2%2Fproduct_tag&post=46770"}],"curies":[{"name":"wp","href":"https:\/\/api.w.org\/{rel}","templated":true}]}}