{"id":46772,"date":"2026-05-13T14:10:39","date_gmt":"2026-05-13T12:10:39","guid":{"rendered":"https:\/\/premino.pl\/?product=aristocrat-rose-woda-perfumowana-spray-75ml"},"modified":"2026-05-13T14:10:41","modified_gmt":"2026-05-13T12:10:41","slug":"aristocrat-rose-woda-perfumowana-spray-75ml","status":"publish","type":"product","link":"https:\/\/premino.pl\/?product=aristocrat-rose-woda-perfumowana-spray-75ml","title":{"rendered":"Aristocrat Rose woda perfumowana spray 75ml"},"content":{"rendered":"<p>Aristocrat Rose przenosi w sam \u015brodek rozkwitaj\u0105cego ogrodu r\u00f3\u017canego. Ten elegancki zapach otula zmys\u0142y luksusow\u0105, kwiatow\u0105 kompozycj\u0105, pozostawiaj\u0105c \u015bwie\u017cy i trwa\u0142y aromat, kt\u00f3ry podkre\u015bla subteln\u0105 romantyczno\u015b\u0107.<\/p>\n<p><b>Nuty zapachowe:<br \/><\/b><br \/><b>Nuta g\u0142owy: <\/b>\u015bliwka, grejpfrut, bergamotka<br \/><b>Nuta serca: <\/b>kwiat pomara\u0144czy, r\u00f3\u017ca, ja\u015bmin<br \/><b>Nuta bazy: <\/b>fasolka tonka, benzoes, drzewo sanda\u0142owe<\/p>\n<p><strong>Gramatura:<\/strong> ml<br \/>\n<strong>Linia k\u0105pielowa:<\/strong> nie<br \/>\n<strong>Miniatura:<\/strong> nie<br \/>\n<strong>Nuta bazy:<\/strong> benzoes, drzewo sanda\u0142owe, fasolka tonka<br \/>\n<strong>Nuta g\u0142owy:<\/strong> bergamotka, grejpfrut, \u015bliwka<br \/>\n<strong>Nuta g\u0142\u00f3wna:<\/strong> kwiatowe, owocowe<br \/>\n<strong>Nuta serca:<\/strong> ja\u015bmin, kwiat pomara\u0144czy, r\u00f3\u017ca<br \/>\n<strong>Pojemno\u015b\u0107:<\/strong> 75<br \/>\n<strong>Produkt rzadki:<\/strong> nie<br \/>\n<strong>Pr\u00f3bka:<\/strong> nie<br \/>\n<strong>P\u0142e\u0107:<\/strong> damski<br \/>\n<strong>Rodzaj:<\/strong> woda perfumowana<br \/>\n<strong>Tester:<\/strong> nie<br \/>\n<strong>Zapach alternatywny:<\/strong> nie<br \/>\n<strong>Zestaw:<\/strong> nie<\/p>\n<p><strong>Uwagi:<\/strong><\/p>\n<p>PRODUKT \u0141ATWOPALNY. UNIKA\u0106 ROZPYLANIA W OCZY LUB NA PODRA\u017bNION\u0104 SK\u00d3R\u0118. PRZECHOWYWA\u0106 W MIEJSCU NIEDOST\u0118PNYM DLA DZIECI. TYLKO DO STOSOWANIA ZEWN\u0118TRZNEGO.<\/p>\n<p><strong>Sk\u0142adniki:<\/strong><\/p>\n<p>Alcohol Denat., Fragrance (Parfum), Aqua (Water), Benzyl Salicylate, Linalool, Alpha-Isomethyl Ionone, Hydroxycitronellal, Citronellol, Coumarin, D-Limonene, Citral, Benzyl Alcohol, Geraniol, Benzyl Benzoate.<\/p>\n","protected":false},"excerpt":{"rendered":"<p> <strong>Gramatura:<\/strong> ml<br \/>  <strong>Linia k\u0105pielowa:<\/strong> nie<br \/>  <strong>Miniatura:<\/strong> nie<br \/>  <strong>Nuta bazy:<\/strong> benzoes, drzewo sanda\u0142owe, fasolka tonka<br \/>  <strong>Nuta g\u0142owy:<\/strong> bergamotka, grejpfrut, \u015bliwka<br \/>  <strong>Nuta g\u0142\u00f3wna:<\/strong> kwiatowe, owocowe<br \/>  <strong>Nuta serca:<\/strong> ja\u015bmin, kwiat pomara\u0144czy, r\u00f3\u017ca<br \/>  <strong>Pojemno\u015b\u0107:<\/strong> 75<br \/>  <strong>Produkt rzadki:<\/strong> nie<br \/>  <strong>Pr\u00f3bka:<\/strong> nie<br \/>  <strong>P\u0142e\u0107:<\/strong> damski<br \/>  <strong>Rodzaj:<\/strong> woda perfumowana<br \/>  <strong>Tester:<\/strong> nie<br \/>  <strong>Zapach alternatywny:<\/strong> nie<br \/>  <strong>Zestaw:<\/strong> nie <\/p>\n","protected":false},"featured_media":46773,"comment_status":"open","ping_status":"closed","template":"","meta":{"_acf_changed":false},"kategoria-hurtowni":[87,88],"product_brand":[300],"product_cat":[76],"product_tag":[],"class_list":{"0":"post-46772","1":"product","2":"type-product","3":"status-publish","4":"has-post-thumbnail","6":"kategoria-hurtowni-perfumy","7":"kategoria-hurtowni-zapachy","8":"product_brand-ajmal","9":"product_cat-primavera","11":"first","12":"outofstock","13":"taxable","14":"shipping-taxable","15":"product-type-simple"},"acf":[],"_links":{"self":[{"href":"https:\/\/premino.pl\/index.php?rest_route=\/wp\/v2\/product\/46772","targetHints":{"allow":["GET"]}}],"collection":[{"href":"https:\/\/premino.pl\/index.php?rest_route=\/wp\/v2\/product"}],"about":[{"href":"https:\/\/premino.pl\/index.php?rest_route=\/wp\/v2\/types\/product"}],"replies":[{"embeddable":true,"href":"https:\/\/premino.pl\/index.php?rest_route=%2Fwp%2Fv2%2Fcomments&post=46772"}],"wp:featuredmedia":[{"embeddable":true,"href":"https:\/\/premino.pl\/index.php?rest_route=\/wp\/v2\/media\/46773"}],"wp:attachment":[{"href":"https:\/\/premino.pl\/index.php?rest_route=%2Fwp%2Fv2%2Fmedia&parent=46772"}],"wp:term":[{"taxonomy":"kategoria-hurtowni","embeddable":true,"href":"https:\/\/premino.pl\/index.php?rest_route=%2Fwp%2Fv2%2Fkategoria-hurtowni&post=46772"},{"taxonomy":"product_brand","embeddable":true,"href":"https:\/\/premino.pl\/index.php?rest_route=%2Fwp%2Fv2%2Fproduct_brand&post=46772"},{"taxonomy":"product_cat","embeddable":true,"href":"https:\/\/premino.pl\/index.php?rest_route=%2Fwp%2Fv2%2Fproduct_cat&post=46772"},{"taxonomy":"product_tag","embeddable":true,"href":"https:\/\/premino.pl\/index.php?rest_route=%2Fwp%2Fv2%2Fproduct_tag&post=46772"}],"curies":[{"name":"wp","href":"https:\/\/api.w.org\/{rel}","templated":true}]}}