{"id":46808,"date":"2026-05-13T14:10:51","date_gmt":"2026-05-13T12:10:51","guid":{"rendered":"https:\/\/premino.pl\/?product=cloud-mousse-zel-budujacy-ice-latte-15g"},"modified":"2026-05-13T14:10:52","modified_gmt":"2026-05-13T12:10:52","slug":"cloud-mousse-zel-budujacy-ice-latte-15g","status":"publish","type":"product","link":"https:\/\/premino.pl\/?product=cloud-mousse-zel-budujacy-ice-latte-15g","title":{"rendered":"Cloud Mousse \u017cel buduj\u0105cy Ice Latte 15g"},"content":{"rendered":"<p>Puszysty jak chmurka \u017cel o konsystencji, kt\u00f3ra \u0142\u0105czy galaretk\u0119 z \u017celem samopoziomuj\u0105cym. Twardy \u017cel nadaj\u0105cy si\u0119 do przed\u0142u\u017ce\u0144 kr\u00f3tkich, \u015brednich, d\u0142ugich i bardzo d\u0142ugich oraz do nadbudowy, utwardzania naturalnej p\u0142ytki lub stworzenia samego szkieletu. Bardzo g\u0119sta konsystencja i wolne poziomowanie si\u0119 pozwala na wyd\u0142u\u017cony czas pracy, dlatego produkt ten b\u0119dzie doskona\u0142y dla stylistek, kt\u00f3re dopiero zaczynaj\u0105 swoj\u0105 przygod\u0119 ze \u015bwiatem stylizacji paznokci. Do\u015bwiadczone stylistki spokojnie roz\u0142o\u017c\u0105 produkt na czterech paznokciach na raz, co pozwoli zaoszcz\u0119dzi\u0107 wiele czasu podczas wykonywania stylizacji i tym samym przy\u015bpieszy\u0107 tempo pracy. Dzi\u0119ki swoim cechom i unikalnej konsystencji \u017cel ten idealnie sprawdzi si\u0119 w korektach, podczas uzupe\u0142niania ubytk\u00f3w oraz we wszelkiego rodzaju konstrukcyjnych stylizacjach, np. we frenczu konstrukcyjnym. Poziomuj\u0105ca si\u0119 struktura sprawi, \u017ce \u017cel wyg\u0142adzi swoj\u0105 powierzchni\u0119 samoistnie, dzi\u0119ki czemu pi\u0142owania b\u0119dzie o wiele mniej, ni\u017c jest w przypadku typowych &#8222;galaretek&#8221;. Po wymieszaniu w opakowaniu lub podczas rozk\u0142adania pulsacyjnymi ruchami produkt staje si\u0119 delikatnie rzadszy, co umo\u017cliwia jeszcze \u0142atwiejsz\u0105 aplikacj\u0119. Niezwykle trwa\u0142y i odporny na uszkodzenia mechaniczne \u017cel w po\u0142\u0105czeniu z systemem (Dehydrator, Bonder no acid, Multifunction Grafen Base) zapewni wytrzyma\u0142\u0105 i solidn\u0105 stylizacj\u0119. \u0141atwy w opracowaniu pilnikiem lub frezark\u0105.<\/p>\n<p><b>Specyfikacja:<br \/><\/b>Twardo\u015b\u0107: Twardy<br \/>Poziom krycia: 80%<br \/>Konsystencja: Specyficzna<br \/>Szybko\u015b\u0107 poziomowania: Wolne<\/p>\n<p><b>Przeznaczenie:<br \/><\/b>Kr\u00f3tkie, d\u0142ugie i bardzo d\u0142ugie przed\u0142u\u017cenia<br \/>Budowa samego szkieletu<br \/>Uzupe\u0142nienia i korekty<br \/>Utwardzenie naturalnej p\u0142ytki<\/p>\n<p><b>Czas utwardzania:<br \/><\/b>Lampa EXCELLENT PRO MASTER POWER 54W (365nm + 405nm): 60 sekund<br \/>Inne lampy UV\/LED (365nm + 405nm) oraz LED (405nm): 60\u2013120 sekund (w zale\u017cno\u015bci od mocy i rodzaju lampy)<br \/>Lampy UV (365nm): 120 sekund<\/p>\n<p><strong>Gramatura:<\/strong> g<br \/>\n<strong>Kolor:<\/strong> Ice Latte<br \/>\n<strong>Pojemno\u015b\u0107:<\/strong> 15<br \/>\n<strong>P\u0142e\u0107:<\/strong> damski<br \/>\n<strong>S\u0142o\u0144ce:<\/strong> nie<\/p>\n<p><strong>Uwagi:<\/strong><\/p>\n<p>Produkt przeznaczony wy\u0142\u0105cznie do u\u017cytku profesjonalnego. Mo\u017ce powodowa\u0107 reakcje alergiczne. Unika\u0107 bezpo\u015bredniego kontaktu ze sk\u00f3r\u0105 i oczami. Chroni\u0107 przed dzie\u0107mi. Przed u\u017cyciem nale\u017cy dok\u0142adnie zapozna\u0107 si\u0119 z instrukcj\u0105 i stosowa\u0107 zgodnie z jej przeznaczeniem. Nie stosowa\u0107 w przypadku nadwra\u017cliwo\u015bci na jakikolwiek sk\u0142adnik produktu. Sk\u0142ad produktu znajduje si\u0119 na etykiecie i mo\u017ce r\u00f3\u017cni\u0107 si\u0119 w zale\u017cno\u015bci od partii produkcyjnej. W razie wyst\u0105pienia reakcji niepo\u017c\u0105danej, takich jak pieczenie, sw\u0119dzenie czy zaczerwienienie, nale\u017cy przerwa\u0107 stosowanie i skonsultowa\u0107 si\u0119 z lekarzem. Produkt nale\u017cy aplikowa\u0107 wy\u0142\u0105cznie na zdrow\u0105, nieuszkodzon\u0105 p\u0142ytk\u0119 paznokcia. Przechowywa\u0107 w ch\u0142odnym, suchym miejscu, z dala od bezpo\u015bredniego \u015bwiat\u0142a s\u0142onecznego i \u017ar\u00f3de\u0142 ciep\u0142a.<\/p>\n<p><strong>Sk\u0142adniki:<\/strong><\/p>\n<p>INGREDIENTS: BIS-HEMA POLY(1 4-BUTANEDIOL)-22\/IPDI COPOLYMER, ISOBORNYL METHACRYLATE, SILICA, ETHYL TRIMETHYLBENZOYL PHENYLPHOSPHINATE, BHT, PEG-9 DIMETHACRYLATE, P-HYDROXYANISOLE, HYDROQUINONE, +\/- [CI 77891, CI 77491, CI 15850, CI 77499, CI 60725, CI 77492, CI 77007, CI 19140].<\/p>\n","protected":false},"excerpt":{"rendered":"<p> <strong>Gramatura:<\/strong> g<br \/>  <strong>Kolor:<\/strong> Ice Latte<br \/>  <strong>Pojemno\u015b\u0107:<\/strong> 15<br \/>  <strong>P\u0142e\u0107:<\/strong> damski<br \/>  <strong>S\u0142o\u0144ce:<\/strong> nie <\/p>\n","protected":false},"featured_media":46809,"comment_status":"open","ping_status":"closed","template":"","meta":{"_acf_changed":false},"kategoria-hurtowni":[83,174,267],"product_brand":[623],"product_cat":[76],"product_tag":[],"class_list":{"0":"post-46808","1":"product","2":"type-product","3":"status-publish","4":"has-post-thumbnail","6":"kategoria-hurtowni-makijaz","7":"kategoria-hurtowni-makijaz-paznokcie","8":"kategoria-hurtowni-zele-i-akryle","9":"product_brand-excellent-pro","10":"product_cat-primavera","12":"first","13":"outofstock","14":"taxable","15":"shipping-taxable","16":"product-type-simple"},"acf":[],"_links":{"self":[{"href":"https:\/\/premino.pl\/index.php?rest_route=\/wp\/v2\/product\/46808","targetHints":{"allow":["GET"]}}],"collection":[{"href":"https:\/\/premino.pl\/index.php?rest_route=\/wp\/v2\/product"}],"about":[{"href":"https:\/\/premino.pl\/index.php?rest_route=\/wp\/v2\/types\/product"}],"replies":[{"embeddable":true,"href":"https:\/\/premino.pl\/index.php?rest_route=%2Fwp%2Fv2%2Fcomments&post=46808"}],"wp:featuredmedia":[{"embeddable":true,"href":"https:\/\/premino.pl\/index.php?rest_route=\/wp\/v2\/media\/46809"}],"wp:attachment":[{"href":"https:\/\/premino.pl\/index.php?rest_route=%2Fwp%2Fv2%2Fmedia&parent=46808"}],"wp:term":[{"taxonomy":"kategoria-hurtowni","embeddable":true,"href":"https:\/\/premino.pl\/index.php?rest_route=%2Fwp%2Fv2%2Fkategoria-hurtowni&post=46808"},{"taxonomy":"product_brand","embeddable":true,"href":"https:\/\/premino.pl\/index.php?rest_route=%2Fwp%2Fv2%2Fproduct_brand&post=46808"},{"taxonomy":"product_cat","embeddable":true,"href":"https:\/\/premino.pl\/index.php?rest_route=%2Fwp%2Fv2%2Fproduct_cat&post=46808"},{"taxonomy":"product_tag","embeddable":true,"href":"https:\/\/premino.pl\/index.php?rest_route=%2Fwp%2Fv2%2Fproduct_tag&post=46808"}],"curies":[{"name":"wp","href":"https:\/\/api.w.org\/{rel}","templated":true}]}}