{"id":47086,"date":"2026-05-13T14:12:33","date_gmt":"2026-05-13T12:12:33","guid":{"rendered":"https:\/\/premino.pl\/?product=nailsology-lakier-hybrydowy-048-juicy-dream-8ml"},"modified":"2026-05-13T14:12:33","modified_gmt":"2026-05-13T12:12:33","slug":"nailsology-lakier-hybrydowy-048-juicy-dream-8ml","status":"publish","type":"product","link":"https:\/\/premino.pl\/?product=nailsology-lakier-hybrydowy-048-juicy-dream-8ml","title":{"rendered":"Nailsology lakier hybrydowy 048 Juicy Dream 8ml"},"content":{"rendered":"<p>Lakier hybrydowy Clavier Nailsology to idealne po\u0142\u0105czenie zalet \u017celu i lakieru klasycznego. Zapewnia \u0142atw\u0105 aplikacj\u0119 jak tradycyjny lakier oraz trwa\u0142o\u015b\u0107 i odporno\u015b\u0107 charakterystyczn\u0105 dla \u017celu dzi\u0119ki utwardzaniu w lampie UV\/LED. Malowanie paznokci przebiega dok\u0142adnie tak samo jak w przypadku lakieru klasycznego \u2013 jedyn\u0105 r\u00f3\u017cnic\u0105 jest utwardzenie ka\u017cdej warstwy pod lamp\u0105.<\/p>\n<p><b>Trwa\u0142o\u015b\u0107 nawet do 3 tygodni!<\/b><br \/>Lakier hybrydowy Nailsology cechuje si\u0119 wysok\u0105 odporno\u015bci\u0105 na zadrapania i odpryski, dzi\u0119ki czemu manicure pozostaje perfekcyjny nawet przez trzy tygodnie. Innowacyjna formu\u0142a lakiero-\u017celu sprawia, \u017ce paznokcie wygl\u0105daj\u0105 naturalnie, bez efektu sztuczno\u015bci, a jednocze\u015bnie zachwycaj\u0105 intensywnym kolorem i pi\u0119knym po\u0142yskiem.<\/p>\n<p><b>Dlaczego warto wybra\u0107 hybrydy CLAVIER Nailsology?<\/b><br \/>\u2022 d\u0142ugotrwa\u0142y manicure (do 3 tygodni)<br \/>\u2022 intensywny kolor i wysoki po\u0142ysk<br \/>\u2022 naturalny, estetyczny wygl\u0105d paznokci<br \/>\u2022 zwi\u0119kszona odporno\u015b\u0107 na uszkodzenia<\/p>\n<p>\u015arednio g\u0119sta konsystencja u\u0142atwia r\u00f3wnomierne nak\u0142adanie lakieru, co czyni go doskona\u0142ym wyborem r\u00f3wnie\u017c dla os\u00f3b rozpoczynaj\u0105cych przygod\u0119 z manicure hybrydowym.<\/p>\n<p>Lakier hybrydowy Clavier Nailsology nale\u017cy utwardza\u0107 w lampie UV lub LED. Stosowany w po\u0142\u0105czeniu z baz\u0105 i topem, a do usuwania wystarczy aceton.<\/p>\n<p><b>Spos\u00f3b u\u017cycia:<\/b><br \/>Przed u\u017cyciem dok\u0142adnie wstrz\u0105sn\u0105\u0107. Nak\u0142ada\u0107 na baz\u0119 hybrydow\u0105. Aplikowa\u0107 dwie cienkie warstwy, utwardzaj\u0105c ka\u017cd\u0105 z nich:<br \/>\u2013 120 sekund w lampie UV<br \/>\u2013 60 sekund w lampie LED<\/p>\n<p><strong>Gramatura:<\/strong> ml<br \/>\n<strong>Kolor:<\/strong> 048 Juicy Dream<br \/>\n<strong>Pojemno\u015b\u0107:<\/strong> 8<br \/>\n<strong>P\u0142e\u0107:<\/strong> damski<br \/>\n<strong>S\u0142o\u0144ce:<\/strong> nie<\/p>\n<p><strong>Uwagi:<\/strong><\/p>\n<p>Tylko do u\u017cytku profesjonalnego. Unika\u0107 kontaktu ze sk\u00f3r\u0105. Prosz\u0119 uwa\u017cnie przeczyta\u0107 spos\u00f3b u\u017cytku. Mo\u017ce powodowa\u0107 reakcj\u0119 alergiczn\u0105. Chroni\u0107 przed dzie\u0107mi. Unika\u0107 kontaktu z oczami. Nie wdycha\u0107 bezpo\u015brednio par produktu.<\/p>\n<p><strong>Sk\u0142adniki:<\/strong><\/p>\n<p>Di-Hema, Trimethylhexyl, Dicarbamate, HEMA, Hydroxypropyl, Methacrylate, Dimethicone, Isopropyl Alcohol, Butyl Acetate, Ethyl Acetate, Hydroxycyclohexyl, phenyl ketone, +\/-: Mica, CI77492, CI15850, CI77510, CI77491, CI77891, CI19140.<\/p>\n","protected":false},"excerpt":{"rendered":"<p> <strong>Gramatura:<\/strong> ml<br \/>  <strong>Kolor:<\/strong> 048 Juicy Dream<br \/>  <strong>Pojemno\u015b\u0107:<\/strong> 8<br \/>  <strong>P\u0142e\u0107:<\/strong> damski<br \/>  <strong>S\u0142o\u0144ce:<\/strong> nie <\/p>\n","protected":false},"featured_media":47087,"comment_status":"open","ping_status":"closed","template":"","meta":{"_acf_changed":false},"kategoria-hurtowni":[397,83,174],"product_brand":[176],"product_cat":[76],"product_tag":[],"class_list":{"0":"post-47086","1":"product","2":"type-product","3":"status-publish","4":"has-post-thumbnail","6":"kategoria-hurtowni-lakiery-hybrydowe","7":"kategoria-hurtowni-makijaz","8":"kategoria-hurtowni-makijaz-paznokcie","9":"product_brand-clavier","10":"product_cat-primavera","12":"first","13":"outofstock","14":"taxable","15":"shipping-taxable","16":"product-type-simple"},"acf":[],"_links":{"self":[{"href":"https:\/\/premino.pl\/index.php?rest_route=\/wp\/v2\/product\/47086","targetHints":{"allow":["GET"]}}],"collection":[{"href":"https:\/\/premino.pl\/index.php?rest_route=\/wp\/v2\/product"}],"about":[{"href":"https:\/\/premino.pl\/index.php?rest_route=\/wp\/v2\/types\/product"}],"replies":[{"embeddable":true,"href":"https:\/\/premino.pl\/index.php?rest_route=%2Fwp%2Fv2%2Fcomments&post=47086"}],"wp:featuredmedia":[{"embeddable":true,"href":"https:\/\/premino.pl\/index.php?rest_route=\/wp\/v2\/media\/47087"}],"wp:attachment":[{"href":"https:\/\/premino.pl\/index.php?rest_route=%2Fwp%2Fv2%2Fmedia&parent=47086"}],"wp:term":[{"taxonomy":"kategoria-hurtowni","embeddable":true,"href":"https:\/\/premino.pl\/index.php?rest_route=%2Fwp%2Fv2%2Fkategoria-hurtowni&post=47086"},{"taxonomy":"product_brand","embeddable":true,"href":"https:\/\/premino.pl\/index.php?rest_route=%2Fwp%2Fv2%2Fproduct_brand&post=47086"},{"taxonomy":"product_cat","embeddable":true,"href":"https:\/\/premino.pl\/index.php?rest_route=%2Fwp%2Fv2%2Fproduct_cat&post=47086"},{"taxonomy":"product_tag","embeddable":true,"href":"https:\/\/premino.pl\/index.php?rest_route=%2Fwp%2Fv2%2Fproduct_tag&post=47086"}],"curies":[{"name":"wp","href":"https:\/\/api.w.org\/{rel}","templated":true}]}}