{"id":47144,"date":"2026-05-13T14:12:47","date_gmt":"2026-05-13T12:12:47","guid":{"rendered":"https:\/\/premino.pl\/?product=nailsology-french-base-kolorowa-baza-hybrydowa-f8-rassjelly-8ml"},"modified":"2026-05-13T14:12:58","modified_gmt":"2026-05-13T12:12:58","slug":"nailsology-french-base-kolorowa-baza-hybrydowa-f8-rassjelly-8ml","status":"publish","type":"product","link":"https:\/\/premino.pl\/?product=nailsology-french-base-kolorowa-baza-hybrydowa-f8-rassjelly-8ml","title":{"rendered":"Nailsology French Base kolorowa baza hybrydowa F8 Rassjelly 8ml"},"content":{"rendered":"<p>Kolorowa baza hybrydowa French Base to idealna propozycja do wykonania klasycznego french manicure w kultowych, ponadczasowych odcieniach.\u00a0<\/p>\n<p>Samopoziomuj\u0105ca formu\u0142a kolorowej bazy hybrydowej umo\u017cliwia stworzenie naturalnie wygl\u0105daj\u0105cego manicure. Produkt doskonale sprawdza si\u0119 na problematycznej p\u0142ytce paznokcia, wzmacnia j\u0105 oraz pozwala na delikatn\u0105 nadbudow\u0119 i wyr\u00f3wnanie powierzchni. Odpowiednia konsystencja u\u0142atwia aplikacj\u0119, zapobiega zalewaniu sk\u00f3rek i gwarantuje estetyczny efekt.<\/p>\n<p>Dzi\u0119ki g\u0119stej strukturze baza pozwala nie tylko na wzmocnienie, ale tak\u017ce na nadbudow\u0119 i przed\u0142u\u017cenie paznokci nawet do 3 cm. Skutecznie wype\u0142nia bruzdy, modeluje p\u0142ytk\u0119 i chroni j\u0105 przed rozdwajaniem. Elastyczna i wytrzyma\u0142a formu\u0142a zapewnia trwa\u0142o\u015b\u0107 manicure nawet do 3 tygodni.<\/p>\n<p>Produkt utwardza si\u0119 w lampie UV lub LED. Stosowany w po\u0142\u0105czeniu z baz\u0105\/topem, a usuwany przy pomocy acetonu.<\/p>\n<p><b>Spos\u00f3b u\u017cycia:\u00a0<\/b>Na dok\u0142adnie oczyszczon\u0105 p\u0142ytk\u0119 paznokcia na\u0142\u00f3\u017c cienk\u0105 warstw\u0119 bazy i utward\u017a w lampie UV\/LED przez 30 sekund.<\/p>\n<p><strong>Gramatura:<\/strong> ml<br \/>\n<strong>Pojemno\u015b\u0107:<\/strong> 8<br \/>\n<strong>P\u0142e\u0107:<\/strong> damski<br \/>\n<strong>S\u0142o\u0144ce:<\/strong> nie<\/p>\n<p><strong>Uwagi:<\/strong><\/p>\n<p>Tylko do u\u017cytku profesjonalnego. Unika\u0107 kontaktu ze sk\u00f3r\u0105. Prosz\u0119 uwa\u017cnie przeczyta\u0107 spos\u00f3b u\u017cytku. Mo\u017ce powodowa\u0107 reakcj\u0119 alergiczn\u0105. Chroni\u0107 przed dzie\u0107mi. Unika\u0107 kontaktu z oczami. Nie wdycha\u0107 bezpo\u015brednio par produktu.<\/p>\n<p><strong>Sk\u0142adniki:<\/strong><\/p>\n<p>Acrylates Copolymer, Dimethicone, Isobornyl Methacrylate, HEMA, Ethyl Trimethylbenzoyl phenylphosphinate, Hydroxypropyl methacrylate, CI 77891, CI 77491, CI 15850, CI 77742.<\/p>\n","protected":false},"excerpt":{"rendered":"<p> <strong>Gramatura:<\/strong> ml<br \/>  <strong>Pojemno\u015b\u0107:<\/strong> 8<br \/>  <strong>P\u0142e\u0107:<\/strong> damski<br \/>  <strong>S\u0142o\u0144ce:<\/strong> nie <\/p>\n","protected":false},"featured_media":47145,"comment_status":"open","ping_status":"closed","template":"","meta":{"_acf_changed":false},"kategoria-hurtowni":[289,83,174],"product_brand":[176],"product_cat":[76],"product_tag":[],"class_list":{"0":"post-47144","1":"product","2":"type-product","3":"status-publish","4":"has-post-thumbnail","6":"kategoria-hurtowni-bazy-i-top-coaty","7":"kategoria-hurtowni-makijaz","8":"kategoria-hurtowni-makijaz-paznokcie","9":"product_brand-clavier","10":"product_cat-primavera","12":"first","13":"outofstock","14":"taxable","15":"shipping-taxable","16":"product-type-simple"},"acf":[],"_links":{"self":[{"href":"https:\/\/premino.pl\/index.php?rest_route=\/wp\/v2\/product\/47144","targetHints":{"allow":["GET"]}}],"collection":[{"href":"https:\/\/premino.pl\/index.php?rest_route=\/wp\/v2\/product"}],"about":[{"href":"https:\/\/premino.pl\/index.php?rest_route=\/wp\/v2\/types\/product"}],"replies":[{"embeddable":true,"href":"https:\/\/premino.pl\/index.php?rest_route=%2Fwp%2Fv2%2Fcomments&post=47144"}],"wp:featuredmedia":[{"embeddable":true,"href":"https:\/\/premino.pl\/index.php?rest_route=\/wp\/v2\/media\/47145"}],"wp:attachment":[{"href":"https:\/\/premino.pl\/index.php?rest_route=%2Fwp%2Fv2%2Fmedia&parent=47144"}],"wp:term":[{"taxonomy":"kategoria-hurtowni","embeddable":true,"href":"https:\/\/premino.pl\/index.php?rest_route=%2Fwp%2Fv2%2Fkategoria-hurtowni&post=47144"},{"taxonomy":"product_brand","embeddable":true,"href":"https:\/\/premino.pl\/index.php?rest_route=%2Fwp%2Fv2%2Fproduct_brand&post=47144"},{"taxonomy":"product_cat","embeddable":true,"href":"https:\/\/premino.pl\/index.php?rest_route=%2Fwp%2Fv2%2Fproduct_cat&post=47144"},{"taxonomy":"product_tag","embeddable":true,"href":"https:\/\/premino.pl\/index.php?rest_route=%2Fwp%2Fv2%2Fproduct_tag&post=47144"}],"curies":[{"name":"wp","href":"https:\/\/api.w.org\/{rel}","templated":true}]}}