{"id":47150,"date":"2026-05-13T14:12:59","date_gmt":"2026-05-13T12:12:59","guid":{"rendered":"https:\/\/premino.pl\/?product=nailsology-diamond-top-nablyszczajacy-lakier-nawierzchniowy-do-manicure-hybrydowego-8ml"},"modified":"2026-05-13T14:13:00","modified_gmt":"2026-05-13T12:13:00","slug":"nailsology-diamond-top-nablyszczajacy-lakier-nawierzchniowy-do-manicure-hybrydowego-8ml","status":"publish","type":"product","link":"https:\/\/premino.pl\/?product=nailsology-diamond-top-nablyszczajacy-lakier-nawierzchniowy-do-manicure-hybrydowego-8ml","title":{"rendered":"Nailsology Diamond Top nab\u0142yszczaj\u0105cy lakier nawierzchniowy do manicure hybrydowego 8ml"},"content":{"rendered":"<p><b>Perfekcyjny blask i ochrona manicure<br \/><\/b>Diamond Top Coat to profesjonalny lakier nawierzchniowy, kt\u00f3ry zapewnia nieskazitelne wyko\u0144czenie ka\u017cdej stylizacji paznokci. Nadaje intensywny, diamentowy po\u0142ysk, podkre\u015blaj\u0105c g\u0142\u0119bi\u0119 koloru i dodaj\u0105c manicure eleganckiego, luksusowego charakteru.<\/p>\n<p>Zaawansowana formu\u0142a topu skutecznie chroni paznokcie przed \u015bcieraniem, odpryskami oraz zarysowaniami, dzi\u0119ki czemu manicure zachowuje idealny wygl\u0105d przez d\u0142ugi czas \u2013 nawet przy codziennym u\u017cytkowaniu. Produkt doskonale sprawdzi si\u0119 zar\u00f3wno przy manicure hybrydowym, jak i klasycznym, wzmacniaj\u0105c jego trwa\u0142o\u015b\u0107 i estetyk\u0119.<\/p>\n<p><b>Dlaczego warto wybra\u0107 Diamond Top Coat?<\/b><br \/>\u2022 Bezbarwna, elastyczna formu\u0142a \u2013 nie zmienia koloru lakieru<br \/>\u2022 D\u0142ugotrwa\u0142a ochrona \u2013 odporno\u015b\u0107 na odpryski i uszkodzenia<br \/>\u2022 Efekt szklistych paznokci \u2013 intensywny po\u0142ysk utrzymuj\u0105cy si\u0119 przez wiele dni<br \/>\u2022 Bez warstwy dyspersyjnej \u2013 brak konieczno\u015bci przemywania po utwardzeniu<\/p>\n<p><b>Spos\u00f3b u\u017cycia:<\/b><br \/>Po wykonaniu stylizacji lakierem hybrydowym na\u0142\u00f3\u017c cienk\u0105 warstw\u0119 Diamond Top Coat, a nast\u0119pnie utward\u017a w lampie UV\/LED przez 30\u201360 sekund.<\/p>\n<p><strong>Gramatura:<\/strong> ml<br \/>\n<strong>Pojemno\u015b\u0107:<\/strong> 8<br \/>\n<strong>P\u0142e\u0107:<\/strong> damski<br \/>\n<strong>S\u0142o\u0144ce:<\/strong> nie<\/p>\n<p><strong>Uwagi:<\/strong><\/p>\n<p>Tylko do u\u017cytku profesjonalnego. Unika\u0107 kontaktu ze sk\u00f3r\u0105. Prosz\u0119 uwa\u017cnie przeczyta\u0107 spos\u00f3b u\u017cycia.<\/p>\n<p><strong>Sk\u0142adniki:<\/strong><\/p>\n<p>Acrylates Copolymer, Hydroxypropyl Methacrylate, Dimethicone, Ethyl Trimethylbenzoyl, Phenylphosphinate.<\/p>\n","protected":false},"excerpt":{"rendered":"<p> <strong>Gramatura:<\/strong> ml<br \/>  <strong>Pojemno\u015b\u0107:<\/strong> 8<br \/>  <strong>P\u0142e\u0107:<\/strong> damski<br \/>  <strong>S\u0142o\u0144ce:<\/strong> nie <\/p>\n","protected":false},"featured_media":47151,"comment_status":"open","ping_status":"closed","template":"","meta":{"_acf_changed":false},"kategoria-hurtowni":[289,83,174],"product_brand":[176],"product_cat":[76],"product_tag":[],"class_list":{"0":"post-47150","1":"product","2":"type-product","3":"status-publish","4":"has-post-thumbnail","6":"kategoria-hurtowni-bazy-i-top-coaty","7":"kategoria-hurtowni-makijaz","8":"kategoria-hurtowni-makijaz-paznokcie","9":"product_brand-clavier","10":"product_cat-primavera","12":"first","13":"outofstock","14":"taxable","15":"shipping-taxable","16":"product-type-simple"},"acf":[],"_links":{"self":[{"href":"https:\/\/premino.pl\/index.php?rest_route=\/wp\/v2\/product\/47150","targetHints":{"allow":["GET"]}}],"collection":[{"href":"https:\/\/premino.pl\/index.php?rest_route=\/wp\/v2\/product"}],"about":[{"href":"https:\/\/premino.pl\/index.php?rest_route=\/wp\/v2\/types\/product"}],"replies":[{"embeddable":true,"href":"https:\/\/premino.pl\/index.php?rest_route=%2Fwp%2Fv2%2Fcomments&post=47150"}],"wp:featuredmedia":[{"embeddable":true,"href":"https:\/\/premino.pl\/index.php?rest_route=\/wp\/v2\/media\/47151"}],"wp:attachment":[{"href":"https:\/\/premino.pl\/index.php?rest_route=%2Fwp%2Fv2%2Fmedia&parent=47150"}],"wp:term":[{"taxonomy":"kategoria-hurtowni","embeddable":true,"href":"https:\/\/premino.pl\/index.php?rest_route=%2Fwp%2Fv2%2Fkategoria-hurtowni&post=47150"},{"taxonomy":"product_brand","embeddable":true,"href":"https:\/\/premino.pl\/index.php?rest_route=%2Fwp%2Fv2%2Fproduct_brand&post=47150"},{"taxonomy":"product_cat","embeddable":true,"href":"https:\/\/premino.pl\/index.php?rest_route=%2Fwp%2Fv2%2Fproduct_cat&post=47150"},{"taxonomy":"product_tag","embeddable":true,"href":"https:\/\/premino.pl\/index.php?rest_route=%2Fwp%2Fv2%2Fproduct_tag&post=47150"}],"curies":[{"name":"wp","href":"https:\/\/api.w.org\/{rel}","templated":true}]}}