{"id":47170,"date":"2026-05-13T14:13:08","date_gmt":"2026-05-13T12:13:08","guid":{"rendered":"https:\/\/premino.pl\/?product=muaestro-klej-do-kepek-rzes-z-pedzelkiem-bialy-5g"},"modified":"2026-05-13T14:13:09","modified_gmt":"2026-05-13T12:13:09","slug":"muaestro-klej-do-kepek-rzes-z-pedzelkiem-bialy-5g","status":"publish","type":"product","link":"https:\/\/premino.pl\/?product=muaestro-klej-do-kepek-rzes-z-pedzelkiem-bialy-5g","title":{"rendered":"MUAestro klej do k\u0119pek rz\u0119s z p\u0119dzelkiem Bia\u0142y 5g"},"content":{"rendered":"<p>Clavier MUAestro to profesjonalny klej do rz\u0119s stworzony z my\u015bl\u0105 o wiza\u017cystkach preferuj\u0105cych wygodne opakowanie z p\u0119dzelkiem. \u0141\u0105czy elastyczn\u0105, a jednocze\u015bnie wyj\u0105tkowo trwa\u0142\u0105 formu\u0142\u0119 z lekk\u0105 konsystencj\u0105, kt\u00f3ra umo\u017cliwia szybk\u0105 i precyzyjn\u0105 aplikacj\u0119. Niska oparowo\u015b\u0107 oraz delikatny zapach zapewniaj\u0105 wysoki komfort pracy makija\u017cystki oraz wygod\u0119 noszenia dla klientki.<\/p>\n<p>Z klejem MUAestro masz pewno\u015b\u0107, \u017ce rz\u0119sy pozostan\u0105 idealnie na swoim miejscu a\u017c do demakija\u017cu. Ciesz si\u0119 komfortem noszenia i perfekcyjnym, efektownym wachlarzem przez ca\u0142\u0105 noc!<\/p>\n<p><b>Spos\u00f3b u\u017cycia:<br \/><\/b>1. Na\u0142\u00f3\u017c cienk\u0105 warstw\u0119 kleju na pasek rz\u0119s lub delikatnie zanurz ko\u0144c\u00f3wk\u0119 k\u0119pki w kleju (nigdy nie aplikuj kleju bezpo\u015brednio na powiek\u0119).<br \/>2. Odczekaj kilka sekund, a\u017c klej zacznie si\u0119 wi\u0105za\u0107.<br \/>3. Przy\u0142\u00f3\u017c rz\u0119s\u0119 syntetyczn\u0105 do nasady rz\u0119s naturalnych i delikatnie doci\u015bnij.<br \/>4. Sprawd\u017a u\u0142o\u017cenie rz\u0119sy i w razie potrzeby subtelnie j\u0105 wymodeluj.<br \/>5. Gotowe!<\/p>\n<p><strong>Gramatura:<\/strong> g<br \/>\n<strong>Kolor:<\/strong> Bia\u0142y<br \/>\n<strong>Pojemno\u015b\u0107:<\/strong> 5<br \/>\n<strong>P\u0142e\u0107:<\/strong> damski<br \/>\n<strong>S\u0142o\u0144ce:<\/strong> nie<\/p>\n<p><strong>Uwagi:<\/strong><\/p>\n<p>Tylko do u\u017cytku profesjonalnego. Mo\u017ce powodowa\u0107 reakcj\u0119 alergiczn\u0105. Przechowywa\u0107 w miejscu niedost\u0119pnym dla dzieci. Tylko do u\u017cytku zewn\u0119trznego. Unika\u0107 kontaktu z oczami. W przypadku kontaktu z oczami przemy\u0107 je wod\u0105. Je\u015bli wyst\u0105pi zaczerwienienie lub podra\u017cnienie nale\u017cy przerwa\u0107 stosowanie i skonsultowa\u0107 si\u0119 z lekarzem. Prosz\u0119 uwa\u017cnie przeczyta\u0107 spos\u00f3b u\u017cycia.<\/p>\n<p><strong>Sk\u0142adniki:<\/strong><\/p>\n<p>Acrylates\/Ethylhexyl Acrylate Copolymer, Aqua, Phenoxyethanol, Ethylhexylglyerin.<\/p>\n","protected":false},"excerpt":{"rendered":"<p> <strong>Gramatura:<\/strong> g<br \/>  <strong>Kolor:<\/strong> Bia\u0142y<br \/>  <strong>Pojemno\u015b\u0107:<\/strong> 5<br \/>  <strong>P\u0142e\u0107:<\/strong> damski<br \/>  <strong>S\u0142o\u0144ce:<\/strong> nie <\/p>\n","protected":false},"featured_media":47171,"comment_status":"open","ping_status":"closed","template":"","meta":{"_acf_changed":false},"kategoria-hurtowni":[83,126,198],"product_brand":[176],"product_cat":[76],"product_tag":[],"class_list":{"0":"post-47170","1":"product","2":"type-product","3":"status-publish","4":"has-post-thumbnail","6":"kategoria-hurtowni-makijaz","7":"kategoria-hurtowni-makijaz-oczy","8":"kategoria-hurtowni-sztuczne-rzesy","9":"product_brand-clavier","10":"product_cat-primavera","12":"first","13":"outofstock","14":"taxable","15":"shipping-taxable","16":"product-type-simple"},"acf":[],"_links":{"self":[{"href":"https:\/\/premino.pl\/index.php?rest_route=\/wp\/v2\/product\/47170","targetHints":{"allow":["GET"]}}],"collection":[{"href":"https:\/\/premino.pl\/index.php?rest_route=\/wp\/v2\/product"}],"about":[{"href":"https:\/\/premino.pl\/index.php?rest_route=\/wp\/v2\/types\/product"}],"replies":[{"embeddable":true,"href":"https:\/\/premino.pl\/index.php?rest_route=%2Fwp%2Fv2%2Fcomments&post=47170"}],"wp:featuredmedia":[{"embeddable":true,"href":"https:\/\/premino.pl\/index.php?rest_route=\/wp\/v2\/media\/47171"}],"wp:attachment":[{"href":"https:\/\/premino.pl\/index.php?rest_route=%2Fwp%2Fv2%2Fmedia&parent=47170"}],"wp:term":[{"taxonomy":"kategoria-hurtowni","embeddable":true,"href":"https:\/\/premino.pl\/index.php?rest_route=%2Fwp%2Fv2%2Fkategoria-hurtowni&post=47170"},{"taxonomy":"product_brand","embeddable":true,"href":"https:\/\/premino.pl\/index.php?rest_route=%2Fwp%2Fv2%2Fproduct_brand&post=47170"},{"taxonomy":"product_cat","embeddable":true,"href":"https:\/\/premino.pl\/index.php?rest_route=%2Fwp%2Fv2%2Fproduct_cat&post=47170"},{"taxonomy":"product_tag","embeddable":true,"href":"https:\/\/premino.pl\/index.php?rest_route=%2Fwp%2Fv2%2Fproduct_tag&post=47170"}],"curies":[{"name":"wp","href":"https:\/\/api.w.org\/{rel}","templated":true}]}}