{"id":47188,"date":"2026-05-13T14:13:15","date_gmt":"2026-05-13T12:13:15","guid":{"rendered":"https:\/\/premino.pl\/?product=woman-multiwitaminy-dla-kobiet-suplement-diety-90-30-tabletek"},"modified":"2026-05-13T14:13:15","modified_gmt":"2026-05-13T12:13:15","slug":"woman-multiwitaminy-dla-kobiet-suplement-diety-90-30-tabletek","status":"publish","type":"product","link":"https:\/\/premino.pl\/?product=woman-multiwitaminy-dla-kobiet-suplement-diety-90-30-tabletek","title":{"rendered":"Woman multiwitaminy dla kobiet suplement diety 90 + 30 tabletek"},"content":{"rendered":"<p><b>Centrum Woman to kompletny zestaw witamin i minera\u0142\u00f3w dla kobiet, wa\u017cny dla ich zdrowia i dobrego samopoczucia.<\/b><\/p>\n<p>Zaawansowana formu\u0142a Centrum Woman zosta\u0142a opracowana w taki spos\u00f3b, aby codziennie wspiera\u0107 zdrowie i dobre samopoczucie kobiet.<\/p>\n<p>\u2022 Suplement diety zawiera witaminy z grupy B (B\u2081, B\u2082, B\u2086, B\u2081\u2082), \u017celazo i magnez, kt\u00f3re przyczyniaj\u0105 si\u0119 do prawid\u0142owego\u00a0metabolizmu energetycznego.<br \/>\u2022\u00a0Odporno\u015b\u0107 &#8211; witaminy D, A i C, kwas foliowy, mied\u017a, selen i cynk przyczyniaj\u0105 si\u0119 do prawid\u0142owego funkcjonowania uk\u0142adu odporno\u015bciowego.<br \/>\u2022\u00a0Zdrowe w\u0142osy, sk\u00f3ra i paznokcie &#8211; biotyna i cynk przyczyniaj\u0105 si\u0119 do utrzymania zdrowych w\u0142os\u00f3w i sk\u00f3ry. Selen przyczynia si\u0119 do utrzymania zdrowej kondycji paznokci.<br \/>\u2022\u00a0Zdrowe ko\u015bci &#8211;\u00a0wap\u0144, witaminy D i K, kt\u00f3re przyczyniaj\u0105 si\u0119 do utrzymania zdrowych ko\u015bci.<\/p>\n<p><b>Zalecane dzienne spo\u017cycie:\u00a0<\/b>Nale\u017cy stosowa\u0107 1 tabletk\u0119 dziennie. Nie nale\u017cy przekracza\u0107 zalecanej porcji dziennej.<\/p>\n<p><strong>Forma podania:<\/strong> tabletki<br \/>\n<strong>Gramatura:<\/strong> sztuka<br \/>\n<strong>Pojemno\u015b\u0107:<\/strong> 120<br \/>\n<strong>P\u0142e\u0107:<\/strong> damski<br \/>\n<strong>Rodzaj:<\/strong> witaminy i minera\u0142y<\/p>\n<p><strong>Uwagi:<\/strong><\/p>\n<p>Zr\u00f3\u017cnicowana i zr\u00f3wnowa\u017cona dieta oraz zdrowy tryb \u017cycia s\u0105 bardzo wa\u017cne, dlatego te\u017c produktu tego nie nale\u017cy stosowa\u0107 jako substytutu (zamiennika) zr\u00f3\u017cnicowanej diety. B\u0119d\u0105c w ci\u0105\u017cy, przez za\u017cyciem Centrum nale\u017cy skonsultowa\u0107 si\u0119 z lekarzem b\u0105d\u017a farmaceut\u0105, ze wzgl\u0119du na to, i\u017c produkt zawiera witamin\u0119 A. Nie stosowa\u0107 w przypadku nadwra\u017cliwo\u015bci na kt\u00f3rykolwiek ze sk\u0142adnik\u00f3w preparatu. Przechowywa\u0107 w suchym miejscu, w temperaturze poni\u017cej 25\u2070C. Przechowywa\u0107 w spos\u00f3b niedost\u0119pny dla ma\u0142ych dzieci. Nie stosowa\u0107, je\u015bli folia na opakowaniu jest uszkodzona. Po u\u017cyciu nale\u017cy dok\u0142adnie zamkn\u0105\u0107 wieczko.<\/p>\n<p><strong>Sk\u0142adniki:<\/strong><\/p>\n<p>sole wapniowe kwasu ortofosforowego; w\u0119glan wapnia; tlenek magnezu; substancje wype\u0142niaj\u0105ce: E 460, E 464, E 1200; kwas L-askorbinowy; substancje przeciwzbrylaj\u0105ce: E 468, E 551, E 553b, E 470b; fumaran \u017celaza (II); octan DL-alfa-tokoferylu; amid kwasu nikotynowego; D-pantotenian wapnia; tlenek cynku; chlorowodorek pirydoksyny; ryboflawina; monoazotan tiaminy; olej ro\u015blinny (kokosowy i palmowy); beta-karoten; siarczan miedzi (II); octan retinylu; kwas pteroilomonoglutaminowy; chlorek chromu (III); molibdenian (VI) sodu; jodek potasu; selenian (VI) sodu; D-biotyna; filochinon; cholekalcyferol; cyjanokobalamina; barwniki: E 120, E 133.<\/p>\n","protected":false},"excerpt":{"rendered":"<p> <strong>Forma podania:<\/strong> tabletki<br \/>  <strong>Gramatura:<\/strong> sztuka<br \/>  <strong>Pojemno\u015b\u0107:<\/strong> 120<br \/>  <strong>P\u0142e\u0107:<\/strong> damski<br \/>  <strong>Rodzaj:<\/strong> witaminy i minera\u0142y <\/p>\n","protected":false},"featured_media":47189,"comment_status":"open","ping_status":"closed","template":"","meta":{"_acf_changed":false},"kategoria-hurtowni":[206,205],"product_brand":[619],"product_cat":[76],"product_tag":[],"class_list":{"0":"post-47188","1":"product","2":"type-product","3":"status-publish","4":"has-post-thumbnail","6":"kategoria-hurtowni-suplementy-diety","7":"kategoria-hurtowni-zdrowie","8":"product_brand-centrum","9":"product_cat-primavera","11":"first","12":"outofstock","13":"taxable","14":"shipping-taxable","15":"product-type-simple"},"acf":[],"_links":{"self":[{"href":"https:\/\/premino.pl\/index.php?rest_route=\/wp\/v2\/product\/47188","targetHints":{"allow":["GET"]}}],"collection":[{"href":"https:\/\/premino.pl\/index.php?rest_route=\/wp\/v2\/product"}],"about":[{"href":"https:\/\/premino.pl\/index.php?rest_route=\/wp\/v2\/types\/product"}],"replies":[{"embeddable":true,"href":"https:\/\/premino.pl\/index.php?rest_route=%2Fwp%2Fv2%2Fcomments&post=47188"}],"wp:featuredmedia":[{"embeddable":true,"href":"https:\/\/premino.pl\/index.php?rest_route=\/wp\/v2\/media\/47189"}],"wp:attachment":[{"href":"https:\/\/premino.pl\/index.php?rest_route=%2Fwp%2Fv2%2Fmedia&parent=47188"}],"wp:term":[{"taxonomy":"kategoria-hurtowni","embeddable":true,"href":"https:\/\/premino.pl\/index.php?rest_route=%2Fwp%2Fv2%2Fkategoria-hurtowni&post=47188"},{"taxonomy":"product_brand","embeddable":true,"href":"https:\/\/premino.pl\/index.php?rest_route=%2Fwp%2Fv2%2Fproduct_brand&post=47188"},{"taxonomy":"product_cat","embeddable":true,"href":"https:\/\/premino.pl\/index.php?rest_route=%2Fwp%2Fv2%2Fproduct_cat&post=47188"},{"taxonomy":"product_tag","embeddable":true,"href":"https:\/\/premino.pl\/index.php?rest_route=%2Fwp%2Fv2%2Fproduct_tag&post=47188"}],"curies":[{"name":"wp","href":"https:\/\/api.w.org\/{rel}","templated":true}]}}