{"id":47206,"date":"2026-05-13T14:13:22","date_gmt":"2026-05-13T12:13:22","guid":{"rendered":"https:\/\/premino.pl\/?product=infinity-gold-woda-perfumowana-spray-105ml"},"modified":"2026-05-13T14:13:22","modified_gmt":"2026-05-13T12:13:22","slug":"infinity-gold-woda-perfumowana-spray-105ml","status":"publish","type":"product","link":"https:\/\/premino.pl\/?product=infinity-gold-woda-perfumowana-spray-105ml","title":{"rendered":"Infinity Gold woda perfumowana spray 105ml"},"content":{"rendered":"<p>Armaf Infinity Gold to wyrafinowana kompozycja stworzona dla nowoczesnej kobiety emanuj\u0105cej pewno\u015bci\u0105 siebie i elegancj\u0105. Ten luksusowy aromat zachwyca swoj\u0105 g\u0142\u0119bi\u0105 i pozostawia niezatarte wra\u017cenie \u2014 doskonale sprawdzi si\u0119 zar\u00f3wno podczas uroczystego wieczoru, jak i w codziennych sytuacjach, dodaj\u0105c wyj\u0105tkowego charakteru ka\u017cdej chwili.<\/p>\n<p><b>Nuty zapachowe:<br \/><\/b><br \/><b>Nuta g\u0142owy: <\/b>gruszka, lawenda, r\u00f3\u017ca<br \/><b>Nuta serca: <\/b>ylang-ylang, ja\u015bmin<br \/><b>Nuta bazy: <\/b>pi\u017cmo, wanilia, mech<\/p>\n<p><strong>Gramatura:<\/strong> ml<br \/>\n<strong>Linia k\u0105pielowa:<\/strong> nie<br \/>\n<strong>Miniatura:<\/strong> nie<br \/>\n<strong>Nuta bazy:<\/strong> mech, pi\u017cmo, wanilia<br \/>\n<strong>Nuta g\u0142owy:<\/strong> gruszka, lawenda, r\u00f3\u017ca<br \/>\n<strong>Nuta g\u0142\u00f3wna:<\/strong> drzewne, kwiatowe, pi\u017cmowe<br \/>\n<strong>Nuta serca:<\/strong> ja\u015bmin, ylang-ylang<br \/>\n<strong>Pojemno\u015b\u0107:<\/strong> 105<br \/>\n<strong>Produkt rzadki:<\/strong> nie<br \/>\n<strong>Pr\u00f3bka:<\/strong> nie<br \/>\n<strong>P\u0142e\u0107:<\/strong> damski<br \/>\n<strong>Rodzaj:<\/strong> woda perfumowana<br \/>\n<strong>Tester:<\/strong> nie<br \/>\n<strong>Zapach alternatywny:<\/strong> nie<br \/>\n<strong>Zestaw:<\/strong> nie<\/p>\n<p><strong>Uwagi:<\/strong><\/p>\n<p>PRODUKT \u0141ATWOPALNY. TYLKO DO U\u017bYTKU ZEWN\u0118TRZNEGO. UNIKA\u0106 KONTAKTU Z OCZAMI. PRZECHOWYWA\u0106 Z DALA OD \u0179R\u00d3DE\u0141 CIEP\u0141A I OGNIA. PRZECHOWYWA\u0106 W CH\u0141ODNYM I SUCHYM MIEJSCU.<\/p>\n<p><strong>Sk\u0142adniki:<\/strong><\/p>\n<p>Alcohol Denat, Fragrance (Parfum), Water (Aqua), Limonene, Linalool, Citronellol, Benzyl Benzoate, Coumarin, Hydroxycitronellal, Citral, Geraniol, Benzyl Salicylate, Eugenol, Alpha Isonethyl Ionone, Hexyl Cinnamal.<\/p>\n","protected":false},"excerpt":{"rendered":"<p> <strong>Gramatura:<\/strong> ml<br \/>  <strong>Linia k\u0105pielowa:<\/strong> nie<br \/>  <strong>Miniatura:<\/strong> nie<br \/>  <strong>Nuta bazy:<\/strong> mech, pi\u017cmo, wanilia<br \/>  <strong>Nuta g\u0142owy:<\/strong> gruszka, lawenda, r\u00f3\u017ca<br \/>  <strong>Nuta g\u0142\u00f3wna:<\/strong> drzewne, kwiatowe, pi\u017cmowe<br \/>  <strong>Nuta serca:<\/strong> ja\u015bmin, ylang-ylang<br \/>  <strong>Pojemno\u015b\u0107:<\/strong> 105<br \/>  <strong>Produkt rzadki:<\/strong> nie<br \/>  <strong>Pr\u00f3bka:<\/strong> nie<br \/>  <strong>P\u0142e\u0107:<\/strong> damski<br \/>  <strong>Rodzaj:<\/strong> woda perfumowana<br \/>  <strong>Tester:<\/strong> nie<br \/>  <strong>Zapach alternatywny:<\/strong> nie<br \/>  <strong>Zestaw:<\/strong> nie <\/p>\n","protected":false},"featured_media":47207,"comment_status":"open","ping_status":"closed","template":"","meta":{"_acf_changed":false},"kategoria-hurtowni":[87,88],"product_brand":[373],"product_cat":[76],"product_tag":[],"class_list":{"0":"post-47206","1":"product","2":"type-product","3":"status-publish","4":"has-post-thumbnail","6":"kategoria-hurtowni-perfumy","7":"kategoria-hurtowni-zapachy","8":"product_brand-armaf","9":"product_cat-primavera","11":"first","12":"outofstock","13":"taxable","14":"shipping-taxable","15":"product-type-simple"},"acf":[],"_links":{"self":[{"href":"https:\/\/premino.pl\/index.php?rest_route=\/wp\/v2\/product\/47206","targetHints":{"allow":["GET"]}}],"collection":[{"href":"https:\/\/premino.pl\/index.php?rest_route=\/wp\/v2\/product"}],"about":[{"href":"https:\/\/premino.pl\/index.php?rest_route=\/wp\/v2\/types\/product"}],"replies":[{"embeddable":true,"href":"https:\/\/premino.pl\/index.php?rest_route=%2Fwp%2Fv2%2Fcomments&post=47206"}],"wp:featuredmedia":[{"embeddable":true,"href":"https:\/\/premino.pl\/index.php?rest_route=\/wp\/v2\/media\/47207"}],"wp:attachment":[{"href":"https:\/\/premino.pl\/index.php?rest_route=%2Fwp%2Fv2%2Fmedia&parent=47206"}],"wp:term":[{"taxonomy":"kategoria-hurtowni","embeddable":true,"href":"https:\/\/premino.pl\/index.php?rest_route=%2Fwp%2Fv2%2Fkategoria-hurtowni&post=47206"},{"taxonomy":"product_brand","embeddable":true,"href":"https:\/\/premino.pl\/index.php?rest_route=%2Fwp%2Fv2%2Fproduct_brand&post=47206"},{"taxonomy":"product_cat","embeddable":true,"href":"https:\/\/premino.pl\/index.php?rest_route=%2Fwp%2Fv2%2Fproduct_cat&post=47206"},{"taxonomy":"product_tag","embeddable":true,"href":"https:\/\/premino.pl\/index.php?rest_route=%2Fwp%2Fv2%2Fproduct_tag&post=47206"}],"curies":[{"name":"wp","href":"https:\/\/api.w.org\/{rel}","templated":true}]}}