{"id":47220,"date":"2026-05-13T14:13:22","date_gmt":"2026-05-13T12:13:22","guid":{"rendered":"https:\/\/premino.pl\/?product=telescopic-extensionist-tusz-do-rzes-black-9-9ml"},"modified":"2026-05-13T14:13:25","modified_gmt":"2026-05-13T12:13:25","slug":"telescopic-extensionist-tusz-do-rzes-black-9-9ml","status":"publish","type":"product","link":"https:\/\/premino.pl\/?product=telescopic-extensionist-tusz-do-rzes-black-9-9ml","title":{"rendered":"Telescopic Extensionist tusz do rz\u0119s Black 9.9ml"},"content":{"rendered":"<p>Tusz do rz\u0119s Telescopic Extensionist od L\u2019Or\u00e9al Paris zapewnia efekt widocznie wyd\u0142u\u017conych, pogrubionych i podkr\u0119conych rz\u0119s. Rz\u0119sy s\u0105 tak wyd\u0142u\u017cone, \u017ce unosz\u0105 si\u0119 a\u017c do 5 mm bli\u017cej brwi* Profilowana, zakrzywiona szczoteczka u\u0142atwia aplikacj\u0119 i pozwala na precyzyjne rozdzielenie rz\u0119s. Formu\u0142a wzbogacona o \u201emagnetyczne\u201d pigmenty i w\u0142\u00f3kna wyd\u0142u\u017caj\u0105ce nadaje rz\u0119som efekt spektakularnego wyd\u0142u\u017cenia. Rz\u0119sy wygl\u0105daj\u0105 na d\u0142u\u017csze i rozdzielone. Widocznie wyd\u0142u\u017ca ka\u017cd\u0105 rz\u0119s\u0119 \u2013 od nasady a\u017c po ko\u0144ce. Trwa\u0142o\u015b\u0107 do 24 h**. Nie rozmazuje si\u0119. Nie osypuje si\u0119. Odpowiednia dla wra\u017cliwych oczu. <\/p>\n<p><b>Korzy\u015bci:<\/b><br \/>\u2022 Efekt widocznie wyd\u0142u\u017conych rz\u0119s<br \/>\u2022 Precyzyjne rozdzielenie i podkr\u0119cenie<br \/>\u2022 Widocznie wi\u0119ksza d\u0142ugo\u015b\u0107, obj\u0119to\u015b\u0107 i podkr\u0119cenie<br \/>\u2022 Trwa\u0142o\u015b\u0107 do 24h*<br \/>\u2022 Nie rozmazuje si\u0119<br \/>\u2022 Nie osypuje si\u0119<br \/>\u2022 \u0141atwa i precyzyjna aplikacja <\/p>\n<p>*Test instrumentalny, 41 kobiet.<br \/>**Test konsumencki,157 kobiet.<\/p>\n<p><b>Aplikacja:<\/b><br \/>Przy\u0142\u00f3\u017c szczoteczk\u0119 u nasady rz\u0119s i delikatnie przeci\u0105gnij ku ko\u0144c\u00f3wkom, zaczynaj\u0105c od zewn\u0119trznego k\u0105cika oka w kierunku \u015brodka.<\/p>\n<p><strong>Efekt sztucznych rz\u0119s:<\/strong> tak<br \/>\n<strong>Gramatura:<\/strong> ml<br \/>\n<strong>Kolor:<\/strong> Black<br \/>\n<strong>Podkr\u0119caj\u0105ca:<\/strong> tak<br \/>\n<strong>Pogrubiaj\u0105ca:<\/strong> tak<br \/>\n<strong>Pojemno\u015b\u0107:<\/strong> 9.9<br \/>\n<strong>P\u0142e\u0107:<\/strong> damski<br \/>\n<strong>S\u0142o\u0144ce:<\/strong> nie<br \/>\n<strong>Wyd\u0142u\u017caj\u0105ca:<\/strong> tak<\/p>\n<p><strong>Uwagi:<\/strong><\/p>\n<p>Nie s\u0105 wymagane \u017cadne specjalne \u015brodki ostro\u017cno\u015bci przy u\u017cywaniu tego produktu w normalnych lub racjonalnie przewidywalnych warunkach u\u017cytkowania.<\/p>\n<p><strong>Sk\u0142adniki:<\/strong><\/p>\n<p>AQUA \/ WATER \u2022 PROPYLENE GLYCOL \u2022 STYRENE\/ACRYLATES\/AMMONIUM METHACRYLATE COPOLYMER \u2022 CERA ALBA \/ BEESWAX \u2022 ACRYLATES COPOLYMER \u2022 SYNTHETIC FLUORPHLOGOPITE \u2022 GLYCERYL STEARATE \u2022 CETYL ALCOHOL \u2022 PEG-200 GLYCERYL STEARATE \u2022 ETHYLENEDIAMINE\/STEARYL DIMER DILINOLEATE COPOLYMER \u2022 COPERNICIA CERIFERA CERA \/ CARNAUBA WAX \u2022 STEARIC ACID \u2022 PALMITIC ACID \u2022 ETHYLENE\/VA COPOLYMER \u2022 ALCOHOL DENAT. \u2022 PARAFFIN \u2022 AMINOMETHYL PROPANEDIOL \u2022 PHENOXYETHANOL \u2022 CAPRYLYL GLYCOL \u2022 GLYCERIN \u2022 HYDROXYETHYLCELLULOSE \u2022 BUTYLENE GLYCOL \u2022 XANTHAN GUM \u2022 CAPRYLIC\/CAPRIC TRIGLYCERIDE \u2022 RAYON \u2022 MYRISTIC ACID \u2022 SODIUM LAURETH-12 SULFATE \u2022 SODIUM DEHYDROACETATE \u2022 LAURETH-21 \u2022 C11-15 ALKETH-7 \u2022 PENTAERYTHRITYL TETRA-DI-T-BUTYL HYDROXYHYDROCINNAMATE \u2022 POTASSIUM SORBATE \u2022 TETRASODIUM EDTA \u2022 SILICA \u2022 BAMBUSA VULGARIS EXTRACT \u25cf [+\/- MAY CONTAIN: CI 77499 \/ IRON OXIDES]. (F.I.L.<\/p>\n","protected":false},"excerpt":{"rendered":"<p> <strong>Efekt sztucznych rz\u0119s:<\/strong> tak<br \/>  <strong>Gramatura:<\/strong> ml<br \/>  <strong>Kolor:<\/strong> Black<br \/>  <strong>Podkr\u0119caj\u0105ca:<\/strong> tak<br \/>  <strong>Pogrubiaj\u0105ca:<\/strong> tak<br \/>  <strong>Pojemno\u015b\u0107:<\/strong> 9.9<br \/>  <strong>P\u0142e\u0107:<\/strong> damski<br \/>  <strong>S\u0142o\u0144ce:<\/strong> nie<br \/>  <strong>Wyd\u0142u\u017caj\u0105ca:<\/strong> tak <\/p>\n","protected":false},"featured_media":47221,"comment_status":"open","ping_status":"closed","template":"","meta":{"_acf_changed":false},"kategoria-hurtowni":[83,126,178],"product_brand":[111],"product_cat":[76],"product_tag":[],"class_list":{"0":"post-47220","1":"product","2":"type-product","3":"status-publish","4":"has-post-thumbnail","6":"kategoria-hurtowni-makijaz","7":"kategoria-hurtowni-makijaz-oczy","8":"kategoria-hurtowni-maskara","9":"product_brand-loreal-paris","10":"product_cat-primavera","12":"first","13":"outofstock","14":"taxable","15":"shipping-taxable","16":"product-type-simple"},"acf":[],"_links":{"self":[{"href":"https:\/\/premino.pl\/index.php?rest_route=\/wp\/v2\/product\/47220","targetHints":{"allow":["GET"]}}],"collection":[{"href":"https:\/\/premino.pl\/index.php?rest_route=\/wp\/v2\/product"}],"about":[{"href":"https:\/\/premino.pl\/index.php?rest_route=\/wp\/v2\/types\/product"}],"replies":[{"embeddable":true,"href":"https:\/\/premino.pl\/index.php?rest_route=%2Fwp%2Fv2%2Fcomments&post=47220"}],"wp:featuredmedia":[{"embeddable":true,"href":"https:\/\/premino.pl\/index.php?rest_route=\/wp\/v2\/media\/47221"}],"wp:attachment":[{"href":"https:\/\/premino.pl\/index.php?rest_route=%2Fwp%2Fv2%2Fmedia&parent=47220"}],"wp:term":[{"taxonomy":"kategoria-hurtowni","embeddable":true,"href":"https:\/\/premino.pl\/index.php?rest_route=%2Fwp%2Fv2%2Fkategoria-hurtowni&post=47220"},{"taxonomy":"product_brand","embeddable":true,"href":"https:\/\/premino.pl\/index.php?rest_route=%2Fwp%2Fv2%2Fproduct_brand&post=47220"},{"taxonomy":"product_cat","embeddable":true,"href":"https:\/\/premino.pl\/index.php?rest_route=%2Fwp%2Fv2%2Fproduct_cat&post=47220"},{"taxonomy":"product_tag","embeddable":true,"href":"https:\/\/premino.pl\/index.php?rest_route=%2Fwp%2Fv2%2Fproduct_tag&post=47220"}],"curies":[{"name":"wp","href":"https:\/\/api.w.org\/{rel}","templated":true}]}}