{"id":47224,"date":"2026-05-13T14:13:22","date_gmt":"2026-05-13T12:13:22","guid":{"rendered":"https:\/\/premino.pl\/?product=haute-precision-eyeliner-w-plynie-noir-silk"},"modified":"2026-05-13T14:13:26","modified_gmt":"2026-05-13T12:13:26","slug":"haute-precision-eyeliner-w-plynie-noir-silk","status":"publish","type":"product","link":"https:\/\/premino.pl\/?product=haute-precision-eyeliner-w-plynie-noir-silk","title":{"rendered":"Haute Precision eyeliner w p\u0142ynie Noir Silk"},"content":{"rendered":"<p>Uzyskaj doskonale precyzyjn\u0105 kresk\u0119 z eyelinerem Haute Precision. Mi\u0119kka ko\u0144c\u00f3wka o grubo\u015bci 0,01 mm zapewnia pe\u0142n\u0105 kontrol\u0119 i precyzyjn\u0105 kresk\u0119. Wodoodporna formu\u0142a. Trwa\u0142o\u015b\u0107 do 24h*. Odporny na rozmazywanie.<\/p>\n<p><b>Korzy\u015bci:<\/b><br \/>\u2022 Intensywny kolor<br \/>\u2022 Mi\u0119kka ko\u0144c\u00f3wka z filcu o grubo\u015bci 0,01 mm<br \/>\u2022 Trwa\u0142o\u015b\u0107 do 24h*<br \/>\u2022 Wodoodporna formu\u0142a<br \/>\u2022 Odporny na rozmazywanie<br \/>\u2022 \u0141atwa aplikacja<br \/>\u2022 Precyzyjna kreska <\/p>\n<p>*Test konsumencki, 114 kobiet.<\/p>\n<p><b>Stosowanie:<\/b><br \/>Zacznij od wewn\u0119trznego k\u0105cika oka i prowad\u017a aplikator wzd\u0142u\u017c linii rz\u0119s, aby uzyska\u0107 po\u017c\u0105dany kszta\u0142t. U\u017cyj cienkiej ko\u0144c\u00f3wki dla subtelnej kreski lub doci\u015bnij mocniej dla bardziej wyrazistego efektu.<\/p>\n<p><strong>Forma podania:<\/strong> pisak<br \/>\n<strong>Gramatura:<\/strong> sztuka<br \/>\n<strong>Kolor:<\/strong> Noir Silk<br \/>\n<strong>Pojemno\u015b\u0107:<\/strong> 1<br \/>\n<strong>P\u0142e\u0107:<\/strong> damski<br \/>\n<strong>S\u0142o\u0144ce:<\/strong> nie<br \/>\n<strong>Wodoodporne:<\/strong> tak<\/p>\n<p><strong>Uwagi:<\/strong><\/p>\n<p>Nie s\u0105 wymagane \u017cadne specjalne \u015brodki ostro\u017cno\u015bci przy u\u017cywaniu tego produktu w normalnych lub racjonalnie przewidywalnych warunkach u\u017cytkowania.<\/p>\n<p><strong>Sk\u0142adniki:<\/strong><\/p>\n<p>NOIR SILK: AQUA \/ WATER, STYRENE \/ ACRYLATES \/ AMMONIUM METHACRYLATE COPOLYMER, METHYLPROPANEDIOL, CI 77266 (NANO) \/ BLACK 2, STYRENE \/ ACRYLATES COPOLYMER, ALCOHOL DENAT, ACRYLATES COPOLYMER, POLOXAMER 407, COCO-GLUCOSIDE, PHENOXYETHANOL, PEG-12 DIMETHICONE, CAPRYLYL GLYCOL, SODIUM DEHYDROACETATE, XANTHAN GUM, SODIUM LAURETH SULFATE, SODIUM LAURYL SULFATE, IODOPROPYNYL BUTYLCARBAMATE, BHT, OCTADECYL DI-T-BUTYL-4-HYDROXYHYDROCINNAMATE, (F.I.L. Z70062447).020: AQUA \/ WATER, STYRENE \/ ACRYLATES \/ AMMONIUM METHACRYLATE COPOLYMER, METHYLPROPANEDIOL, POLOXAMER 188, COCO-GLUCOSIDE, CELLULOSE, PEG-60 HYDROGENATED CASTOR OIL, PHENOXYETHANOL, STYRENE \/ ACRYLATES COPOLYMER, POTASSIUM SORBATE, CITRIC ACID, SODIUM BENZOATE, CAPRYLYL GLYCOL, SODIUM LAURETH SULFATE, SODIUM LAURYL SULFATE, SODIUM DEHYDROACETATE, +\/- MAY CONTAIN: CI 77491, CI 77492, CI 77499 \/ IRON OXIDES, CI 77510 \/ FERRIC AMMONIUM FERROCYANIDE, CI 75470 \/ CARMINE, CI 77891 \/ TITANIUM DIOXIDE, CI 77288 \/ CHROMIUM OXIDE GREENS, CI 77266 (NANO) \/ BLACK 2, (F.I.L. Z70066004\/1).<br \/>050: AQUA \/ WATER, STYRENE \/ ACRYLATES \/ AMMONIUM METHACRYLATE COPOLYMER, METHYLPROPANEDIOL, POLOXAMER 188, COCO-GLUCOSIDE, PEG-60 HYDROGENATED CASTOR OIL, CELLULOSE, PHENOXYETHANOL, STYRENE \/ ACRYLATES COPOLYMER, POTASSIUM SORBATE, CITRIC ACID, SODIUM BENZOATE, CAPRYLYL GLYCOL, SODIUM LAURETH SULFATE, SODIUM LAURYL SULFATE, SODIUM DEHYDROACETATE, +\/- MAY CONTAIN: CI 77491, CI 77499 \/ IRON OXIDES, CI 16035 \/ RED 40, CI 77510 \/ FERRIC AMMONIUM FERROCYANIDE, CI 77891 \/ TITANIUM DIOXIDE.<\/p>\n","protected":false},"excerpt":{"rendered":"<p> <strong>Forma podania:<\/strong> pisak<br \/>  <strong>Gramatura:<\/strong> sztuka<br \/>  <strong>Kolor:<\/strong> Noir Silk<br \/>  <strong>Pojemno\u015b\u0107:<\/strong> 1<br \/>  <strong>P\u0142e\u0107:<\/strong> damski<br \/>  <strong>S\u0142o\u0144ce:<\/strong> nie<br \/>  <strong>Wodoodporne:<\/strong> tak <\/p>\n","protected":false},"featured_media":47225,"comment_status":"open","ping_status":"closed","template":"","meta":{"_acf_changed":false},"kategoria-hurtowni":[179,83,126],"product_brand":[111],"product_cat":[76],"product_tag":[],"class_list":{"0":"post-47224","1":"product","2":"type-product","3":"status-publish","4":"has-post-thumbnail","6":"kategoria-hurtowni-eyeliner","7":"kategoria-hurtowni-makijaz","8":"kategoria-hurtowni-makijaz-oczy","9":"product_brand-loreal-paris","10":"product_cat-primavera","12":"first","13":"outofstock","14":"taxable","15":"shipping-taxable","16":"product-type-simple"},"acf":[],"_links":{"self":[{"href":"https:\/\/premino.pl\/index.php?rest_route=\/wp\/v2\/product\/47224","targetHints":{"allow":["GET"]}}],"collection":[{"href":"https:\/\/premino.pl\/index.php?rest_route=\/wp\/v2\/product"}],"about":[{"href":"https:\/\/premino.pl\/index.php?rest_route=\/wp\/v2\/types\/product"}],"replies":[{"embeddable":true,"href":"https:\/\/premino.pl\/index.php?rest_route=%2Fwp%2Fv2%2Fcomments&post=47224"}],"wp:featuredmedia":[{"embeddable":true,"href":"https:\/\/premino.pl\/index.php?rest_route=\/wp\/v2\/media\/47225"}],"wp:attachment":[{"href":"https:\/\/premino.pl\/index.php?rest_route=%2Fwp%2Fv2%2Fmedia&parent=47224"}],"wp:term":[{"taxonomy":"kategoria-hurtowni","embeddable":true,"href":"https:\/\/premino.pl\/index.php?rest_route=%2Fwp%2Fv2%2Fkategoria-hurtowni&post=47224"},{"taxonomy":"product_brand","embeddable":true,"href":"https:\/\/premino.pl\/index.php?rest_route=%2Fwp%2Fv2%2Fproduct_brand&post=47224"},{"taxonomy":"product_cat","embeddable":true,"href":"https:\/\/premino.pl\/index.php?rest_route=%2Fwp%2Fv2%2Fproduct_cat&post=47224"},{"taxonomy":"product_tag","embeddable":true,"href":"https:\/\/premino.pl\/index.php?rest_route=%2Fwp%2Fv2%2Fproduct_tag&post=47224"}],"curies":[{"name":"wp","href":"https:\/\/api.w.org\/{rel}","templated":true}]}}