{"id":47240,"date":"2026-05-13T14:13:27","date_gmt":"2026-05-13T12:13:27","guid":{"rendered":"https:\/\/premino.pl\/?product=wildones-szczoteczka-soniczna-dla-dzieci-0-10l-kylie-koala"},"modified":"2026-05-13T14:13:30","modified_gmt":"2026-05-13T12:13:30","slug":"wildones-szczoteczka-soniczna-dla-dzieci-0-10l-kylie-koala","status":"publish","type":"product","link":"https:\/\/premino.pl\/?product=wildones-szczoteczka-soniczna-dla-dzieci-0-10l-kylie-koala","title":{"rendered":"WildOnes szczoteczka soniczna dla dzieci 0-10l Kylie Koala"},"content":{"rendered":"<p>Ta urocza soniczna szczoteczka do z\u0119b\u00f3w daje rodzicom i maluchom wiele rado\u015bci podczas szczotkowania z\u0119b\u00f3w. Dwuminutowy timer jest idealny do upewnienia si\u0119, \u017ce z\u0119by s\u0105 szczotkowane wystarczaj\u0105co d\u0142ugo, a dwupoziomowe w\u0142osie nici dentystycznej sprawia, \u017ce utrzymanie z\u0119b\u00f3w w czysto\u015bci jest dziecinnie proste!<\/p>\n<p>&#8211; Uniwersalna \u0142adowarka USB<br \/>&#8211; 4 godziny \u0142adowania = 28 dni czasu szczotkowania<br \/>&#8211; Unikalne w\u0142osie DEEPCLEAN\u2122\ufe0f<br \/>&#8211; 2 pulsuj\u0105ce tryby zasilania<br \/>&#8211; Wielobarwne migaj\u0105ce \u015bwiat\u0142a<br \/>&#8211; Ma\u0142a i lekka &#8211; idealna do trzymania w ma\u0142ych r\u0105czkach<br \/>&#8211; Podstawa Sucker &#8211; pozostaje na p\u00f3\u0142ce<br \/>&#8211; Wodoodporna<br \/>&#8211; \u015awietna do szczotkowania w wannie\/prysznicu<br \/>&#8211; W zestawie 2 wymienne g\u0142\u00f3wki szczoteczki<\/p>\n<p><strong>Dla dzieci:<\/strong> Tak<br \/>\n<strong>Gramatura:<\/strong> sztuka<br \/>\n<strong>Konsystencja:<\/strong> szczotka<br \/>\n<strong>Linie elitarne:<\/strong> nie<br \/>\n<strong>Pojemno\u015b\u0107:<\/strong> 1<br \/>\n<strong>P\u0142e\u0107:<\/strong> unisex<br \/>\n<strong>S\u0142o\u0144ce:<\/strong> nie<\/p>\n<p><strong>Uwagi:<\/strong><\/p>\n<p>Przed ka\u017cdym u\u017cyciem sprawd\u017a, czy szczoteczka jest w pe\u0142ni sprawna. Wymieniaj ko\u0144c\u00f3wki szczoteczki, gdy s\u0105 zu\u017cyte lub po up\u0142ywie 3 miesi\u0119cy u\u017cytkowania. Nie pozwalaj dzieciom gry\u017a\u0107 ko\u0144c\u00f3wki szczoteczki. Nie zanurzaj urz\u0105dzenia w wodzie na d\u0142u\u017cszy czas. Produkt nie jest zabawk\u0105 \u2013 zawsze u\u017cywaj go pod nadzorem osoby doros\u0142ej. Przechowuj szczoteczk\u0119 w miejscu niedost\u0119pnym dla dzieci. U\u017cywaj wy\u0142\u0105cznie do\u0142\u0105czonego kabla USB. Nie \u0142aduj szczoteczki w \u0142azience ani w innych pomieszczeniach o wysokiej wilgotno\u015bci. Regularnie sprawdzaj stan kabla USB. Stosuj produkt tylko zgodnie z przeznaczeniem. Nie pod\u0142\u0105czaj do niego urz\u0105dze\u0144 ani kabli niezalecanych przez producenta \u2013 mo\u017ce to grozi\u0107 powa\u017cnymi obra\u017ceniami.<\/p>\n<p><strong>Sk\u0142adniki:<\/strong><\/p>\n<p>tworzywo sztuczne<\/p>\n","protected":false},"excerpt":{"rendered":"<p> <strong>Dla dzieci:<\/strong> Tak<br \/>  <strong>Gramatura:<\/strong> sztuka<br \/>  <strong>Konsystencja:<\/strong> szczotka<br \/>  <strong>Linie elitarne:<\/strong> nie<br \/>  <strong>Pojemno\u015b\u0107:<\/strong> 1<br \/>  <strong>P\u0142e\u0107:<\/strong> unisex<br \/>  <strong>S\u0142o\u0144ce:<\/strong> nie <\/p>\n","protected":false},"featured_media":47241,"comment_status":"open","ping_status":"closed","template":"","meta":{"_acf_changed":false},"kategoria-hurtowni":[222,90,223],"product_brand":[625],"product_cat":[76],"product_tag":[],"class_list":{"0":"post-47240","1":"product","2":"type-product","3":"status-publish","4":"has-post-thumbnail","6":"kategoria-hurtowni-higiena-jamy-ustnej","7":"kategoria-hurtowni-pielegnacja","8":"kategoria-hurtowni-szczoteczki-do-zebow","9":"product_brand-brush-baby","10":"product_cat-primavera","12":"first","13":"outofstock","14":"taxable","15":"shipping-taxable","16":"product-type-simple"},"acf":[],"_links":{"self":[{"href":"https:\/\/premino.pl\/index.php?rest_route=\/wp\/v2\/product\/47240","targetHints":{"allow":["GET"]}}],"collection":[{"href":"https:\/\/premino.pl\/index.php?rest_route=\/wp\/v2\/product"}],"about":[{"href":"https:\/\/premino.pl\/index.php?rest_route=\/wp\/v2\/types\/product"}],"replies":[{"embeddable":true,"href":"https:\/\/premino.pl\/index.php?rest_route=%2Fwp%2Fv2%2Fcomments&post=47240"}],"wp:featuredmedia":[{"embeddable":true,"href":"https:\/\/premino.pl\/index.php?rest_route=\/wp\/v2\/media\/47241"}],"wp:attachment":[{"href":"https:\/\/premino.pl\/index.php?rest_route=%2Fwp%2Fv2%2Fmedia&parent=47240"}],"wp:term":[{"taxonomy":"kategoria-hurtowni","embeddable":true,"href":"https:\/\/premino.pl\/index.php?rest_route=%2Fwp%2Fv2%2Fkategoria-hurtowni&post=47240"},{"taxonomy":"product_brand","embeddable":true,"href":"https:\/\/premino.pl\/index.php?rest_route=%2Fwp%2Fv2%2Fproduct_brand&post=47240"},{"taxonomy":"product_cat","embeddable":true,"href":"https:\/\/premino.pl\/index.php?rest_route=%2Fwp%2Fv2%2Fproduct_cat&post=47240"},{"taxonomy":"product_tag","embeddable":true,"href":"https:\/\/premino.pl\/index.php?rest_route=%2Fwp%2Fv2%2Fproduct_tag&post=47240"}],"curies":[{"name":"wp","href":"https:\/\/api.w.org\/{rel}","templated":true}]}}