{"id":47248,"date":"2026-05-13T14:13:33","date_gmt":"2026-05-13T12:13:33","guid":{"rendered":"https:\/\/premino.pl\/?product=frontease-gryzak-na-zabkowanie-3-teal"},"modified":"2026-05-13T14:13:34","modified_gmt":"2026-05-13T12:13:34","slug":"frontease-gryzak-na-zabkowanie-3-teal","status":"publish","type":"product","link":"https:\/\/premino.pl\/?product=frontease-gryzak-na-zabkowanie-3-teal","title":{"rendered":"FrontEase gryzak na z\u0105bkowanie 3+ Teal"},"content":{"rendered":"<p><b>ZABAWNY I KOJ\u0104CY GRYZAK DLA NIEMOWL\u0104T<br \/><\/b>\u017bywe kolory i r\u00f3\u017cnorodne faktury sprawiaj\u0105, \u017ce ten gryzak to wspania\u0142a zabawa dla malucha. Obserwuj, jak Twoje dziecko cieszy si\u0119 godzinami bezpiecznej rozrywki, a jednocze\u015bnie \u0142agodzi b\u00f3l wy\u017cynaj\u0105cych si\u0119 z\u0119b\u00f3w mlecznych.<\/p>\n<p><b>\u015aRODEK NA Z\u0104BKOWANIE<\/b><br \/>Specjalnie zaprojektowany, by ch\u0142odzi\u0107 i \u0142agodzi\u0107 bolesne objawy z\u0105bkowania. Unikalny kszta\u0142t z wypustkami delikatnie masuje dzi\u0105s\u0142a i wspiera prawid\u0142owy rozw\u00f3j z\u0119b\u00f3w.<\/p>\n<p><b>\u0141ATWY W U\u017bYCIU I HIGIENICZNY<\/b><br \/>Gryzak mo\u017cna my\u0107 w zmywarce, a zdejmowana nasadka u\u0142atwia utrzymanie czysto\u015bci. Dzi\u0119ki p\u0119telce \u0142atwo przypi\u0105\u0107 go do fotelika lub w\u00f3zka \u2013 zawsze pod r\u0119k\u0105, kiedy maluch potrzebuje ulgi.<\/p>\n<p><b>BEZPIECZNY I NIEZAWODNY<\/b><br \/>Wykonany z nietoksycznego plastiku, wolny od BPA.<\/p>\n<p><strong>Gramatura:<\/strong> sztuka<br \/>\n<strong>Pojemno\u015b\u0107:<\/strong> 1<br \/>\n<strong>P\u0142e\u0107:<\/strong> unisex<\/p>\n<p><strong>Uwagi:<\/strong><\/p>\n<p>Nie czy\u015bci\u0107 agresywnymi \u015brodkami chemicznymi.<\/p>\n<p><strong>Sk\u0142adniki:<\/strong><\/p>\n<p>plastik<\/p>\n","protected":false},"excerpt":{"rendered":"<p> <strong>Gramatura:<\/strong> sztuka<br \/>  <strong>Pojemno\u015b\u0107:<\/strong> 1<br \/>  <strong>P\u0142e\u0107:<\/strong> unisex <\/p>\n","protected":false},"featured_media":47249,"comment_status":"open","ping_status":"closed","template":"","meta":{"_acf_changed":false},"kategoria-hurtowni":[205],"product_brand":[625],"product_cat":[76],"product_tag":[],"class_list":{"0":"post-47248","1":"product","2":"type-product","3":"status-publish","4":"has-post-thumbnail","6":"kategoria-hurtowni-zdrowie","7":"product_brand-brush-baby","8":"product_cat-primavera","10":"first","11":"outofstock","12":"taxable","13":"shipping-taxable","14":"product-type-simple"},"acf":[],"_links":{"self":[{"href":"https:\/\/premino.pl\/index.php?rest_route=\/wp\/v2\/product\/47248","targetHints":{"allow":["GET"]}}],"collection":[{"href":"https:\/\/premino.pl\/index.php?rest_route=\/wp\/v2\/product"}],"about":[{"href":"https:\/\/premino.pl\/index.php?rest_route=\/wp\/v2\/types\/product"}],"replies":[{"embeddable":true,"href":"https:\/\/premino.pl\/index.php?rest_route=%2Fwp%2Fv2%2Fcomments&post=47248"}],"wp:featuredmedia":[{"embeddable":true,"href":"https:\/\/premino.pl\/index.php?rest_route=\/wp\/v2\/media\/47249"}],"wp:attachment":[{"href":"https:\/\/premino.pl\/index.php?rest_route=%2Fwp%2Fv2%2Fmedia&parent=47248"}],"wp:term":[{"taxonomy":"kategoria-hurtowni","embeddable":true,"href":"https:\/\/premino.pl\/index.php?rest_route=%2Fwp%2Fv2%2Fkategoria-hurtowni&post=47248"},{"taxonomy":"product_brand","embeddable":true,"href":"https:\/\/premino.pl\/index.php?rest_route=%2Fwp%2Fv2%2Fproduct_brand&post=47248"},{"taxonomy":"product_cat","embeddable":true,"href":"https:\/\/premino.pl\/index.php?rest_route=%2Fwp%2Fv2%2Fproduct_cat&post=47248"},{"taxonomy":"product_tag","embeddable":true,"href":"https:\/\/premino.pl\/index.php?rest_route=%2Fwp%2Fv2%2Fproduct_tag&post=47248"}],"curies":[{"name":"wp","href":"https:\/\/api.w.org\/{rel}","templated":true}]}}