{"id":47260,"date":"2026-05-13T14:13:33","date_gmt":"2026-05-13T12:13:33","guid":{"rendered":"https:\/\/premino.pl\/?product=phytolastil-zel-przeciw-rozstepom-400ml"},"modified":"2026-05-13T14:13:37","modified_gmt":"2026-05-13T12:13:37","slug":"phytolastil-zel-przeciw-rozstepom-400ml","status":"publish","type":"product","link":"https:\/\/premino.pl\/?product=phytolastil-zel-przeciw-rozstepom-400ml","title":{"rendered":"Phytolastil \u017cel przeciw rozst\u0119pom 400ml"},"content":{"rendered":"<p>Ten \u017cel pomaga zapobiega\u0107 powstawaniu rozst\u0119p\u00f3w zwi\u0105zanych z dojrzewaniem, ci\u0105\u017c\u0105 oraz wahaniami wagi, chroni\u0105c sk\u00f3r\u0119 w newralgicznych obszarach, takich jak brzuch, biust, uda i po\u015bladki. Intensywnie nawil\u017ca, zapewniaj\u0105c natychmiastowy komfort i redukuj\u0105c uczucie napi\u0119cia.<\/p>\n<p>Jego formu\u0142a oparta na kompleksie Alchemilla, Bluszcz i Skrzyp, znanym ze swoich w\u0142a\u015bciwo\u015bci regeneruj\u0105cych od ponad 50 lat, wspomaga restrukturyzacj\u0119 sk\u00f3ry.<\/p>\n<p>Zawiera 97% sk\u0142adnik\u00f3w pochodzenia naturalnego. Bezzapachowy, niet\u0142usty \u017cel o bursztynowej konsystencji szybko si\u0119 wch\u0142ania i jest odpowiedni dla kobiet w ci\u0105\u017cy.<\/p>\n<p>Odpowiedni dla wszystkich rodzaj\u00f3w sk\u00f3ry.<\/p>\n<p><b>Spos\u00f3b u\u017cycia:<\/b>\u00a0Stosowa\u0107 rano i wieczorem, delikatnie masuj\u0105c okr\u0119\u017cnymi ruchami na dotkni\u0119tych obszarach.<\/p>\n<p><strong>Dzia\u0142anie:<\/strong> nawil\u017caj\u0105ce, przeciw rozst\u0119pom, uelastycznia, uj\u0119drnia<br \/>\n<strong>Gramatura:<\/strong> ml<br \/>\n<strong>Konsystencja:<\/strong> \u017cel<br \/>\n<strong>Linie elitarne:<\/strong> nie<br \/>\n<strong>Lokalizacja:<\/strong> ca\u0142e cia\u0142o<br \/>\n<strong>Piel\u0119gnacja cia\u0142a:<\/strong> tak<br \/>\n<strong>Piel\u0119gnacja w ci\u0105\u017cy:<\/strong> tak<br \/>\n<strong>Pojemno\u015b\u0107:<\/strong> 400<br \/>\n<strong>P\u0142e\u0107:<\/strong> damski<br \/>\n<strong>S\u0142o\u0144ce:<\/strong> nie<\/p>\n<p><strong>Uwagi:<\/strong><\/p>\n<p>Tylko do u\u017cytku zewn\u0119trznego. Unika\u0107 kontaktu z oczami.<\/p>\n<p><strong>Sk\u0142adniki:<\/strong><\/p>\n<p>AQUA \/ WATER \/ EAU. PROPANEDIOL. CARBOMER. TROMETHAMINE. ALCHEMILLA VULGARIS LEAF EXTRACT. SODIUM BENZOATE. HEDERA HELIX (IVY) LEAF\/STEM EXTRACT. SODIUM SALICYLATE. EQUISETUM ARVENSE EXTRACT. TETRASODIUM GLUTAMATE DIACETATE. CITRIC ACID.<\/p>\n","protected":false},"excerpt":{"rendered":"<p> <strong>Dzia\u0142anie:<\/strong> nawil\u017caj\u0105ce, przeciw rozst\u0119pom, uelastycznia, uj\u0119drnia<br \/>  <strong>Gramatura:<\/strong> ml<br \/>  <strong>Konsystencja:<\/strong> \u017cel<br \/>  <strong>Linie elitarne:<\/strong> nie<br \/>  <strong>Lokalizacja:<\/strong> ca\u0142e cia\u0142o<br \/>  <strong>Piel\u0119gnacja cia\u0142a:<\/strong> tak<br \/>  <strong>Piel\u0119gnacja w ci\u0105\u017cy:<\/strong> tak<br \/>  <strong>Pojemno\u015b\u0107:<\/strong> 400<br \/>  <strong>P\u0142e\u0107:<\/strong> damski<br \/>  <strong>S\u0142o\u0144ce:<\/strong> nie <\/p>\n","protected":false},"featured_media":47261,"comment_status":"open","ping_status":"closed","template":"","meta":{"_acf_changed":false},"kategoria-hurtowni":[211,212],"product_brand":[626],"product_cat":[76],"product_tag":[],"class_list":{"0":"post-47260","1":"product","2":"type-product","3":"status-publish","4":"has-post-thumbnail","6":"kategoria-hurtowni-dermokosmetyki","7":"kategoria-hurtowni-pielegnacja-ciala-dermokosmetyki","8":"product_brand-lierac","9":"product_cat-primavera","11":"first","12":"outofstock","13":"taxable","14":"shipping-taxable","15":"product-type-simple"},"acf":[],"_links":{"self":[{"href":"https:\/\/premino.pl\/index.php?rest_route=\/wp\/v2\/product\/47260","targetHints":{"allow":["GET"]}}],"collection":[{"href":"https:\/\/premino.pl\/index.php?rest_route=\/wp\/v2\/product"}],"about":[{"href":"https:\/\/premino.pl\/index.php?rest_route=\/wp\/v2\/types\/product"}],"replies":[{"embeddable":true,"href":"https:\/\/premino.pl\/index.php?rest_route=%2Fwp%2Fv2%2Fcomments&post=47260"}],"wp:featuredmedia":[{"embeddable":true,"href":"https:\/\/premino.pl\/index.php?rest_route=\/wp\/v2\/media\/47261"}],"wp:attachment":[{"href":"https:\/\/premino.pl\/index.php?rest_route=%2Fwp%2Fv2%2Fmedia&parent=47260"}],"wp:term":[{"taxonomy":"kategoria-hurtowni","embeddable":true,"href":"https:\/\/premino.pl\/index.php?rest_route=%2Fwp%2Fv2%2Fkategoria-hurtowni&post=47260"},{"taxonomy":"product_brand","embeddable":true,"href":"https:\/\/premino.pl\/index.php?rest_route=%2Fwp%2Fv2%2Fproduct_brand&post=47260"},{"taxonomy":"product_cat","embeddable":true,"href":"https:\/\/premino.pl\/index.php?rest_route=%2Fwp%2Fv2%2Fproduct_cat&post=47260"},{"taxonomy":"product_tag","embeddable":true,"href":"https:\/\/premino.pl\/index.php?rest_route=%2Fwp%2Fv2%2Fproduct_tag&post=47260"}],"curies":[{"name":"wp","href":"https:\/\/api.w.org\/{rel}","templated":true}]}}