{"id":47270,"date":"2026-05-13T14:13:39","date_gmt":"2026-05-13T12:13:39","guid":{"rendered":"https:\/\/premino.pl\/?product=protocole-anti-dark-spots-sztyft-koloryzujacy-spf50-2-7g"},"modified":"2026-05-13T14:13:40","modified_gmt":"2026-05-13T12:13:40","slug":"protocole-anti-dark-spots-sztyft-koloryzujacy-spf50-2-7g","status":"publish","type":"product","link":"https:\/\/premino.pl\/?product=protocole-anti-dark-spots-sztyft-koloryzujacy-spf50-2-7g","title":{"rendered":"Protocole Anti-Dark Spots sztyft koloryzuj\u0105cy SPF50 2.7g"},"content":{"rendered":"<p>Koloryzuj\u0105cy sztyft to kuracja SOS, kt\u00f3ra natychmiast maskuje i chroni wszystkie rodzaje przebarwie\u0144 (utajone, widoczne i utrwalone), niezale\u017cnie od ich pochodzenia (wiek, s\u0142o\u0144ce, tr\u0105dzik), zapewniaj\u0105c bardziej jednolity i wyr\u00f3wnany koloryt sk\u00f3ry.<\/p>\n<p>W sercu formu\u0142y znajduje si\u0119 odpowiednia dawka czystej witaminy C, rekomendowanej przez dermatolog\u00f3w ze wzgl\u0119du na jej w\u0142a\u015bciwo\u015bci antyoksydacyjne, po\u0142\u0105czona z systemem mineralnych filtr\u00f3w [UVB + UVA] o wysokiej ochronie, kt\u00f3re chroni\u0105 sk\u00f3r\u0119 przed promieniowaniem UV i ograniczaj\u0105 rozw\u00f3j istniej\u0105cych przebarwie\u0144.<\/p>\n<p>Dodatkowy atut? Kryj\u0105ca moc tej koloryzuj\u0105cej formu\u0142y, wzbogaconej pigmentami pochodzenia naturalnego, jest wodoodporna. Sztyft, kt\u00f3ry zawsze warto mie\u0107 przy sobie!<\/p>\n<p>Dla wszystkich rodzaj\u00f3w przebarwie\u0144. Bezzapachowy. Wega\u0144ski. Odpowiedni dla ka\u017cdego typu sk\u00f3ry, r\u00f3wnie\u017c wra\u017cliwej.<\/p>\n<p><strong>Dzia\u0142anie:<\/strong> chroni, nawil\u017ca, wyg\u0142adza, zmi\u0119kcza<br \/>\n<strong>Faktor SPF:<\/strong> 50<br \/>\n<strong>Gramatura:<\/strong> g<br \/>\n<strong>Konsystencja:<\/strong> sztyft<br \/>\n<strong>Linie elitarne:<\/strong> nie<br \/>\n<strong>Piel\u0119gnacja specyficzna:<\/strong> nie<br \/>\n<strong>Pojemno\u015b\u0107:<\/strong> 2.7<br \/>\n<strong>P\u0142e\u0107:<\/strong> damski<br \/>\n<strong>S\u0142o\u0144ce:<\/strong> tak<\/p>\n<p><strong>Uwagi:<\/strong><\/p>\n<p>Trzyma\u0107 w miejscu niedost\u0119pnym dla dzieci.<\/p>\n<p><strong>Sk\u0142adniki:<\/strong><\/p>\n<p>INGREDIENTS : C12-15 ALKYL BENZOATE. TITANIUM DIOXIDE [NANO]. ZINC OXIDE [NANO]. MICA. ISOCETYL STEAROYL STEARATE. COPERNICIA CERIFERA (CARNAUBA) WAX\/CIRE DE CARNAUBA. OCTYLDODECYL MYRISTATE. ALUMINUM STARCH OCTENYLSUCCINATE. SYNTHETIC WAX. GLYCERYL BEHENATE. CI 77492 \/ IRON OXIDES. STEARALKONIUM HECTORITE. PERSEA GRATISSIMA (AVOCADO) OIL. PROPYLENE CARBONATE. TOCOPHEROL. TRIETHOXYCAPRYLYLSILANE. AQUA \/ WATER \/ EAU. CI 77491 \/ IRON OXIDES. DIMETHYLMETHOXY CHROMANOL. CI 77499 \/ IRON OXIDES. 4176A.<\/p>\n","protected":false},"excerpt":{"rendered":"<p> <strong>Dzia\u0142anie:<\/strong> chroni, nawil\u017ca, wyg\u0142adza, zmi\u0119kcza<br \/>  <strong>Faktor SPF:<\/strong> 50<br \/>  <strong>Gramatura:<\/strong> g<br \/>  <strong>Konsystencja:<\/strong> sztyft<br \/>  <strong>Linie elitarne:<\/strong> nie<br \/>  <strong>Piel\u0119gnacja specyficzna:<\/strong> nie<br \/>  <strong>Pojemno\u015b\u0107:<\/strong> 2.7<br \/>  <strong>P\u0142e\u0107:<\/strong> damski<br \/>  <strong>S\u0142o\u0144ce:<\/strong> tak <\/p>\n","protected":false},"featured_media":47271,"comment_status":"open","ping_status":"closed","template":"","meta":{"_acf_changed":false},"kategoria-hurtowni":[211,214,324],"product_brand":[626],"product_cat":[76],"product_tag":[],"class_list":{"0":"post-47270","1":"product","2":"type-product","3":"status-publish","4":"has-post-thumbnail","6":"kategoria-hurtowni-dermokosmetyki","7":"kategoria-hurtowni-pielegnacja-twarzy-dermokosmetyki","8":"kategoria-hurtowni-usta-pielegnacja-twarzy-dermokosmetyki","9":"product_brand-lierac","10":"product_cat-primavera","12":"first","13":"outofstock","14":"taxable","15":"shipping-taxable","16":"product-type-simple"},"acf":[],"_links":{"self":[{"href":"https:\/\/premino.pl\/index.php?rest_route=\/wp\/v2\/product\/47270","targetHints":{"allow":["GET"]}}],"collection":[{"href":"https:\/\/premino.pl\/index.php?rest_route=\/wp\/v2\/product"}],"about":[{"href":"https:\/\/premino.pl\/index.php?rest_route=\/wp\/v2\/types\/product"}],"replies":[{"embeddable":true,"href":"https:\/\/premino.pl\/index.php?rest_route=%2Fwp%2Fv2%2Fcomments&post=47270"}],"wp:featuredmedia":[{"embeddable":true,"href":"https:\/\/premino.pl\/index.php?rest_route=\/wp\/v2\/media\/47271"}],"wp:attachment":[{"href":"https:\/\/premino.pl\/index.php?rest_route=%2Fwp%2Fv2%2Fmedia&parent=47270"}],"wp:term":[{"taxonomy":"kategoria-hurtowni","embeddable":true,"href":"https:\/\/premino.pl\/index.php?rest_route=%2Fwp%2Fv2%2Fkategoria-hurtowni&post=47270"},{"taxonomy":"product_brand","embeddable":true,"href":"https:\/\/premino.pl\/index.php?rest_route=%2Fwp%2Fv2%2Fproduct_brand&post=47270"},{"taxonomy":"product_cat","embeddable":true,"href":"https:\/\/premino.pl\/index.php?rest_route=%2Fwp%2Fv2%2Fproduct_cat&post=47270"},{"taxonomy":"product_tag","embeddable":true,"href":"https:\/\/premino.pl\/index.php?rest_route=%2Fwp%2Fv2%2Fproduct_tag&post=47270"}],"curies":[{"name":"wp","href":"https:\/\/api.w.org\/{rel}","templated":true}]}}