{"id":47278,"date":"2026-05-13T14:13:39","date_gmt":"2026-05-13T12:13:39","guid":{"rendered":"https:\/\/premino.pl\/?product=essential-haircare-solu-shampoo-aktywny-szampon-odswiezajacy-250ml"},"modified":"2026-05-13T14:13:43","modified_gmt":"2026-05-13T12:13:43","slug":"essential-haircare-solu-shampoo-aktywny-szampon-odswiezajacy-250ml","status":"publish","type":"product","link":"https:\/\/premino.pl\/?product=essential-haircare-solu-shampoo-aktywny-szampon-odswiezajacy-250ml","title":{"rendered":"Essential Haircare SOLU Shampoo aktywny szampon od\u015bwie\u017caj\u0105cy 250ml"},"content":{"rendered":"<p>Szampon stworzony, by skutecznie usun\u0105\u0107 pozosta\u0142o\u015bci produkt\u00f3w do stylizacji oraz przygotowa\u0107 w\u0142osy do zabieg\u00f3w takich jak trwa\u0142a ondulacja. Tworzy g\u0119st\u0105, puszyst\u0105 pian\u0119, pozostawiaj\u0105c w\u0142osy i sk\u00f3r\u0119 g\u0142owy \u015bwie\u017ce i czyste.<\/p>\n<p><b>Korzy\u015bci:<\/b><br \/>\u2022 Dok\u0142adne oczyszczenie z pozosta\u0142o\u015bci kosmetyk\u00f3w do stylizacji.<br \/>\u2022 Od\u015bwie\u017cona sk\u00f3ra g\u0142owy i w\u0142osy.<br \/>\u2022 Mi\u0119kkie, b\u0142yszcz\u0105ce i lekkie w\u0142osy.<br \/>\u2022 Formu\u0142a wzbogacona naturalnymi sk\u0142adnikami aktywnymi.<\/p>\n<p><b>Spos\u00f3b u\u017cycia:<\/b><br \/>Nanie\u015b niewielk\u0105 ilo\u015b\u0107 szamponu na mokre w\u0142osy i delikatnie wmasuj w sk\u00f3r\u0119 g\u0142owy oraz na ca\u0142ej d\u0142ugo\u015bci w\u0142os\u00f3w, w\u0142\u0105cznie z ko\u0144c\u00f3wkami. W razie potrzeby powt\u00f3rz czynno\u015b\u0107. Po sp\u0142ukaniu w\u0142os\u00f3w zastosuj od\u017cywk\u0119.<\/p>\n<p><strong>Gramatura:<\/strong> ml<br \/>\n<strong>Henna:<\/strong> nie<br \/>\n<strong>Konsystencja:<\/strong> szampon<br \/>\n<strong>Linie elitarne:<\/strong> nie<br \/>\n<strong>Pojemno\u015b\u0107:<\/strong> 250<br \/>\n<strong>P\u0142e\u0107:<\/strong> damski<br \/>\n<strong>S\u0142o\u0144ce:<\/strong> nie<\/p>\n<p><strong>Uwagi:<\/strong><\/p>\n<p>Unika\u0107 kontaktu z oczami.<\/p>\n<p><strong>Sk\u0142adniki:<\/strong><\/p>\n<p>Aqua \/ Water \/ Eau, Sodium C14-16 Olefin Sulfonate, Sodium Lauroyl Methyl Isethionate, Cocamidopropyl Betaine, Decyl Glucoside, Sodium PCA, Disodium Coco-Glucoside Citrate, Sodium Methyl 2-Sulfolaurate, Parfum \/ Fragrance, Lauramidopropylamine Oxide, Coco-Glucoside, Glyceryl Oleate, Panthenol, Benzyl Alcohol, Sodium Chloride, Polysorbate 20, Sodium Methyl Isethionate, Sodium Benzoate, Citric Acid, Lauric Acid, Disodium 2-Sulfolaurate, Myristamidopropylamine Oxide, Polyquaternium-7, Guar Hydroxypropyltrimonium Chloride, Trisodium Ethylenediamine Disuccinate, Tetrasodium Glutamate Diacetate, Sodium Laurate, Limonene, Polygonum Fagopyrum Seed Extract \/ Polygonum Fagopyrum (Buckwheat) Seed Extract, Linalool, Benzyl Salicylate, Geraniol, Citronellol, CI 14700 \/ Red 4, CI 61570 \/ Green 5, CI 19140 \/ Yellow 5<\/p>\n","protected":false},"excerpt":{"rendered":"<p> <strong>Gramatura:<\/strong> ml<br \/>  <strong>Henna:<\/strong> nie<br \/>  <strong>Konsystencja:<\/strong> szampon<br \/>  <strong>Linie elitarne:<\/strong> nie<br \/>  <strong>Pojemno\u015b\u0107:<\/strong> 250<br \/>  <strong>P\u0142e\u0107:<\/strong> damski<br \/>  <strong>S\u0142o\u0144ce:<\/strong> nie <\/p>\n","protected":false},"featured_media":47279,"comment_status":"open","ping_status":"closed","template":"","meta":{"_acf_changed":false},"kategoria-hurtowni":[90,113,112],"product_brand":[538],"product_cat":[76],"product_tag":[],"class_list":{"0":"post-47278","1":"product","2":"type-product","3":"status-publish","4":"has-post-thumbnail","6":"kategoria-hurtowni-pielegnacja","7":"kategoria-hurtowni-szampony","8":"kategoria-hurtowni-wlosy","9":"product_brand-davines","10":"product_cat-primavera","12":"first","13":"outofstock","14":"taxable","15":"shipping-taxable","16":"product-type-simple"},"acf":[],"_links":{"self":[{"href":"https:\/\/premino.pl\/index.php?rest_route=\/wp\/v2\/product\/47278","targetHints":{"allow":["GET"]}}],"collection":[{"href":"https:\/\/premino.pl\/index.php?rest_route=\/wp\/v2\/product"}],"about":[{"href":"https:\/\/premino.pl\/index.php?rest_route=\/wp\/v2\/types\/product"}],"replies":[{"embeddable":true,"href":"https:\/\/premino.pl\/index.php?rest_route=%2Fwp%2Fv2%2Fcomments&post=47278"}],"wp:featuredmedia":[{"embeddable":true,"href":"https:\/\/premino.pl\/index.php?rest_route=\/wp\/v2\/media\/47279"}],"wp:attachment":[{"href":"https:\/\/premino.pl\/index.php?rest_route=%2Fwp%2Fv2%2Fmedia&parent=47278"}],"wp:term":[{"taxonomy":"kategoria-hurtowni","embeddable":true,"href":"https:\/\/premino.pl\/index.php?rest_route=%2Fwp%2Fv2%2Fkategoria-hurtowni&post=47278"},{"taxonomy":"product_brand","embeddable":true,"href":"https:\/\/premino.pl\/index.php?rest_route=%2Fwp%2Fv2%2Fproduct_brand&post=47278"},{"taxonomy":"product_cat","embeddable":true,"href":"https:\/\/premino.pl\/index.php?rest_route=%2Fwp%2Fv2%2Fproduct_cat&post=47278"},{"taxonomy":"product_tag","embeddable":true,"href":"https:\/\/premino.pl\/index.php?rest_route=%2Fwp%2Fv2%2Fproduct_tag&post=47278"}],"curies":[{"name":"wp","href":"https:\/\/api.w.org\/{rel}","templated":true}]}}