{"id":47336,"date":"2026-05-13T14:13:58","date_gmt":"2026-05-13T12:13:58","guid":{"rendered":"https:\/\/premino.pl\/?product=hydroweave-scrunchie-frotka-do-wlosow-ivory"},"modified":"2026-05-13T14:14:01","modified_gmt":"2026-05-13T12:14:01","slug":"hydroweave-scrunchie-frotka-do-wlosow-ivory","status":"publish","type":"product","link":"https:\/\/premino.pl\/?product=hydroweave-scrunchie-frotka-do-wlosow-ivory","title":{"rendered":"HydroWeave Scrunchie frotka do w\u0142os\u00f3w Ivory"},"content":{"rendered":"<p>Odmie\u0144 swoj\u0105 piel\u0119gnacj\u0119 mokrych w\u0142os\u00f3w dzi\u0119ki eleganckiej frotce, kt\u00f3ra \u0142\u0105czy funkcjonalno\u015b\u0107 z odrobin\u0105 luksusu. Zapewnia pewne trzymanie w\u0142os\u00f3w i wyj\u0105tkowo skuteczne suszenie. Do\u015bwiadcz lekkiego, efektywnego suszenia dzi\u0119ki innowacyjnej technologii HydroWeave\u2122. Ta wyj\u0105tkowa tkanina \u0142agodnie wch\u0142ania nadmiar wilgoci, ograniczaj\u0105c puszenie, uszkodzenia i czas schni\u0119cia, pozostaj\u0105c jednocze\u015bnie mi\u0119kka dla Twoich pasm.<\/p>\n<p>Starannie zaprojektowana konstrukcja gumki stabilnie utrzymuje mokre w\u0142osy, zapobiegaj\u0105c ich wysuwaniu, nawet podczas ruchu. Pozwala swobodnie wykonywa\u0107 codzienne czynno\u015bci po prysznicu, bez martwienia si\u0119 o fryzur\u0119.<\/p>\n<p>Poddaj si\u0119 przyjemno\u015bci kontaktu z mi\u0119kkim i puszystym materia\u0142em HydroWeave\u2122. Subtelnie stylowy design gumki dodaje Twojej rutynie po k\u0105pieli odrobiny elegancji, zamieniaj\u0105c zwyk\u0142y moment w chwil\u0119 relaksu i piel\u0119gnacji.<\/p>\n<p><b>Jak u\u017cywa\u0107:<br \/><\/b>1. Zbierz wilgotne w\u0142osy lu\u017ano w kucyk z ty\u0142u g\u0142owy.<br \/>2. Umie\u015b\u0107 frotk\u0119 do w\u0142os\u00f3w GLOV\u00ae HydroWeave\u2122 na kucyku.<br \/>3. Delikatnie przekr\u0119\u0107 frotk\u0119 kilka razy, aby utrzyma\u0107 w\u0142osy w miejscu.<\/p>\n<p><strong>Gramatura:<\/strong> sztuka<br \/>\n<strong>Kolor:<\/strong> Ivory<br \/>\n<strong>Linie elitarne:<\/strong> nie<br \/>\n<strong>Pojemno\u015b\u0107:<\/strong> 1<br \/>\n<strong>P\u0142e\u0107:<\/strong> damski<\/p>\n<p><strong>Uwagi:<\/strong><\/p>\n<p>Przechowuj w miejscu niedost\u0119pnym dla ma\u0142ych dzieci.<\/p>\n<p><strong>Sk\u0142adniki:<\/strong><\/p>\n<p>80% Polyester 20% Polyamide<\/p>\n","protected":false},"excerpt":{"rendered":"<p> <strong>Gramatura:<\/strong> sztuka<br \/>  <strong>Kolor:<\/strong> Ivory<br \/>  <strong>Linie elitarne:<\/strong> nie<br \/>  <strong>Pojemno\u015b\u0107:<\/strong> 1<br \/>  <strong>P\u0142e\u0107:<\/strong> damski <\/p>\n","protected":false},"featured_media":47337,"comment_status":"open","ping_status":"closed","template":"","meta":{"_acf_changed":false},"kategoria-hurtowni":[131,627,90],"product_brand":[426],"product_cat":[76],"product_tag":[],"class_list":{"0":"post-47336","1":"product","2":"type-product","3":"status-publish","4":"has-post-thumbnail","6":"kategoria-hurtowni-akcesoria","7":"kategoria-hurtowni-gumki-do-wlosow","8":"kategoria-hurtowni-pielegnacja","9":"product_brand-glov","10":"product_cat-primavera","12":"first","13":"outofstock","14":"taxable","15":"shipping-taxable","16":"product-type-simple"},"acf":[],"_links":{"self":[{"href":"https:\/\/premino.pl\/index.php?rest_route=\/wp\/v2\/product\/47336","targetHints":{"allow":["GET"]}}],"collection":[{"href":"https:\/\/premino.pl\/index.php?rest_route=\/wp\/v2\/product"}],"about":[{"href":"https:\/\/premino.pl\/index.php?rest_route=\/wp\/v2\/types\/product"}],"replies":[{"embeddable":true,"href":"https:\/\/premino.pl\/index.php?rest_route=%2Fwp%2Fv2%2Fcomments&post=47336"}],"wp:featuredmedia":[{"embeddable":true,"href":"https:\/\/premino.pl\/index.php?rest_route=\/wp\/v2\/media\/47337"}],"wp:attachment":[{"href":"https:\/\/premino.pl\/index.php?rest_route=%2Fwp%2Fv2%2Fmedia&parent=47336"}],"wp:term":[{"taxonomy":"kategoria-hurtowni","embeddable":true,"href":"https:\/\/premino.pl\/index.php?rest_route=%2Fwp%2Fv2%2Fkategoria-hurtowni&post=47336"},{"taxonomy":"product_brand","embeddable":true,"href":"https:\/\/premino.pl\/index.php?rest_route=%2Fwp%2Fv2%2Fproduct_brand&post=47336"},{"taxonomy":"product_cat","embeddable":true,"href":"https:\/\/premino.pl\/index.php?rest_route=%2Fwp%2Fv2%2Fproduct_cat&post=47336"},{"taxonomy":"product_tag","embeddable":true,"href":"https:\/\/premino.pl\/index.php?rest_route=%2Fwp%2Fv2%2Fproduct_tag&post=47336"}],"curies":[{"name":"wp","href":"https:\/\/api.w.org\/{rel}","templated":true}]}}