{"id":47338,"date":"2026-05-13T15:13:22","date_gmt":"2026-05-13T13:13:22","guid":{"rendered":"https:\/\/premino.pl\/?product=face-wash-silikonowa-myjka-spieniajaca-do-twarzy-pink"},"modified":"2026-05-13T15:13:22","modified_gmt":"2026-05-13T13:13:22","slug":"face-wash-silikonowa-myjka-spieniajaca-do-twarzy-pink","status":"publish","type":"product","link":"https:\/\/premino.pl\/?product=face-wash-silikonowa-myjka-spieniajaca-do-twarzy-pink","title":{"rendered":"Face Wash silikonowa myjka spieniaj\u0105ca do twarzy Pink"},"content":{"rendered":"<p>Poznaj Face Wash &#8211; silikonow\u0105 myjk\u0119 do twarzy, kt\u00f3ra oczyszcza, z\u0142uszcza i odblokowuje pory. Delikatna, higieniczna i skuteczna. Odpowiednia dla ka\u017cdego typu sk\u00f3ry, nawet wra\u017cliwej. Twoja droga do \u015bwie\u017cej, promiennej cery!\u00a0<\/p>\n<p>\u2022 Oczyszcza, z\u0142uszcza i odblokowuje pory &#8211; wszystko w jednym, \u0142atwym w u\u017cyciu narz\u0119dziu.<br \/>\u2022 Bezpieczna nawet dla sk\u00f3ry wra\u017cliwej. Pozostawia cer\u0119 czyst\u0105, g\u0142adk\u0105 i pe\u0142n\u0105 blasku.\u00a0<br \/>\u2022 Wykonana z silikonu odpornego na bakterie &#8211; wystarczy sp\u0142uka\u0107 i u\u017cywa\u0107 ponownie.\u00a0<br \/>\u2022 Zast\u0119puje bawe\u0142niane p\u0142atki i g\u0105bki &#8211; odpowiada na rosn\u0105ce zapotrzebowanie na narz\u0119dzia wielokrotnego u\u017cytku i higieniczne.<\/p>\n<p><b>Jak u\u017cywa\u0107:<\/b><br \/>1.<b>\u00a0<\/b>Zwil\u017c silikonow\u0105 myjk\u0119 wod\u0105.<br \/>2. Na\u0142\u00f3\u017c ulubiony \u017cel lub piank\u0119 do mycia twarzy.<br \/>3. Delikatnie masuj sk\u00f3r\u0119 kolistymi ruchami.<br \/>4. Sp\u0142ucz myjk\u0119 po u\u017cyciu i odstaw do wyschni\u0119cia.<\/p>\n<p><\/p>\n<p><strong>Dla dzieci:<\/strong> Nie<br \/>\n<strong>Gramatura:<\/strong> sztuka<br \/>\n<strong>Pojemno\u015b\u0107:<\/strong> 1<br \/>\n<strong>P\u0142e\u0107:<\/strong> damski<br \/>\n<strong>S\u0142o\u0144ce:<\/strong> nie<\/p>\n<p><strong>Uwagi:<\/strong><\/p>\n<p>Przechowuj w miejscu niedost\u0119pnym dla ma\u0142ych dzieci.<\/p>\n<p><strong>Sk\u0142adniki:<\/strong><\/p>\n<p>SILICONE, ABS<\/p>\n","protected":false},"excerpt":{"rendered":"<p> <strong>Dla dzieci:<\/strong> Nie<br \/>  <strong>Gramatura:<\/strong> sztuka<br \/>  <strong>Pojemno\u015b\u0107:<\/strong> 1<br \/>  <strong>P\u0142e\u0107:<\/strong> damski<br \/>  <strong>S\u0142o\u0144ce:<\/strong> nie <\/p>\n","protected":false},"featured_media":47340,"comment_status":"open","ping_status":"closed","template":"","meta":{"_acf_changed":false},"kategoria-hurtowni":[131,90],"product_brand":[426],"product_cat":[76],"product_tag":[],"class_list":{"0":"post-47338","1":"product","2":"type-product","3":"status-publish","4":"has-post-thumbnail","6":"kategoria-hurtowni-akcesoria","7":"kategoria-hurtowni-pielegnacja","8":"product_brand-glov","9":"product_cat-primavera","11":"first","12":"outofstock","13":"taxable","14":"shipping-taxable","15":"product-type-simple"},"acf":[],"_links":{"self":[{"href":"https:\/\/premino.pl\/index.php?rest_route=\/wp\/v2\/product\/47338","targetHints":{"allow":["GET"]}}],"collection":[{"href":"https:\/\/premino.pl\/index.php?rest_route=\/wp\/v2\/product"}],"about":[{"href":"https:\/\/premino.pl\/index.php?rest_route=\/wp\/v2\/types\/product"}],"replies":[{"embeddable":true,"href":"https:\/\/premino.pl\/index.php?rest_route=%2Fwp%2Fv2%2Fcomments&post=47338"}],"wp:featuredmedia":[{"embeddable":true,"href":"https:\/\/premino.pl\/index.php?rest_route=\/wp\/v2\/media\/47340"}],"wp:attachment":[{"href":"https:\/\/premino.pl\/index.php?rest_route=%2Fwp%2Fv2%2Fmedia&parent=47338"}],"wp:term":[{"taxonomy":"kategoria-hurtowni","embeddable":true,"href":"https:\/\/premino.pl\/index.php?rest_route=%2Fwp%2Fv2%2Fkategoria-hurtowni&post=47338"},{"taxonomy":"product_brand","embeddable":true,"href":"https:\/\/premino.pl\/index.php?rest_route=%2Fwp%2Fv2%2Fproduct_brand&post=47338"},{"taxonomy":"product_cat","embeddable":true,"href":"https:\/\/premino.pl\/index.php?rest_route=%2Fwp%2Fv2%2Fproduct_cat&post=47338"},{"taxonomy":"product_tag","embeddable":true,"href":"https:\/\/premino.pl\/index.php?rest_route=%2Fwp%2Fv2%2Fproduct_tag&post=47338"}],"curies":[{"name":"wp","href":"https:\/\/api.w.org\/{rel}","templated":true}]}}