{"id":47341,"date":"2026-05-13T15:13:22","date_gmt":"2026-05-13T13:13:22","guid":{"rendered":"https:\/\/premino.pl\/?product=kids-bath-hair-wrap-kapielowy-turban-dla-dzieci-pink"},"modified":"2026-05-13T15:13:23","modified_gmt":"2026-05-13T13:13:23","slug":"kids-bath-hair-wrap-kapielowy-turban-dla-dzieci-pink","status":"publish","type":"product","link":"https:\/\/premino.pl\/?product=kids-bath-hair-wrap-kapielowy-turban-dla-dzieci-pink","title":{"rendered":"Kids Bath Hair Wrap k\u0105pielowy turban dla dzieci Pink"},"content":{"rendered":"<p>Zamie\u0144 \u0142azienkow\u0105 dram\u0119 w radosn\u0105 zabaw\u0119 z dzieckiem! Suszenie w\u0142os\u00f3w malucha mo\u017ce sta\u0107 si\u0119 przyjemno\u015bci\u0105. Podczas gdy Tw\u00f3j szkrab wci\u0105\u017c pluska si\u0119 w wannie, jego w\u0142osy mog\u0105 bezpiecznie schn\u0105\u0107 otulone GLOV\u00aeTURBANEMDO SUSZENIA W\u0141OS\u00d3W DLA DZIECI! To nie zwyk\u0142y r\u0119cznik, to super zabawny superbohater w\u0142os\u00f3w! Wykonany z najmi\u0119kszego, najbardziej przytulnego materia\u0142u, delikatnie otula g\u0142\u00f3wk\u0119 maluszka, wch\u0142aniaj\u0105c ca\u0142\u0105 wod\u0119 po k\u0105pieli lub zabawie w basenie. To idealny spos\u00f3b na zako\u0144czenie k\u0105pieli z u\u015bmiechem!<\/p>\n<p><b>Oto dlaczego Twoja ma\u0142a\/ma\u0142y wojowniczka wody (i Ty!) go pokocha:<\/b><br \/>\u2022 Koniec walk z r\u0119cznikiem!<br \/>\u2022 Super mi\u0119kki materia\u0142!<br \/>\u2022 Zostaje na miejscu, nawet podczas kr\u0119cenia si\u0119!<br \/>\u2022 Szybsze suszenie, wi\u0119cej zabawy!<br \/>\u2022 Weso\u0142y wz\u00f3r, kt\u00f3ry pokocha!<\/p>\n<p><strong>Dla dzieci:<\/strong> Tak<br \/>\n<strong>Gramatura:<\/strong> sztuka<br \/>\n<strong>Pojemno\u015b\u0107:<\/strong> 1<br \/>\n<strong>P\u0142e\u0107:<\/strong> unisex<br \/>\n<strong>S\u0142o\u0144ce:<\/strong> nie<\/p>\n<p><strong>Uwagi:<\/strong><\/p>\n<p>U\u017cywa\u0107 wy\u0142\u0105cznie pod nadzorem osoby doros\u0142ej. Nie pozostawia\u0107 dziecka w \u0142azience bez opieki. Produkt nie jest zabawk\u0105 &#8211; trzyma\u0107 z dala od ognia i \u017ar\u00f3de\u0142 wysokiej temperatury. Upewni\u0107 si\u0119, \u017ce owijka nie jest zbyt mocno zaci\u015bni\u0119ta wok\u00f3\u0142 g\u0142owy dziecka. Regularnie sprawdza\u0107 produkt pod k\u0105tem uszkodze\u0144 &#8211; w razie zu\u017cycia wymieni\u0107 na nowy.<\/p>\n<p><strong>Sk\u0142adniki:<\/strong><\/p>\n<p>80% poliester, 20% poliamid<\/p>\n","protected":false},"excerpt":{"rendered":"<p> <strong>Dla dzieci:<\/strong> Tak<br \/>  <strong>Gramatura:<\/strong> sztuka<br \/>  <strong>Pojemno\u015b\u0107:<\/strong> 1<br \/>  <strong>P\u0142e\u0107:<\/strong> unisex<br \/>  <strong>S\u0142o\u0144ce:<\/strong> nie <\/p>\n","protected":false},"featured_media":47342,"comment_status":"open","ping_status":"closed","template":"","meta":{"_acf_changed":false},"kategoria-hurtowni":[131,90],"product_brand":[426],"product_cat":[76],"product_tag":[],"class_list":{"0":"post-47341","1":"product","2":"type-product","3":"status-publish","4":"has-post-thumbnail","6":"kategoria-hurtowni-akcesoria","7":"kategoria-hurtowni-pielegnacja","8":"product_brand-glov","9":"product_cat-primavera","11":"first","12":"outofstock","13":"taxable","14":"shipping-taxable","15":"product-type-simple"},"acf":[],"_links":{"self":[{"href":"https:\/\/premino.pl\/index.php?rest_route=\/wp\/v2\/product\/47341","targetHints":{"allow":["GET"]}}],"collection":[{"href":"https:\/\/premino.pl\/index.php?rest_route=\/wp\/v2\/product"}],"about":[{"href":"https:\/\/premino.pl\/index.php?rest_route=\/wp\/v2\/types\/product"}],"replies":[{"embeddable":true,"href":"https:\/\/premino.pl\/index.php?rest_route=%2Fwp%2Fv2%2Fcomments&post=47341"}],"wp:featuredmedia":[{"embeddable":true,"href":"https:\/\/premino.pl\/index.php?rest_route=\/wp\/v2\/media\/47342"}],"wp:attachment":[{"href":"https:\/\/premino.pl\/index.php?rest_route=%2Fwp%2Fv2%2Fmedia&parent=47341"}],"wp:term":[{"taxonomy":"kategoria-hurtowni","embeddable":true,"href":"https:\/\/premino.pl\/index.php?rest_route=%2Fwp%2Fv2%2Fkategoria-hurtowni&post=47341"},{"taxonomy":"product_brand","embeddable":true,"href":"https:\/\/premino.pl\/index.php?rest_route=%2Fwp%2Fv2%2Fproduct_brand&post=47341"},{"taxonomy":"product_cat","embeddable":true,"href":"https:\/\/premino.pl\/index.php?rest_route=%2Fwp%2Fv2%2Fproduct_cat&post=47341"},{"taxonomy":"product_tag","embeddable":true,"href":"https:\/\/premino.pl\/index.php?rest_route=%2Fwp%2Fv2%2Fproduct_tag&post=47341"}],"curies":[{"name":"wp","href":"https:\/\/api.w.org\/{rel}","templated":true}]}}