{"id":47355,"date":"2026-05-13T15:13:25","date_gmt":"2026-05-13T13:13:25","guid":{"rendered":"https:\/\/premino.pl\/?product=satin-scrunchies-satynowe-gumki-do-wlosow-s-wine-black-2szt"},"modified":"2026-05-13T15:13:28","modified_gmt":"2026-05-13T13:13:28","slug":"satin-scrunchies-satynowe-gumki-do-wlosow-s-wine-black-2szt","status":"publish","type":"product","link":"https:\/\/premino.pl\/?product=satin-scrunchies-satynowe-gumki-do-wlosow-s-wine-black-2szt","title":{"rendered":"Satin Scrunchies satynowe gumki do w\u0142os\u00f3w S Wine\/Black 2szt"},"content":{"rendered":"<p>Zestaw GLOV\u00ae Scrunchies 2 Pack oferuje pewny chwyt i trwa\u0142\u0105 elastyczno\u015b\u0107, dzi\u0119ki czemu \u015bwietnie sprawdza si\u0119 zar\u00f3wno w codziennych fryzurach, jak i podczas aktywnych dni. Je\u015bli wolisz subtelniejszy lub mniej rzucaj\u0105cy si\u0119 w oczy wygl\u0105d, mini gumki scrunchie oferuj\u0105 smuk\u0142\u0105 i mniej obj\u0119to\u015bciow\u0105 alternatyw\u0119.<\/p>\n<p>\u2022 Wykonane z mi\u0119kkiej tkaniny, aby delikatnie trzyma\u0107 w\u0142osy bez ich uszkadzania.<br \/>\u2022 Szybkie stylizowanie i wyraziste barwy, kt\u00f3re dodadz\u0105 charakteru ka\u017cdej fryzurze.<br \/>\u2022 Po\u017cegnaj si\u0119 ze zsuwaniem! Scrunchies zapewniaj\u0105 wyj\u0105tkowy chwyt &#8211; idealny podczas aktywno\u015bci i trening\u00f3w.<\/p>\n<p><b>Jak u\u017cywa\u0107?<br \/><\/b>\u2022 Wybierz rozmiar gumki odpowiedni do Twojego typu w\u0142os\u00f3w<br \/>\u2022 Owi\u0144 scrunchie wok\u00f3\u0142 kucyka, koka lub warkocza, aby utrwali\u0107 fryzur\u0119.<br \/>\u2022\u00a0Stylizuj wed\u0142ug uznania i ciesz si\u0119 delikatnym, nieuszkadzaj\u0105cym w\u0142os\u00f3w podtrzymaniem przez ca\u0142y dzie\u0144.<\/p>\n<p><strong>Gramatura:<\/strong> sztuka<br \/>\n<strong>Kolor:<\/strong> Wine\/Black<br \/>\n<strong>Linie elitarne:<\/strong> nie<br \/>\n<strong>Pojemno\u015b\u0107:<\/strong> 2<br \/>\n<strong>P\u0142e\u0107:<\/strong> damski<\/p>\n<p><strong>Uwagi:<\/strong><\/p>\n<p>Przechowuj w miejscu niedost\u0119pnym dla ma\u0142ych dzieci &#8211; ryzyko po\u0142kni\u0119cia ma\u0142ych element\u00f3w. Je\u015bli zauwa\u017cysz uszkodzenia materia\u0142u lub rozci\u0105gni\u0119cie gumki, przerwij u\u017cytkowanie.<\/p>\n<p><\/p>\n<p><strong>Sk\u0142adniki:<\/strong><\/p>\n<p>poliester<\/p>\n","protected":false},"excerpt":{"rendered":"<p> <strong>Gramatura:<\/strong> sztuka<br \/>  <strong>Kolor:<\/strong> Wine\/Black<br \/>  <strong>Linie elitarne:<\/strong> nie<br \/>  <strong>Pojemno\u015b\u0107:<\/strong> 2<br \/>  <strong>P\u0142e\u0107:<\/strong> damski <\/p>\n","protected":false},"featured_media":47356,"comment_status":"open","ping_status":"closed","template":"","meta":{"_acf_changed":false},"kategoria-hurtowni":[131,627,90],"product_brand":[426],"product_cat":[76],"product_tag":[],"class_list":{"0":"post-47355","1":"product","2":"type-product","3":"status-publish","4":"has-post-thumbnail","6":"kategoria-hurtowni-akcesoria","7":"kategoria-hurtowni-gumki-do-wlosow","8":"kategoria-hurtowni-pielegnacja","9":"product_brand-glov","10":"product_cat-primavera","12":"first","13":"outofstock","14":"taxable","15":"shipping-taxable","16":"product-type-simple"},"acf":[],"_links":{"self":[{"href":"https:\/\/premino.pl\/index.php?rest_route=\/wp\/v2\/product\/47355","targetHints":{"allow":["GET"]}}],"collection":[{"href":"https:\/\/premino.pl\/index.php?rest_route=\/wp\/v2\/product"}],"about":[{"href":"https:\/\/premino.pl\/index.php?rest_route=\/wp\/v2\/types\/product"}],"replies":[{"embeddable":true,"href":"https:\/\/premino.pl\/index.php?rest_route=%2Fwp%2Fv2%2Fcomments&post=47355"}],"wp:featuredmedia":[{"embeddable":true,"href":"https:\/\/premino.pl\/index.php?rest_route=\/wp\/v2\/media\/47356"}],"wp:attachment":[{"href":"https:\/\/premino.pl\/index.php?rest_route=%2Fwp%2Fv2%2Fmedia&parent=47355"}],"wp:term":[{"taxonomy":"kategoria-hurtowni","embeddable":true,"href":"https:\/\/premino.pl\/index.php?rest_route=%2Fwp%2Fv2%2Fkategoria-hurtowni&post=47355"},{"taxonomy":"product_brand","embeddable":true,"href":"https:\/\/premino.pl\/index.php?rest_route=%2Fwp%2Fv2%2Fproduct_brand&post=47355"},{"taxonomy":"product_cat","embeddable":true,"href":"https:\/\/premino.pl\/index.php?rest_route=%2Fwp%2Fv2%2Fproduct_cat&post=47355"},{"taxonomy":"product_tag","embeddable":true,"href":"https:\/\/premino.pl\/index.php?rest_route=%2Fwp%2Fv2%2Fproduct_tag&post=47355"}],"curies":[{"name":"wp","href":"https:\/\/api.w.org\/{rel}","templated":true}]}}