{"id":47375,"date":"2026-05-13T15:13:33","date_gmt":"2026-05-13T13:13:33","guid":{"rendered":"https:\/\/premino.pl\/?product=nano-glass-foot-file-pumeks-z-nano-szkla-cheetah"},"modified":"2026-05-13T15:13:35","modified_gmt":"2026-05-13T13:13:35","slug":"nano-glass-foot-file-pumeks-z-nano-szkla-cheetah","status":"publish","type":"product","link":"https:\/\/premino.pl\/?product=nano-glass-foot-file-pumeks-z-nano-szkla-cheetah","title":{"rendered":"Nano Glass Foot File pumeks z nano szk\u0142a Cheetah"},"content":{"rendered":"<p>Profesjonalna piel\u0119gnacja st\u00f3p w domowym zaciszu? Teraz to mo\u017cliwe dzi\u0119ki tarce GLOV Nano Glass Cheetah Edition \u2013 lekkiemu i stylowemu narz\u0119dziu, kt\u00f3re skutecznie usuwa zrogowacia\u0142y nask\u00f3rek dzi\u0119ki technologii nano szk\u0142a 3D. Ergonomiczna r\u0105czka zapewnia komfortowy chwyt, a panterkowy wz\u00f3r dodaje charakteru ka\u017cdej rutynie beauty. Bez podra\u017cnie\u0144, bez b\u00f3lu i bez u\u017cycia dodatkowych kosmetyk\u00f3w. Kompaktowy format sprawia, \u017ce idealnie sprawdzi si\u0119 zar\u00f3wno w domu, jak i w podr\u00f3\u017cy\u2013bo piel\u0119gnacja mo\u017ce by\u0107 nie tylko skuteczna, ale i pi\u0119kna!<\/p>\n<p><b>Jak u\u017cywa\u0107:<\/b><br \/>1. Namocz sk\u00f3r\u0119 \u2013 najlepiej u\u017cywaj produktu po k\u0105pieli lub prysznicu, kiedy sk\u00f3ra jest mi\u0119kka i wilgotna.<br \/>2. Wyg\u0142adzaj sk\u00f3r\u0119\u2013delikatnie pocieraj zrogowacia\u0142y nask\u00f3rek kolistymi ruchami.<br \/>3. Op\u0142ucz stopy \u2013 po zako\u0144czeniu dok\u0142adnie zmyj z\u0142uszczony nask\u00f3rek.<br \/>4. Umyj i wysusz pumeks\u2013po u\u017cyciu wystarczy op\u0142uka\u0107 go wod\u0105 i pozostawi\u0107 do wyschni\u0119cia.<br \/>5. Stosuj regularnie \u2013 1-2 razy w tygodniu, aby utrzyma\u0107 efekt jedwabi\u015bcie g\u0142adkich st\u00f3p<\/p>\n<p><strong>Gramatura:<\/strong> sztuka<br \/>\n<strong>Linie elitarne:<\/strong> nie<br \/>\n<strong>Pojemno\u015b\u0107:<\/strong> 1<br \/>\n<strong>P\u0142e\u0107:<\/strong> damski<\/p>\n<p><strong>Uwagi:<\/strong><\/p>\n<p>U\u017cywa\u0107 wy\u0142\u0105cznie zgodnie z przeznaczeniem. Nie stosowa\u0107 na podra\u017cnion\u0105, uszkodzon\u0105, pop\u0119kan\u0105 lub chorobowo zmienion\u0105 sk\u00f3r\u0119. Unika\u0107 nadmiernego nacisku, aby nie spowodowa\u0107 otar\u0107 lub podra\u017cnie\u0144. W przypadku zaczerwienienia, b\u00f3lu lub dyskomfortu przerwa\u0107 stosowanie. Produkt nie jest przeznaczony dla dzieci. Przechowywa\u0107 w miejscu niedost\u0119pnym dla najm\u0142odszych.<\/p>\n<p><strong>Sk\u0142adniki:<\/strong><\/p>\n<p>nano szk\u0142o<\/p>\n","protected":false},"excerpt":{"rendered":"<p> <strong>Gramatura:<\/strong> sztuka<br \/>  <strong>Linie elitarne:<\/strong> nie<br \/>  <strong>Pojemno\u015b\u0107:<\/strong> 1<br \/>  <strong>P\u0142e\u0107:<\/strong> damski <\/p>\n","protected":false},"featured_media":47376,"comment_status":"open","ping_status":"closed","template":"","meta":{"_acf_changed":false},"kategoria-hurtowni":[131,90],"product_brand":[426],"product_cat":[76],"product_tag":[],"class_list":{"0":"post-47375","1":"product","2":"type-product","3":"status-publish","4":"has-post-thumbnail","6":"kategoria-hurtowni-akcesoria","7":"kategoria-hurtowni-pielegnacja","8":"product_brand-glov","9":"product_cat-primavera","11":"first","12":"outofstock","13":"taxable","14":"shipping-taxable","15":"product-type-simple"},"acf":[],"_links":{"self":[{"href":"https:\/\/premino.pl\/index.php?rest_route=\/wp\/v2\/product\/47375","targetHints":{"allow":["GET"]}}],"collection":[{"href":"https:\/\/premino.pl\/index.php?rest_route=\/wp\/v2\/product"}],"about":[{"href":"https:\/\/premino.pl\/index.php?rest_route=\/wp\/v2\/types\/product"}],"replies":[{"embeddable":true,"href":"https:\/\/premino.pl\/index.php?rest_route=%2Fwp%2Fv2%2Fcomments&post=47375"}],"wp:featuredmedia":[{"embeddable":true,"href":"https:\/\/premino.pl\/index.php?rest_route=\/wp\/v2\/media\/47376"}],"wp:attachment":[{"href":"https:\/\/premino.pl\/index.php?rest_route=%2Fwp%2Fv2%2Fmedia&parent=47375"}],"wp:term":[{"taxonomy":"kategoria-hurtowni","embeddable":true,"href":"https:\/\/premino.pl\/index.php?rest_route=%2Fwp%2Fv2%2Fkategoria-hurtowni&post=47375"},{"taxonomy":"product_brand","embeddable":true,"href":"https:\/\/premino.pl\/index.php?rest_route=%2Fwp%2Fv2%2Fproduct_brand&post=47375"},{"taxonomy":"product_cat","embeddable":true,"href":"https:\/\/premino.pl\/index.php?rest_route=%2Fwp%2Fv2%2Fproduct_cat&post=47375"},{"taxonomy":"product_tag","embeddable":true,"href":"https:\/\/premino.pl\/index.php?rest_route=%2Fwp%2Fv2%2Fproduct_tag&post=47375"}],"curies":[{"name":"wp","href":"https:\/\/api.w.org\/{rel}","templated":true}]}}