{"id":47415,"date":"2026-05-13T15:13:47","date_gmt":"2026-05-13T13:13:47","guid":{"rendered":"https:\/\/premino.pl\/?product=dwuwarstwowy-satynowy-czepek-do-spania-pink"},"modified":"2026-05-13T15:13:49","modified_gmt":"2026-05-13T13:13:49","slug":"dwuwarstwowy-satynowy-czepek-do-spania-pink","status":"publish","type":"product","link":"https:\/\/premino.pl\/?product=dwuwarstwowy-satynowy-czepek-do-spania-pink","title":{"rendered":"Dwuwarstwowy satynowy czepek do spania Pink"},"content":{"rendered":"<p>Dwustronny turban do w\u0142os\u00f3w z warstw\u0105 eleganckiej satyny i super ch\u0142onnego materia\u0142u. Je\u015bli lubisz si\u0119 wyr\u00f3\u017cnia\u0107 i dba\u0107 o w\u0142osy, dwustronny turban do w\u0142os\u00f3w GLOV\u00ae\u00a0 jest doskona\u0142ym i praktycznym rozwi\u0105zaniem dla Ciebie! Zosta\u0142 stworzony do noszenia z obu stron, na dwa sposoby.<\/p>\n<p>Zak\u0142adaj\u0105c satynow\u0105 tkanin\u0105 na zewn\u0105trz, b\u0119dziesz zachwyca\u0107 eleganck\u0105 stylizacj\u0105. Jednocze\u015bnie Twoje w\u0142osy b\u0119d\u0105 sch\u0142y dzi\u0119ki super absorbuj\u0105cym mikrow\u0142\u00f3knom GLOV\u00ae, kt\u00f3re skutecznie poch\u0142aniaj\u0105 nadmiar wilgoci po umyciu w\u0142os\u00f3w. U\u017cywaj\u0105c satynow\u0105 tkanin\u0105 do wewn\u0105trz, uchronisz w\u0142osy przed \u0142amliwo\u015bci\u0105, puszeniem i pl\u0105taniem.<\/p>\n<p><b>Jak u\u017cywa\u0107?<\/b><br \/>\u2022 Wybierz, kt\u00f3ra strona powinna by\u0107 skierowana do g\u00f3ry: satynowa czy ch\u0142onna? Opu\u015b\u0107 g\u0142ow\u0119 w d\u00f3\u0142, aby m\u00f3c zebra\u0107 w\u0142osy w turban.<br \/>\u2022 Umie\u015b\u0107 stron\u0119 z guzikiem na karku i wsu\u0144 wszystkie w\u0142osy do \u015brodka turbanu.<br \/>\u2022 Zaci\u015bnij turban, owi\u0144 go wok\u00f3\u0142 w\u0142os\u00f3w i zapnij guzik p\u0119telk\u0105.\u00a0<br \/>\u2022 Pozostaw na ponad 10 minut w celu uzyskania najlepszych rezultat\u00f3w suszenia.<\/p>\n<p><strong>Dla dzieci:<\/strong> Nie<br \/>\n<strong>Gramatura:<\/strong> sztuka<br \/>\n<strong>Linie elitarne:<\/strong> nie<br \/>\n<strong>Pojemno\u015b\u0107:<\/strong> 1<br \/>\n<strong>P\u0142e\u0107:<\/strong> damski<br \/>\n<strong>S\u0142o\u0144ce:<\/strong> nie<\/p>\n<p><strong>Uwagi:<\/strong><\/p>\n<p>Zawsze wyci\u015bnij nadmiar wody z w\u0142os\u00f3w po ich umyciu i przed za\u0142o\u017ceniem dwustronnego turbanu do w\u0142os\u00f3w.<\/p>\n<p><strong>Sk\u0142adniki:<\/strong><\/p>\n<p>Strona A: 100% Poliester. Strona B: 10% Poliamid, 90% Poliester<\/p>\n","protected":false},"excerpt":{"rendered":"<p> <strong>Dla dzieci:<\/strong> Nie<br \/>  <strong>Gramatura:<\/strong> sztuka<br \/>  <strong>Linie elitarne:<\/strong> nie<br \/>  <strong>Pojemno\u015b\u0107:<\/strong> 1<br \/>  <strong>P\u0142e\u0107:<\/strong> damski<br \/>  <strong>S\u0142o\u0144ce:<\/strong> nie <\/p>\n","protected":false},"featured_media":47416,"comment_status":"open","ping_status":"closed","template":"","meta":{"_acf_changed":false},"kategoria-hurtowni":[131,90],"product_brand":[426],"product_cat":[76],"product_tag":[],"class_list":{"0":"post-47415","1":"product","2":"type-product","3":"status-publish","4":"has-post-thumbnail","6":"kategoria-hurtowni-akcesoria","7":"kategoria-hurtowni-pielegnacja","8":"product_brand-glov","9":"product_cat-primavera","11":"first","12":"outofstock","13":"taxable","14":"shipping-taxable","15":"product-type-simple"},"acf":[],"_links":{"self":[{"href":"https:\/\/premino.pl\/index.php?rest_route=\/wp\/v2\/product\/47415","targetHints":{"allow":["GET"]}}],"collection":[{"href":"https:\/\/premino.pl\/index.php?rest_route=\/wp\/v2\/product"}],"about":[{"href":"https:\/\/premino.pl\/index.php?rest_route=\/wp\/v2\/types\/product"}],"replies":[{"embeddable":true,"href":"https:\/\/premino.pl\/index.php?rest_route=%2Fwp%2Fv2%2Fcomments&post=47415"}],"wp:featuredmedia":[{"embeddable":true,"href":"https:\/\/premino.pl\/index.php?rest_route=\/wp\/v2\/media\/47416"}],"wp:attachment":[{"href":"https:\/\/premino.pl\/index.php?rest_route=%2Fwp%2Fv2%2Fmedia&parent=47415"}],"wp:term":[{"taxonomy":"kategoria-hurtowni","embeddable":true,"href":"https:\/\/premino.pl\/index.php?rest_route=%2Fwp%2Fv2%2Fkategoria-hurtowni&post=47415"},{"taxonomy":"product_brand","embeddable":true,"href":"https:\/\/premino.pl\/index.php?rest_route=%2Fwp%2Fv2%2Fproduct_brand&post=47415"},{"taxonomy":"product_cat","embeddable":true,"href":"https:\/\/premino.pl\/index.php?rest_route=%2Fwp%2Fv2%2Fproduct_cat&post=47415"},{"taxonomy":"product_tag","embeddable":true,"href":"https:\/\/premino.pl\/index.php?rest_route=%2Fwp%2Fv2%2Fproduct_tag&post=47415"}],"curies":[{"name":"wp","href":"https:\/\/api.w.org\/{rel}","templated":true}]}}