{"id":47439,"date":"2026-05-13T15:13:57","date_gmt":"2026-05-13T13:13:57","guid":{"rendered":"https:\/\/premino.pl\/?product=full-speed-quantum-woda-toaletowa-spray-100ml"},"modified":"2026-05-13T15:13:58","modified_gmt":"2026-05-13T13:13:58","slug":"full-speed-quantum-woda-toaletowa-spray-100ml","status":"publish","type":"product","link":"https:\/\/premino.pl\/?product=full-speed-quantum-woda-toaletowa-spray-100ml","title":{"rendered":"Full Speed Quantum woda toaletowa spray 100ml"},"content":{"rendered":"<p>Granice nie istniej\u0105. Wyrusz tam, gdzie jeszcze nikt nie dotar\u0142. Full Speed Quantum \u2013 \u015bwie\u017cy zastrzyk adrenaliny.<\/p>\n<p><b>Nuty zapachowe:<br \/><\/b><br \/><b>Nuta g\u0142owy: <\/b>nuty ozonowe<br \/><b>Nuta serca: <\/b>geranium<br \/><b>Nuta bazy: <\/b>drewno cedrowe<\/p>\n<p><strong>Gramatura:<\/strong> ml<br \/>\n<strong>Linia k\u0105pielowa:<\/strong> nie<br \/>\n<strong>Miniatura:<\/strong> nie<br \/>\n<strong>Nuta bazy:<\/strong> drewno cedrowe<br \/>\n<strong>Nuta g\u0142owy:<\/strong> nuty ozonowe<br \/>\n<strong>Nuta g\u0142\u00f3wna:<\/strong> aromatyczne, \u015bwie\u017ca<br \/>\n<strong>Nuta serca:<\/strong> geranium<br \/>\n<strong>Pojemno\u015b\u0107:<\/strong> 100<br \/>\n<strong>Produkt rzadki:<\/strong> nie<br \/>\n<strong>Pr\u00f3bka:<\/strong> nie<br \/>\n<strong>P\u0142e\u0107:<\/strong> m\u0119ski<br \/>\n<strong>Rodzaj:<\/strong> woda toaletowa<br \/>\n<strong>Tester:<\/strong> nie<br \/>\n<strong>Zapach alternatywny:<\/strong> nie<br \/>\n<strong>Zestaw:<\/strong> nie<\/p>\n<p><strong>Uwagi:<\/strong><\/p>\n<p>Produkt \u0142atwopalny. Przechowywa\u0107 z dala od \u017ar\u00f3de\u0142 ciep\u0142a i ognia. Unika\u0107 kontaktu z oczami. Chroni\u0107 przed dzie\u0107mi. Tylko do u\u017cytku zewn\u0119trznego.<\/p>\n<p><strong>Sk\u0142adniki:<\/strong><\/p>\n<p>ALCOHOL DENAT., AQUA, PARFUM, T-BUTYL ALCOHOL, POLYGLYCERYL-3 CAPRYLATE, LIMONENE, LINALOOL, COUMARIN, CITRONELLOL, CITRAL, GERANIOL<\/p>\n","protected":false},"excerpt":{"rendered":"<p> <strong>Gramatura:<\/strong> ml<br \/>  <strong>Linia k\u0105pielowa:<\/strong> nie<br \/>  <strong>Miniatura:<\/strong> nie<br \/>  <strong>Nuta bazy:<\/strong> drewno cedrowe<br \/>  <strong>Nuta g\u0142owy:<\/strong> nuty ozonowe<br \/>  <strong>Nuta g\u0142\u00f3wna:<\/strong> aromatyczne, \u015bwie\u017ca<br \/>  <strong>Nuta serca:<\/strong> geranium<br \/>  <strong>Pojemno\u015b\u0107:<\/strong> 100<br \/>  <strong>Produkt rzadki:<\/strong> nie<br \/>  <strong>Pr\u00f3bka:<\/strong> nie<br \/>  <strong>P\u0142e\u0107:<\/strong> m\u0119ski<br \/>  <strong>Rodzaj:<\/strong> woda toaletowa<br \/>  <strong>Tester:<\/strong> nie<br \/>  <strong>Zapach alternatywny:<\/strong> nie<br \/>  <strong>Zestaw:<\/strong> nie <\/p>\n","protected":false},"featured_media":47440,"comment_status":"open","ping_status":"closed","template":"","meta":{"_acf_changed":false},"kategoria-hurtowni":[87,88],"product_brand":[621],"product_cat":[76],"product_tag":[],"class_list":{"0":"post-47439","1":"product","2":"type-product","3":"status-publish","4":"has-post-thumbnail","6":"kategoria-hurtowni-perfumy","7":"kategoria-hurtowni-zapachy","8":"product_brand-avon","9":"product_cat-primavera","11":"first","12":"outofstock","13":"taxable","14":"shipping-taxable","15":"product-type-simple"},"acf":[],"_links":{"self":[{"href":"https:\/\/premino.pl\/index.php?rest_route=\/wp\/v2\/product\/47439","targetHints":{"allow":["GET"]}}],"collection":[{"href":"https:\/\/premino.pl\/index.php?rest_route=\/wp\/v2\/product"}],"about":[{"href":"https:\/\/premino.pl\/index.php?rest_route=\/wp\/v2\/types\/product"}],"replies":[{"embeddable":true,"href":"https:\/\/premino.pl\/index.php?rest_route=%2Fwp%2Fv2%2Fcomments&post=47439"}],"wp:featuredmedia":[{"embeddable":true,"href":"https:\/\/premino.pl\/index.php?rest_route=\/wp\/v2\/media\/47440"}],"wp:attachment":[{"href":"https:\/\/premino.pl\/index.php?rest_route=%2Fwp%2Fv2%2Fmedia&parent=47439"}],"wp:term":[{"taxonomy":"kategoria-hurtowni","embeddable":true,"href":"https:\/\/premino.pl\/index.php?rest_route=%2Fwp%2Fv2%2Fkategoria-hurtowni&post=47439"},{"taxonomy":"product_brand","embeddable":true,"href":"https:\/\/premino.pl\/index.php?rest_route=%2Fwp%2Fv2%2Fproduct_brand&post=47439"},{"taxonomy":"product_cat","embeddable":true,"href":"https:\/\/premino.pl\/index.php?rest_route=%2Fwp%2Fv2%2Fproduct_cat&post=47439"},{"taxonomy":"product_tag","embeddable":true,"href":"https:\/\/premino.pl\/index.php?rest_route=%2Fwp%2Fv2%2Fproduct_tag&post=47439"}],"curies":[{"name":"wp","href":"https:\/\/api.w.org\/{rel}","templated":true}]}}