{"id":47441,"date":"2026-05-13T15:13:57","date_gmt":"2026-05-13T13:13:57","guid":{"rendered":"https:\/\/premino.pl\/?product=musk-metropolitano-woda-toaletowa-spray-75ml"},"modified":"2026-05-13T15:13:58","modified_gmt":"2026-05-13T13:13:58","slug":"musk-metropolitano-woda-toaletowa-spray-75ml","status":"publish","type":"product","link":"https:\/\/premino.pl\/?product=musk-metropolitano-woda-toaletowa-spray-75ml","title":{"rendered":"Musk+ Metropolitano woda toaletowa spray 75ml"},"content":{"rendered":"<p>Poczuj w\u0142asn\u0105 si\u0142\u0119 w samym sercu miejskiego zgie\u0142ku z Musk+ Metropolitano. Kiedy tempo miasta daje si\u0119 we znaki, ten zapach przywraca \u015bwie\u017co\u015b\u0107 dzi\u0119ki po\u0142\u0105czeniu zielonych, pe\u0142nych energii nut.<\/p>\n<p><b>Nuty zapachowe:<br \/><\/b><br \/><b>Nuta g\u0142owy: <\/b>li\u015b\u0107 cedrowy<br \/><b>Nuta serca: <\/b>olejek cyprysowy <br \/><b>Nuta bazy: <\/b>akord urban jungle<\/p>\n<p><strong>Gramatura:<\/strong> ml<br \/>\n<strong>Linia k\u0105pielowa:<\/strong> nie<br \/>\n<strong>Miniatura:<\/strong> nie<br \/>\n<strong>Nuta bazy:<\/strong> akord urban jungle<br \/>\n<strong>Nuta g\u0142owy:<\/strong> li\u015b\u0107 cedrowy<br \/>\n<strong>Nuta g\u0142\u00f3wna:<\/strong> aromatyczne, drzewne<br \/>\n<strong>Nuta serca:<\/strong> olejek cyprysowy<br \/>\n<strong>Pojemno\u015b\u0107:<\/strong> 75<br \/>\n<strong>Produkt rzadki:<\/strong> nie<br \/>\n<strong>Pr\u00f3bka:<\/strong> nie<br \/>\n<strong>P\u0142e\u0107:<\/strong> m\u0119ski<br \/>\n<strong>Rodzaj:<\/strong> woda toaletowa<br \/>\n<strong>Tester:<\/strong> nie<br \/>\n<strong>Zapach alternatywny:<\/strong> nie<br \/>\n<strong>Zestaw:<\/strong> nie<\/p>\n<p><strong>Uwagi:<\/strong><\/p>\n<p>Produkt \u0142atwopalny. Przechowywa\u0107 z dala od \u017ar\u00f3de\u0142 ciep\u0142a i ognia. Unika\u0107 kontaktu z oczami. Chroni\u0107 przed dzie\u0107mi. Tylko do u\u017cytku zewn\u0119trznego.<\/p>\n<p><strong>Sk\u0142adniki:<\/strong><\/p>\n<p>ALCOHOL DENAT., AQUA, PARFUM, ETHYLHEXYL METHOXYCINNAMATE, BENZOPHENONE-3, T-BUTYL ALCOHOL, POLYGLYCERYL-3 CAPRYLATE, TRIS(TETRAMETHYLHYDROXYPIPERIDINOL) CITRATE, CI 15985, CI 42090, LIMONENE, LINALOOL, BENZYL SALICYLATE, ALPHA-ISOMETHYL IONONE, CITRAL, CITRONELLOL, GERANIOL, COUMARIN, METHYL 2-OCTYNOATE, ISOEUGENOL.<\/p>\n","protected":false},"excerpt":{"rendered":"<p> <strong>Gramatura:<\/strong> ml<br \/>  <strong>Linia k\u0105pielowa:<\/strong> nie<br \/>  <strong>Miniatura:<\/strong> nie<br \/>  <strong>Nuta bazy:<\/strong> akord urban jungle<br \/>  <strong>Nuta g\u0142owy:<\/strong> li\u015b\u0107 cedrowy<br \/>  <strong>Nuta g\u0142\u00f3wna:<\/strong> aromatyczne, drzewne<br \/>  <strong>Nuta serca:<\/strong> olejek cyprysowy<br \/>  <strong>Pojemno\u015b\u0107:<\/strong> 75<br \/>  <strong>Produkt rzadki:<\/strong> nie<br \/>  <strong>Pr\u00f3bka:<\/strong> nie<br \/>  <strong>P\u0142e\u0107:<\/strong> m\u0119ski<br \/>  <strong>Rodzaj:<\/strong> woda toaletowa<br \/>  <strong>Tester:<\/strong> nie<br \/>  <strong>Zapach alternatywny:<\/strong> nie<br \/>  <strong>Zestaw:<\/strong> nie <\/p>\n","protected":false},"featured_media":47442,"comment_status":"open","ping_status":"closed","template":"","meta":{"_acf_changed":false},"kategoria-hurtowni":[87,88],"product_brand":[621],"product_cat":[76],"product_tag":[],"class_list":{"0":"post-47441","1":"product","2":"type-product","3":"status-publish","4":"has-post-thumbnail","6":"kategoria-hurtowni-perfumy","7":"kategoria-hurtowni-zapachy","8":"product_brand-avon","9":"product_cat-primavera","11":"first","12":"outofstock","13":"taxable","14":"shipping-taxable","15":"product-type-simple"},"acf":[],"_links":{"self":[{"href":"https:\/\/premino.pl\/index.php?rest_route=\/wp\/v2\/product\/47441","targetHints":{"allow":["GET"]}}],"collection":[{"href":"https:\/\/premino.pl\/index.php?rest_route=\/wp\/v2\/product"}],"about":[{"href":"https:\/\/premino.pl\/index.php?rest_route=\/wp\/v2\/types\/product"}],"replies":[{"embeddable":true,"href":"https:\/\/premino.pl\/index.php?rest_route=%2Fwp%2Fv2%2Fcomments&post=47441"}],"wp:featuredmedia":[{"embeddable":true,"href":"https:\/\/premino.pl\/index.php?rest_route=\/wp\/v2\/media\/47442"}],"wp:attachment":[{"href":"https:\/\/premino.pl\/index.php?rest_route=%2Fwp%2Fv2%2Fmedia&parent=47441"}],"wp:term":[{"taxonomy":"kategoria-hurtowni","embeddable":true,"href":"https:\/\/premino.pl\/index.php?rest_route=%2Fwp%2Fv2%2Fkategoria-hurtowni&post=47441"},{"taxonomy":"product_brand","embeddable":true,"href":"https:\/\/premino.pl\/index.php?rest_route=%2Fwp%2Fv2%2Fproduct_brand&post=47441"},{"taxonomy":"product_cat","embeddable":true,"href":"https:\/\/premino.pl\/index.php?rest_route=%2Fwp%2Fv2%2Fproduct_cat&post=47441"},{"taxonomy":"product_tag","embeddable":true,"href":"https:\/\/premino.pl\/index.php?rest_route=%2Fwp%2Fv2%2Fproduct_tag&post=47441"}],"curies":[{"name":"wp","href":"https:\/\/api.w.org\/{rel}","templated":true}]}}