{"id":47833,"date":"2026-05-13T15:16:29","date_gmt":"2026-05-13T13:16:29","guid":{"rendered":"https:\/\/premino.pl\/?product=ralphs-club-elixir-perfumy-spray-75ml"},"modified":"2026-05-13T15:16:31","modified_gmt":"2026-05-13T13:16:31","slug":"ralphs-club-elixir-perfumy-spray-75ml","status":"publish","type":"product","link":"https:\/\/premino.pl\/?product=ralphs-club-elixir-perfumy-spray-75ml","title":{"rendered":"Ralph&#8217;s Club Elixir perfumy spray 75ml"},"content":{"rendered":"<p>Zapach dla m\u0119\u017cczyzn pe\u0142nych werwy, inicjatywy i charyzmy.\u00a0Ralph&#8217;s Club Elixir to bardzo z\u0142o\u017cony, typowo m\u0119ski zapach stworzony przez\u00a0Dominique&#8217;a Ropion i wydany w 2023 roku.\u00a0<\/p>\n<p><\/p>\n<p><b>Nuty zapachowe:<br \/><\/b><br \/><b>Nuta g\u0142owy: <\/b>zielona mandarynka, kardamon, grejpfrut<br \/><b>Nuta serca: <\/b>sza\u0142wia, lawenda, irys, geranium<br \/><b>Nuta bazy: <\/b>sk\u00f3ra, paczula, olibanum, jod\u0142a balsamiczna<\/p>\n<p><strong>Gramatura:<\/strong> ml<br \/>\n<strong>Linia k\u0105pielowa:<\/strong> nie<br \/>\n<strong>Miniatura:<\/strong> nie<br \/>\n<strong>Nuta bazy:<\/strong> jod\u0142a balsamiczna, olibanum, paczula, sk\u00f3ra<br \/>\n<strong>Nuta g\u0142owy:<\/strong> grejpfrut, kardamon, zielona mandarynka<br \/>\n<strong>Nuta g\u0142\u00f3wna:<\/strong> drzewne, orientalne<br \/>\n<strong>Nuta serca:<\/strong> geranium, irys, lawenda, sza\u0142wia<br \/>\n<strong>Pojemno\u015b\u0107:<\/strong> 75<br \/>\n<strong>Produkt rzadki:<\/strong> nie<br \/>\n<strong>Pr\u00f3bka:<\/strong> nie<br \/>\n<strong>P\u0142e\u0107:<\/strong> m\u0119ski<br \/>\n<strong>Rodzaj:<\/strong> perfumy<br \/>\n<strong>Tester:<\/strong> nie<br \/>\n<strong>Zapach alternatywny:<\/strong> nie<br \/>\n<strong>Zestaw:<\/strong> nie<\/p>\n<p><strong>Uwagi:<\/strong><\/p>\n<p>Przechowywa\u0107 z dala od ognia i \u017ar\u00f3de\u0142 ciep\u0142a. Trzyma\u0107 w miejscu niedost\u0119pnym dla dzieci. Nie stosowa\u0107 na podra\u017cnion\u0105 lub uszkodzon\u0105 sk\u00f3r\u0119. Unika\u0107 kontaktu z oczami. W przypadku kontaktu z oczami nale\u017cy dok\u0142adnie przep\u0142uka\u0107 je du\u017c\u0105 ilo\u015bci\u0105 wody.<\/p>\n<p><strong>Sk\u0142adniki:<\/strong><\/p>\n<p>ALCOHOL, PARFUM \/ FRAGRANCE, AQUA \/ WATER, LIMONENE, ALPHA-ISOMETHYL IONONE, LINALOOL, COUMARIN, ETHYLHEXYL SALICYLATE, CITRONELLOL, BUTYL METHOXYDIBENZOYLMETHANE, CITRAL, GERANIOL, METHYL ANTHRANILATE (F.I.L. Z70023924\/1)<\/p>\n","protected":false},"excerpt":{"rendered":"<p> <strong>Gramatura:<\/strong> ml<br \/>  <strong>Linia k\u0105pielowa:<\/strong> nie<br \/>  <strong>Miniatura:<\/strong> nie<br \/>  <strong>Nuta bazy:<\/strong> jod\u0142a balsamiczna, olibanum, paczula, sk\u00f3ra<br \/>  <strong>Nuta g\u0142owy:<\/strong> grejpfrut, kardamon, zielona mandarynka<br \/>  <strong>Nuta g\u0142\u00f3wna:<\/strong> drzewne, orientalne<br \/>  <strong>Nuta serca:<\/strong> geranium, irys, lawenda, sza\u0142wia<br \/>  <strong>Pojemno\u015b\u0107:<\/strong> 75<br \/>  <strong>Produkt rzadki:<\/strong> nie<br \/>  <strong>Pr\u00f3bka:<\/strong> nie<br \/>  <strong>P\u0142e\u0107:<\/strong> m\u0119ski<br \/>  <strong>Rodzaj:<\/strong> perfumy<br \/>  <strong>Tester:<\/strong> nie<br \/>  <strong>Zapach alternatywny:<\/strong> nie<br \/>  <strong>Zestaw:<\/strong> nie <\/p>\n","protected":false},"featured_media":47834,"comment_status":"open","ping_status":"closed","template":"","meta":{"_acf_changed":false},"kategoria-hurtowni":[87,88],"product_brand":[94],"product_cat":[76],"product_tag":[],"class_list":{"0":"post-47833","1":"product","2":"type-product","3":"status-publish","4":"has-post-thumbnail","6":"kategoria-hurtowni-perfumy","7":"kategoria-hurtowni-zapachy","8":"product_brand-ralph-lauren","9":"product_cat-primavera","11":"first","12":"outofstock","13":"taxable","14":"shipping-taxable","15":"product-type-simple"},"acf":[],"_links":{"self":[{"href":"https:\/\/premino.pl\/index.php?rest_route=\/wp\/v2\/product\/47833","targetHints":{"allow":["GET"]}}],"collection":[{"href":"https:\/\/premino.pl\/index.php?rest_route=\/wp\/v2\/product"}],"about":[{"href":"https:\/\/premino.pl\/index.php?rest_route=\/wp\/v2\/types\/product"}],"replies":[{"embeddable":true,"href":"https:\/\/premino.pl\/index.php?rest_route=%2Fwp%2Fv2%2Fcomments&post=47833"}],"wp:featuredmedia":[{"embeddable":true,"href":"https:\/\/premino.pl\/index.php?rest_route=\/wp\/v2\/media\/47834"}],"wp:attachment":[{"href":"https:\/\/premino.pl\/index.php?rest_route=%2Fwp%2Fv2%2Fmedia&parent=47833"}],"wp:term":[{"taxonomy":"kategoria-hurtowni","embeddable":true,"href":"https:\/\/premino.pl\/index.php?rest_route=%2Fwp%2Fv2%2Fkategoria-hurtowni&post=47833"},{"taxonomy":"product_brand","embeddable":true,"href":"https:\/\/premino.pl\/index.php?rest_route=%2Fwp%2Fv2%2Fproduct_brand&post=47833"},{"taxonomy":"product_cat","embeddable":true,"href":"https:\/\/premino.pl\/index.php?rest_route=%2Fwp%2Fv2%2Fproduct_cat&post=47833"},{"taxonomy":"product_tag","embeddable":true,"href":"https:\/\/premino.pl\/index.php?rest_route=%2Fwp%2Fv2%2Fproduct_tag&post=47833"}],"curies":[{"name":"wp","href":"https:\/\/api.w.org\/{rel}","templated":true}]}}