{"id":47839,"date":"2026-05-13T15:16:33","date_gmt":"2026-05-13T13:16:33","guid":{"rendered":"https:\/\/premino.pl\/?product=odbudowa-i-ochrona-pasta-do-zebow-z-fluorkiem-75ml"},"modified":"2026-05-13T15:16:34","modified_gmt":"2026-05-13T13:16:34","slug":"odbudowa-i-ochrona-pasta-do-zebow-z-fluorkiem-75ml","status":"publish","type":"product","link":"https:\/\/premino.pl\/?product=odbudowa-i-ochrona-pasta-do-zebow-z-fluorkiem-75ml","title":{"rendered":"Odbudowa i Ochrona pasta do z\u0119b\u00f3w z fluorkiem 75ml"},"content":{"rendered":"<p>Je\u015bli podczas jedzenia gor\u0105cych, zimnych, s\u0142odkich czy kwa\u015bnych potraw, a nawet podczas szczotkowania z\u0119b\u00f3w odczuwasz nag\u0142y, ostry b\u00f3l, mo\u017ce to by\u0107 oznaka nadwra\u017cliwo\u015bci z\u0119b\u00f3w. Sensodyne Odbudowa i Ochrona to pasta do z\u0119b\u00f3w b\u0119d\u0105ca wyrobem medycznym, stworzona, aby nie tylko skutecznie czy\u015bci\u0107 z\u0119by i \u0142agodzi\u0107 dyskomfort zwi\u0105zany z nadwra\u017cliwo\u015bci\u0105, ale r\u00f3wnie\u017c wspiera\u0107 odbudow\u0119 wra\u017cliwych miejsc.*<\/p>\n<p>Specjalna formu\u0142a z technologi\u0105 Novamin zawiera unikalny, klinicznie przebadany zwi\u0105zek wapnia, naturalny sk\u0142adnik z\u0119b\u00f3w. Tworzy on mineraln\u0105 warstw\u0119 ochronn\u0105 w najbardziej wra\u017cliwych obszarach i pomaga je odbudowa\u0107. Dodatkowo pasta Sensodyne Odbudowa i Ochrona wzmacnia szkliwo dzi\u0119ki zawarto\u015bci fluorku, a jej przyjemny mi\u0119towy smak zapewnia d\u0142ugotrwa\u0142e uczucie \u015bwie\u017co\u015bci i czysto\u015bci.<\/p>\n<p><b>Korzy\u015bci stosowania pasty:<br \/><\/b>\u2022 Chroni wra\u017cliwe z\u0119by i \u0142agodzi nadwra\u017cliwo\u015b\u0107<br \/>\u2022 Wzmacnia szkliwo i wspiera zdrowie dzi\u0105se\u0142*<br \/>\u2022 3x silniejsza odbudowa w por\u00f3wnaniu z past\u0105 z fluorkiem cyny (testy laboratoryjne)<br \/>\u2022 Klinicznie potwierdzona technologia dla d\u0142ugotrwa\u0142ej ochrony przed nadwra\u017cliwo\u015bci\u0105<br \/>\u2022 G\u0142\u0119boka odbudowa wra\u017cliwych miejsc*<br \/>\u2022 Tworzy warstw\u0119 naprawcz\u0105 twardsz\u0105 ni\u017c naturalna z\u0119bina, skutecznie chroni\u0105c ods\u0142oni\u0119t\u0105 z\u0119bin\u0119*<\/p>\n<p>*Przy szczotkowaniu dwa razy dziennie.<\/p>\n<p><strong>Gramatura:<\/strong> ml<br \/>\n<strong>Konsystencja:<\/strong> emulsja<br \/>\n<strong>Linie elitarne:<\/strong> nie<br \/>\n<strong>Pojemno\u015b\u0107:<\/strong> 75<br \/>\n<strong>P\u0142e\u0107:<\/strong> unisex<br \/>\n<strong>S\u0142o\u0144ce:<\/strong> nie<\/p>\n<p><strong>Uwagi:<\/strong><\/p>\n<p>ZAWSZE PRZESTRZEGA\u0106 INSTRUKCJI PODANYCH NA OPAKOWANIU. Stosowa\u0107 dwa, maksymalnie do trzech razy dziennie, nie po\u0142yka\u0107, wyplu\u0107. Przechowywa\u0107 w miejscu niedost\u0119pnym dla dzieci. Nie stosowa\u0107 u dzieci w wieku poni\u017cej 12 lat, chyba \u017ce na polecenie lekarza dentysty. Wra\u017cliwo\u015b\u0107 z\u0119b\u00f3w mo\u017ce by\u0107 oznak\u0105 powa\u017cniejszego problemu, wymagaj\u0105cego szybkiej interwencji. Je\u015bli jej objawy utrzymuj\u0105 si\u0119 lub nasilaj\u0105, nale\u017cy poradzi\u0107 si\u0119 lekarza dentysty. W przypadku podra\u017cnienia zaprzesta\u0107 stosowania. Karton powinien by\u0107 zaklejony &#8211; nie stosowa\u0107 je\u015bli opakowanie jest otwarte.<\/p>\n<p><strong>Sk\u0142adniki:<\/strong><\/p>\n<p>Glycerin, PEG-8, Hydrated Silica, Calcium Sodium Phosphosilicate (NOVAMIN), Cocamidopropyl Betaine, Sodium Methyl Cocoyl Taurate, Aroma, Titanium Dioxide, Carbomer, Sodium Fluoride, Sodium Saccharin, Limonene.<\/p>\n","protected":false},"excerpt":{"rendered":"<p> <strong>Gramatura:<\/strong> ml<br \/>  <strong>Konsystencja:<\/strong> emulsja<br \/>  <strong>Linie elitarne:<\/strong> nie<br \/>  <strong>Pojemno\u015b\u0107:<\/strong> 75<br \/>  <strong>P\u0142e\u0107:<\/strong> unisex<br \/>  <strong>S\u0142o\u0144ce:<\/strong> nie <\/p>\n","protected":false},"featured_media":47840,"comment_status":"open","ping_status":"closed","template":"","meta":{"_acf_changed":false},"kategoria-hurtowni":[222,225,90],"product_brand":[395],"product_cat":[76],"product_tag":[],"class_list":{"0":"post-47839","1":"product","2":"type-product","3":"status-publish","4":"has-post-thumbnail","6":"kategoria-hurtowni-higiena-jamy-ustnej","7":"kategoria-hurtowni-pasty-do-zebow","8":"kategoria-hurtowni-pielegnacja","9":"product_brand-sensodyne","10":"product_cat-primavera","12":"first","13":"outofstock","14":"taxable","15":"shipping-taxable","16":"product-type-simple"},"acf":[],"_links":{"self":[{"href":"https:\/\/premino.pl\/index.php?rest_route=\/wp\/v2\/product\/47839","targetHints":{"allow":["GET"]}}],"collection":[{"href":"https:\/\/premino.pl\/index.php?rest_route=\/wp\/v2\/product"}],"about":[{"href":"https:\/\/premino.pl\/index.php?rest_route=\/wp\/v2\/types\/product"}],"replies":[{"embeddable":true,"href":"https:\/\/premino.pl\/index.php?rest_route=%2Fwp%2Fv2%2Fcomments&post=47839"}],"wp:featuredmedia":[{"embeddable":true,"href":"https:\/\/premino.pl\/index.php?rest_route=\/wp\/v2\/media\/47840"}],"wp:attachment":[{"href":"https:\/\/premino.pl\/index.php?rest_route=%2Fwp%2Fv2%2Fmedia&parent=47839"}],"wp:term":[{"taxonomy":"kategoria-hurtowni","embeddable":true,"href":"https:\/\/premino.pl\/index.php?rest_route=%2Fwp%2Fv2%2Fkategoria-hurtowni&post=47839"},{"taxonomy":"product_brand","embeddable":true,"href":"https:\/\/premino.pl\/index.php?rest_route=%2Fwp%2Fv2%2Fproduct_brand&post=47839"},{"taxonomy":"product_cat","embeddable":true,"href":"https:\/\/premino.pl\/index.php?rest_route=%2Fwp%2Fv2%2Fproduct_cat&post=47839"},{"taxonomy":"product_tag","embeddable":true,"href":"https:\/\/premino.pl\/index.php?rest_route=%2Fwp%2Fv2%2Fproduct_tag&post=47839"}],"curies":[{"name":"wp","href":"https:\/\/api.w.org\/{rel}","templated":true}]}}