{"id":47841,"date":"2026-05-13T15:16:33","date_gmt":"2026-05-13T13:16:33","guid":{"rendered":"https:\/\/premino.pl\/?product=long-lasting-mascara-dlugotrwaly-tusz-do-rzes-02-brown-8ml"},"modified":"2026-05-13T15:16:34","modified_gmt":"2026-05-13T13:16:34","slug":"long-lasting-mascara-dlugotrwaly-tusz-do-rzes-02-brown-8ml","status":"publish","type":"product","link":"https:\/\/premino.pl\/?product=long-lasting-mascara-dlugotrwaly-tusz-do-rzes-02-brown-8ml","title":{"rendered":"Long Lasting Mascara d\u0142ugotrwa\u0142y tusz do rz\u0119s 02 Brown 8ml"},"content":{"rendered":"<p>Ten tusz do rz\u0119s o d\u0142ugotrwa\u0142ym efekcie intensywnie wyd\u0142u\u017ca i pogrubia ka\u017cd\u0105 rz\u0119s\u0119. Zapewnia trwa\u0142o\u015b\u0107 nawet do 12 godzin, nie rozmazuj\u0105c si\u0119 ani nie krusz\u0105c. Formu\u0142a \u0142\u0105czy intensywny kolor z delikatn\u0105 piel\u0119gnacj\u0105 dzi\u0119ki pigmentom mineralnym, ekstraktom z ro\u015blin leczniczych oraz woskowi. Efekt? D\u0142ugie, g\u0119ste i pi\u0119knie podkre\u015blone rz\u0119sy.<\/p>\n<p><b>Stosowanie: <\/b>Aplikuj tusz od nasady a\u017c po same ko\u0144ce rz\u0119s, aby uzyska\u0107 pe\u0142en efekt wyd\u0142u\u017cenia i obj\u0119to\u015bci.<\/p>\n<p><strong>Do oczu wra\u017cliwych:<\/strong> tak<br \/>\n<strong>Efekt sztucznych rz\u0119s:<\/strong> nie<br \/>\n<strong>Gramatura:<\/strong> ml<br \/>\n<strong>Kolor:<\/strong> 02 Brown<br \/>\n<strong>Podkr\u0119caj\u0105ca:<\/strong> tak<br \/>\n<strong>Pogrubiaj\u0105ca:<\/strong> tak<br \/>\n<strong>Pojemno\u015b\u0107:<\/strong> 8<br \/>\n<strong>P\u0142e\u0107:<\/strong> damski<br \/>\n<strong>S\u0142o\u0144ce:<\/strong> nie<br \/>\n<strong>Wyd\u0142u\u017caj\u0105ca:<\/strong> tak<\/p>\n<p><strong>Uwagi:<\/strong><\/p>\n<p>Tylko do u\u017cytku zewn\u0119trznego.<\/p>\n<p><strong>Sk\u0142adniki:<\/strong><\/p>\n<p>Water (Aqua), Alcohol, Pyrus Cydonia Seed Extract, Beeswax (Cera Alba), Saccharum Officinarum (Sugar Cane) Extract, Potassium Cetyl Phosphate, Cetyl Alcohol, Euphorbia Cerifera (Candelilla) Wax, Acacia Senegal Gum, Hydrolyzed Jojoba Esters, Melia Azadirachta Leaf Extract, Camellia Sinensis Leaf Extract, Euphrasia Officinalis Extract, Pullulan, Fragrance (Parfum)*, Silk (Serica) Powder, Xanthan Gum, Silica, Potassium Phosphate, Magnesium Oxide, Alumina, Iron Oxides (CI 77491, CI 77492, CI 77499), Carmine (CI 75470), Rose Flower Oil\/Extract, Lavandula Oil\/Extract, Citronellol*, Geraniol*, Linalool*, Eugenol*.<\/p>\n","protected":false},"excerpt":{"rendered":"<p> <strong>Do oczu wra\u017cliwych:<\/strong> tak<br \/>  <strong>Efekt sztucznych rz\u0119s:<\/strong> nie<br \/>  <strong>Gramatura:<\/strong> ml<br \/>  <strong>Kolor:<\/strong> 02 Brown<br \/>  <strong>Podkr\u0119caj\u0105ca:<\/strong> tak<br \/>  <strong>Pogrubiaj\u0105ca:<\/strong> tak<br \/>  <strong>Pojemno\u015b\u0107:<\/strong> 8<br \/>  <strong>P\u0142e\u0107:<\/strong> damski<br \/>  <strong>S\u0142o\u0144ce:<\/strong> nie<br \/>  <strong>Wyd\u0142u\u017caj\u0105ca:<\/strong> tak <\/p>\n","protected":false},"featured_media":47842,"comment_status":"open","ping_status":"closed","template":"","meta":{"_acf_changed":false},"kategoria-hurtowni":[83,126,178],"product_brand":[246],"product_cat":[76],"product_tag":[],"class_list":{"0":"post-47841","1":"product","2":"type-product","3":"status-publish","4":"has-post-thumbnail","6":"kategoria-hurtowni-makijaz","7":"kategoria-hurtowni-makijaz-oczy","8":"kategoria-hurtowni-maskara","9":"product_brand-dr-hauschka","10":"product_cat-primavera","12":"first","13":"outofstock","14":"taxable","15":"shipping-taxable","16":"product-type-simple"},"acf":[],"_links":{"self":[{"href":"https:\/\/premino.pl\/index.php?rest_route=\/wp\/v2\/product\/47841","targetHints":{"allow":["GET"]}}],"collection":[{"href":"https:\/\/premino.pl\/index.php?rest_route=\/wp\/v2\/product"}],"about":[{"href":"https:\/\/premino.pl\/index.php?rest_route=\/wp\/v2\/types\/product"}],"replies":[{"embeddable":true,"href":"https:\/\/premino.pl\/index.php?rest_route=%2Fwp%2Fv2%2Fcomments&post=47841"}],"wp:featuredmedia":[{"embeddable":true,"href":"https:\/\/premino.pl\/index.php?rest_route=\/wp\/v2\/media\/47842"}],"wp:attachment":[{"href":"https:\/\/premino.pl\/index.php?rest_route=%2Fwp%2Fv2%2Fmedia&parent=47841"}],"wp:term":[{"taxonomy":"kategoria-hurtowni","embeddable":true,"href":"https:\/\/premino.pl\/index.php?rest_route=%2Fwp%2Fv2%2Fkategoria-hurtowni&post=47841"},{"taxonomy":"product_brand","embeddable":true,"href":"https:\/\/premino.pl\/index.php?rest_route=%2Fwp%2Fv2%2Fproduct_brand&post=47841"},{"taxonomy":"product_cat","embeddable":true,"href":"https:\/\/premino.pl\/index.php?rest_route=%2Fwp%2Fv2%2Fproduct_cat&post=47841"},{"taxonomy":"product_tag","embeddable":true,"href":"https:\/\/premino.pl\/index.php?rest_route=%2Fwp%2Fv2%2Fproduct_tag&post=47841"}],"curies":[{"name":"wp","href":"https:\/\/api.w.org\/{rel}","templated":true}]}}