{"id":48103,"date":"2026-05-13T15:18:16","date_gmt":"2026-05-13T13:18:16","guid":{"rendered":"https:\/\/premino.pl\/?product=men-sensitive-krem-nawilzajacy-do-twarzy-spf15-75ml"},"modified":"2026-05-13T15:18:18","modified_gmt":"2026-05-13T13:18:18","slug":"men-sensitive-krem-nawilzajacy-do-twarzy-spf15-75ml","status":"publish","type":"product","link":"https:\/\/premino.pl\/?product=men-sensitive-krem-nawilzajacy-do-twarzy-spf15-75ml","title":{"rendered":"Men Sensitive krem nawil\u017caj\u0105cy do twarzy SPF15 75ml"},"content":{"rendered":"<p>NIVEA\u00a0MEN\u00a0SENSITIVE Krem nawil\u017caj\u0105cy do twarzy SPF 15 dba o podra\u017cnion\u0105 sk\u00f3r\u0119 twarzy. Bezalkoholowa*, koj\u0105ca formu\u0142a z kompleksem\u00a0VitaminPRO (witamina E, prowitamina B5, ekstrakt z rumianku) zapewnia ca\u0142odzienn\u0105 ulg\u0119 od 5 oznak podra\u017cnionej sk\u00f3ry: pieczenia, zaczerwienienia, uczucia suchej i napi\u0119tej sk\u00f3ry oraz sw\u0119dzenia. Lekki krem intensywnie nawil\u017ca sk\u00f3r\u0119 twarzy. Krem chroni sk\u00f3r\u0119 przed szkodliwym promieniowaniem UVA\/UVB, a jego konsystencja jest niet\u0142usta, nie klei si\u0119 oraz szybko si\u0119 wch\u0142ania w sk\u00f3r\u0119. W efekcie ochronny krem do twarzy zapewnia uczucie g\u0142adkiej i zadbanej sk\u00f3ry, kt\u00f3ra wygl\u0105da zdrowo. Tolerancja dla sk\u00f3ry potwierdzona dermatologicznie w\u015br\u00f3d m\u0119\u017cczyzn o wra\u017cliwej sk\u00f3rze twarzy. <\/p>\n<p>*bez alkoholu etylowego<\/p>\n<p>\u2022 Intensywnie nawil\u017ca sk\u00f3r\u0119<br \/>\u2022 Chroni przed promieniowaniem UVA\/UVB<br \/>\u2022 Redukuje 5 oznak podra\u017cnionej sk\u00f3ry: pieczenie, zaczerwienienie, uczucie suchej i napi\u0119tej sk\u00f3ry oraz sw\u0119dzenie<br \/>\u2022 Nie zawiera alkoholu etylowego<br \/>\u2022 Krem ma niet\u0142ust\u0105, nieklej\u0105c\u0105 konsystencj\u0119<br \/>\u2022 Szybko si\u0119 wch\u0142ania<br \/>\u2022 Formu\u0142a z kompleksem\u00a0VitaminPRO<\/p>\n<p><b>Spos\u00f3b u\u017cycia: <\/b>Stosuj codziennie rano na oczyszczon\u0105 sk\u00f3r\u0119. Na\u0142\u00f3\u017c na sk\u00f3r\u0119 twarzy i szyi.<\/p>\n<p><strong>Dzia\u0142anie:<\/strong> chroni przed s\u0142o\u0144cem, nawil\u017caj\u0105ce<br \/>\n<strong>Faktor SPF:<\/strong> 15<br \/>\n<strong>Gramatura:<\/strong> ml<br \/>\n<strong>Konsystencja:<\/strong> krem<br \/>\n<strong>Linie elitarne:<\/strong> nie<br \/>\n<strong>Piel\u0119gnacja specyficzna:<\/strong> nie<br \/>\n<strong>Pojemno\u015b\u0107:<\/strong> 50<br \/>\n<strong>Pora stosowania:<\/strong> dzie\u0144<br \/>\n<strong>P\u0142e\u0107:<\/strong> m\u0119ski<br \/>\n<strong>Rodzaj sk\u00f3ry:<\/strong> wra\u017cliwa<br \/>\n<strong>S\u0142o\u0144ce:<\/strong> tak<br \/>\n<strong>Typ sk\u00f3ry:<\/strong> mieszana\/t\u0142usta, normalna, sucha<\/p>\n<p><strong>Uwagi:<\/strong><\/p>\n<p>Unikaj kontaktu z oczami.<\/p>\n<p><strong>Sk\u0142adniki:<\/strong><\/p>\n<p>Aqua, Glycerin, C12-15 Alkyl Benzoate, Isopropyl Palmitate, Cetearyl Alcohol, Tapioca Starch, Butyl Methoxydibenzoylmethane,\u00a0Hydrogenated Coco-Glycerides,\u00a0Hydroxypropyl Starch Phosphate, Glyceryl Stearate, Chamomilla Recutita Flower Extract, Panthenol, Tocopheryl Acetate, Pantolactone, Xanthan Gum, Sodium Stearoyl Glutamate, Ethylhexylglycerin, Citric Acid, Sodium\u00a0Hydroxide, Trisodium Ethylenediamine Disuccinate, Phenoxyethanol, Piroctone Olamine, Parfum<\/p>\n","protected":false},"excerpt":{"rendered":"<p> <strong>Dzia\u0142anie:<\/strong> chroni przed s\u0142o\u0144cem, nawil\u017caj\u0105ce<br \/>  <strong>Faktor SPF:<\/strong> 15<br \/>  <strong>Gramatura:<\/strong> ml<br \/>  <strong>Konsystencja:<\/strong> krem<br \/>  <strong>Linie elitarne:<\/strong> nie<br \/>  <strong>Piel\u0119gnacja specyficzna:<\/strong> nie<br \/>  <strong>Pojemno\u015b\u0107:<\/strong> 50<br \/>  <strong>Pora stosowania:<\/strong> dzie\u0144<br \/>  <strong>P\u0142e\u0107:<\/strong> m\u0119ski<br \/>  <strong>Rodzaj sk\u00f3ry:<\/strong> wra\u017cliwa<br \/>  <strong>S\u0142o\u0144ce:<\/strong> tak<br \/>  <strong>Typ sk\u00f3ry:<\/strong> mieszana\/t\u0142usta, normalna, sucha <\/p>\n","protected":false},"featured_media":48104,"comment_status":"open","ping_status":"closed","template":"","meta":{"_acf_changed":false},"kategoria-hurtowni":[90,109,110],"product_brand":[92],"product_cat":[76],"product_tag":[],"class_list":{"0":"post-48103","1":"product","2":"type-product","3":"status-publish","4":"has-post-thumbnail","6":"kategoria-hurtowni-pielegnacja","7":"kategoria-hurtowni-pielegnacja-twarzy-pielegnacja","8":"kategoria-hurtowni-twarz-pielegnacja-twarzy-pielegnacja","9":"product_brand-nivea","10":"product_cat-primavera","12":"first","13":"outofstock","14":"taxable","15":"shipping-taxable","16":"product-type-simple"},"acf":[],"_links":{"self":[{"href":"https:\/\/premino.pl\/index.php?rest_route=\/wp\/v2\/product\/48103","targetHints":{"allow":["GET"]}}],"collection":[{"href":"https:\/\/premino.pl\/index.php?rest_route=\/wp\/v2\/product"}],"about":[{"href":"https:\/\/premino.pl\/index.php?rest_route=\/wp\/v2\/types\/product"}],"replies":[{"embeddable":true,"href":"https:\/\/premino.pl\/index.php?rest_route=%2Fwp%2Fv2%2Fcomments&post=48103"}],"wp:featuredmedia":[{"embeddable":true,"href":"https:\/\/premino.pl\/index.php?rest_route=\/wp\/v2\/media\/48104"}],"wp:attachment":[{"href":"https:\/\/premino.pl\/index.php?rest_route=%2Fwp%2Fv2%2Fmedia&parent=48103"}],"wp:term":[{"taxonomy":"kategoria-hurtowni","embeddable":true,"href":"https:\/\/premino.pl\/index.php?rest_route=%2Fwp%2Fv2%2Fkategoria-hurtowni&post=48103"},{"taxonomy":"product_brand","embeddable":true,"href":"https:\/\/premino.pl\/index.php?rest_route=%2Fwp%2Fv2%2Fproduct_brand&post=48103"},{"taxonomy":"product_cat","embeddable":true,"href":"https:\/\/premino.pl\/index.php?rest_route=%2Fwp%2Fv2%2Fproduct_cat&post=48103"},{"taxonomy":"product_tag","embeddable":true,"href":"https:\/\/premino.pl\/index.php?rest_route=%2Fwp%2Fv2%2Fproduct_tag&post=48103"}],"curies":[{"name":"wp","href":"https:\/\/api.w.org\/{rel}","templated":true}]}}