{"id":48697,"date":"2026-05-13T15:22:06","date_gmt":"2026-05-13T13:22:06","guid":{"rendered":"https:\/\/premino.pl\/?product=bin-ameer-woda-perfumowana-spray-90ml"},"modified":"2026-05-13T15:22:06","modified_gmt":"2026-05-13T13:22:06","slug":"bin-ameer-woda-perfumowana-spray-90ml","status":"publish","type":"product","link":"https:\/\/premino.pl\/?product=bin-ameer-woda-perfumowana-spray-90ml","title":{"rendered":"Bin Ameer woda perfumowana spray 90ml"},"content":{"rendered":"<p>Bin Ameer to aromat wyrazisty i bogaty, \u0142\u0105cz\u0105cy s\u0142odycz owoc\u00f3w, promienno\u015b\u0107 kwiat\u00f3w i orientaln\u0105 g\u0142\u0119bi\u0119 &#8211; idealny dla os\u00f3b, kt\u00f3re lubi\u0105 kompozycje s\u0142odkie, nowoczesne i doskonale wywa\u017cone.<\/p>\n<p><b>Nuty zapachowe:<br \/><\/b><br \/><b>Nuta g\u0142owy: <\/b>pomara\u0144czowy mi\u00f3d, syrop, porzeczka, cynamon, gruszka<br \/><b>Nuta serca: <\/b>ja\u015bmin sambak, cyklamen, r\u00f3\u017ca, kwiat pomara\u0144czy, frezja<br \/><b>Nuta bazy: <\/b>paczula, ambroksan, drzewo agarowe, pi\u017cmo<\/p>\n<p><strong>Gramatura:<\/strong> ml<br \/>\n<strong>Linia k\u0105pielowa:<\/strong> nie<br \/>\n<strong>Miniatura:<\/strong> nie<br \/>\n<strong>Nuta bazy:<\/strong> ambroksan, drzewo agarowe, paczula, pi\u017cmo<br \/>\n<strong>Nuta g\u0142owy:<\/strong> cynamon, gruszka, pomara\u0144czowy mi\u00f3d, porzeczka, syrop<br \/>\n<strong>Nuta g\u0142\u00f3wna:<\/strong> kwiatowe, s\u0142odka<br \/>\n<strong>Nuta serca:<\/strong> cyklamen, frezja, ja\u015bmin sambak, kwiat pomara\u0144czy, r\u00f3\u017ca<br \/>\n<strong>Pojemno\u015b\u0107:<\/strong> 90<br \/>\n<strong>Produkt rzadki:<\/strong> nie<br \/>\n<strong>Pr\u00f3bka:<\/strong> nie<br \/>\n<strong>P\u0142e\u0107:<\/strong> unisex<br \/>\n<strong>Rodzaj:<\/strong> woda perfumowana<br \/>\n<strong>Tester:<\/strong> nie<br \/>\n<strong>Zapach alternatywny:<\/strong> nie<\/p>\n<p><strong>Uwagi:<\/strong><\/p>\n<p>Produkt przechowywa\u0107 z dala od ognia i \u017ar\u00f3de\u0142 ciep\u0142a. Trzyma\u0107 w miejscu niedost\u0119pnym dla dzieci. Nie stosowa\u0107 na podra\u017cnion\u0105 lub uszkodzon\u0105 sk\u00f3r\u0119. Unika\u0107 kontaktu z oczami.<\/p>\n<p><strong>Sk\u0142adniki:<\/strong><\/p>\n<p>PARFUM, ALCOHOL DENAT. AQUA, BENZYL SALICYLATE, LINALOOL, COUMARIN GERNAIOL. LIMONENE, FARNESOL, BENZYL BENZOATE<\/p>\n","protected":false},"excerpt":{"rendered":"<p> <strong>Gramatura:<\/strong> ml<br \/>  <strong>Linia k\u0105pielowa:<\/strong> nie<br \/>  <strong>Miniatura:<\/strong> nie<br \/>  <strong>Nuta bazy:<\/strong> ambroksan, drzewo agarowe, paczula, pi\u017cmo<br \/>  <strong>Nuta g\u0142owy:<\/strong> cynamon, gruszka, pomara\u0144czowy mi\u00f3d, porzeczka, syrop<br \/>  <strong>Nuta g\u0142\u00f3wna:<\/strong> kwiatowe, s\u0142odka<br \/>  <strong>Nuta serca:<\/strong> cyklamen, frezja, ja\u015bmin sambak, kwiat pomara\u0144czy, r\u00f3\u017ca<br \/>  <strong>Pojemno\u015b\u0107:<\/strong> 90<br \/>  <strong>Produkt rzadki:<\/strong> nie<br \/>  <strong>Pr\u00f3bka:<\/strong> nie<br \/>  <strong>P\u0142e\u0107:<\/strong> unisex<br \/>  <strong>Rodzaj:<\/strong> woda perfumowana<br \/>  <strong>Tester:<\/strong> nie<br \/>  <strong>Zapach alternatywny:<\/strong> nie <\/p>\n","protected":false},"featured_media":48698,"comment_status":"open","ping_status":"closed","template":"","meta":{"_acf_changed":false},"kategoria-hurtowni":[87,88],"product_brand":[670],"product_cat":[76],"product_tag":[],"class_list":{"0":"post-48697","1":"product","2":"type-product","3":"status-publish","4":"has-post-thumbnail","6":"kategoria-hurtowni-perfumy","7":"kategoria-hurtowni-zapachy","8":"product_brand-ahmed-al-maghribi","9":"product_cat-primavera","11":"first","12":"outofstock","13":"taxable","14":"shipping-taxable","15":"product-type-simple"},"acf":[],"_links":{"self":[{"href":"https:\/\/premino.pl\/index.php?rest_route=\/wp\/v2\/product\/48697","targetHints":{"allow":["GET"]}}],"collection":[{"href":"https:\/\/premino.pl\/index.php?rest_route=\/wp\/v2\/product"}],"about":[{"href":"https:\/\/premino.pl\/index.php?rest_route=\/wp\/v2\/types\/product"}],"replies":[{"embeddable":true,"href":"https:\/\/premino.pl\/index.php?rest_route=%2Fwp%2Fv2%2Fcomments&post=48697"}],"wp:featuredmedia":[{"embeddable":true,"href":"https:\/\/premino.pl\/index.php?rest_route=\/wp\/v2\/media\/48698"}],"wp:attachment":[{"href":"https:\/\/premino.pl\/index.php?rest_route=%2Fwp%2Fv2%2Fmedia&parent=48697"}],"wp:term":[{"taxonomy":"kategoria-hurtowni","embeddable":true,"href":"https:\/\/premino.pl\/index.php?rest_route=%2Fwp%2Fv2%2Fkategoria-hurtowni&post=48697"},{"taxonomy":"product_brand","embeddable":true,"href":"https:\/\/premino.pl\/index.php?rest_route=%2Fwp%2Fv2%2Fproduct_brand&post=48697"},{"taxonomy":"product_cat","embeddable":true,"href":"https:\/\/premino.pl\/index.php?rest_route=%2Fwp%2Fv2%2Fproduct_cat&post=48697"},{"taxonomy":"product_tag","embeddable":true,"href":"https:\/\/premino.pl\/index.php?rest_route=%2Fwp%2Fv2%2Fproduct_tag&post=48697"}],"curies":[{"name":"wp","href":"https:\/\/api.w.org\/{rel}","templated":true}]}}