{"id":48735,"date":"2026-05-13T15:22:16","date_gmt":"2026-05-13T13:22:16","guid":{"rendered":"https:\/\/premino.pl\/?product=brulee-woda-perfumowana-spray-100ml"},"modified":"2026-05-13T15:22:20","modified_gmt":"2026-05-13T13:22:20","slug":"brulee-woda-perfumowana-spray-100ml","status":"publish","type":"product","link":"https:\/\/premino.pl\/?product=brulee-woda-perfumowana-spray-100ml","title":{"rendered":"Br\u00fbl\u00e9e woda perfumowana spray 100ml"},"content":{"rendered":"<p>Br\u00fbl\u00e9e to kompozycja uniseks, kt\u00f3ra ju\u017c swoj\u0105 nazw\u0105 sugeruje s\u0142odk\u0105, lekko przypieczon\u0105 zmys\u0142owo\u015b\u0107, jak aksamitny deser z karmelow\u0105 skorupk\u0105.<\/p>\n<p><b>Nuty zapachowe:<br \/><\/b><br \/><b>Nuta g\u0142owy: <\/b>karmel, kardamon, cukier, kokos, sycylijska bergamotka<br \/><b>Nuta serca: <\/b>wanilia, kadzid\u0142o, mleko, czekolada, kwiat pomara\u0144czy<br \/><b>Nuta bazy: <\/b>fasolka tonka, bia\u0142e pi\u017cmo, ambroksan<\/p>\n<p><strong>Gramatura:<\/strong> ml<br \/>\n<strong>Linia k\u0105pielowa:<\/strong> nie<br \/>\n<strong>Miniatura:<\/strong> nie<br \/>\n<strong>Nuta bazy:<\/strong> ambroksan, bia\u0142e pi\u017cmo, fasolka tonka<br \/>\n<strong>Nuta g\u0142owy:<\/strong> cukier, kardamon, karmel, kokos, sycylijska bergamotka<br \/>\n<strong>Nuta g\u0142\u00f3wna:<\/strong> ambrowe, gourmand, s\u0142odka, waniliowe<br \/>\n<strong>Nuta serca:<\/strong> czekolada, kadzid\u0142o, kwiat pomara\u0144czy, mleko, wanilia<br \/>\n<strong>Pojemno\u015b\u0107:<\/strong> 100<br \/>\n<strong>Produkt rzadki:<\/strong> nie<br \/>\n<strong>Pr\u00f3bka:<\/strong> nie<br \/>\n<strong>P\u0142e\u0107:<\/strong> unisex<br \/>\n<strong>Rodzaj:<\/strong> woda perfumowana<br \/>\n<strong>Tester:<\/strong> nie<br \/>\n<strong>Zapach alternatywny:<\/strong> nie<\/p>\n<p><strong>Uwagi:<\/strong><\/p>\n<p>Produkt przechowywa\u0107 z dala od ognia i \u017ar\u00f3de\u0142 ciep\u0142a. Trzyma\u0107 w miejscu niedost\u0119pnym dla dzieci. Nie stosowa\u0107 na podra\u017cnion\u0105 lub uszkodzon\u0105 sk\u00f3r\u0119. Unika\u0107 kontaktu z oczami.<\/p>\n<p><strong>Sk\u0142adniki:<\/strong><\/p>\n<p>PARFUM, ALCOHOL DENAT. AQUA, BENZYL SALICYLATE, LINALOOL, COUMARIN GERNAIOL. LIMONENE, FARNESOL, BENZYL BENZOATE.<\/p>\n","protected":false},"excerpt":{"rendered":"<p> <strong>Gramatura:<\/strong> ml<br \/>  <strong>Linia k\u0105pielowa:<\/strong> nie<br \/>  <strong>Miniatura:<\/strong> nie<br \/>  <strong>Nuta bazy:<\/strong> ambroksan, bia\u0142e pi\u017cmo, fasolka tonka<br \/>  <strong>Nuta g\u0142owy:<\/strong> cukier, kardamon, karmel, kokos, sycylijska bergamotka<br \/>  <strong>Nuta g\u0142\u00f3wna:<\/strong> ambrowe, gourmand, s\u0142odka, waniliowe<br \/>  <strong>Nuta serca:<\/strong> czekolada, kadzid\u0142o, kwiat pomara\u0144czy, mleko, wanilia<br \/>  <strong>Pojemno\u015b\u0107:<\/strong> 100<br \/>  <strong>Produkt rzadki:<\/strong> nie<br \/>  <strong>Pr\u00f3bka:<\/strong> nie<br \/>  <strong>P\u0142e\u0107:<\/strong> unisex<br \/>  <strong>Rodzaj:<\/strong> woda perfumowana<br \/>  <strong>Tester:<\/strong> nie<br \/>  <strong>Zapach alternatywny:<\/strong> nie <\/p>\n","protected":false},"featured_media":48736,"comment_status":"open","ping_status":"closed","template":"","meta":{"_acf_changed":false},"kategoria-hurtowni":[87,88],"product_brand":[670],"product_cat":[76],"product_tag":[],"class_list":{"0":"post-48735","1":"product","2":"type-product","3":"status-publish","4":"has-post-thumbnail","6":"kategoria-hurtowni-perfumy","7":"kategoria-hurtowni-zapachy","8":"product_brand-ahmed-al-maghribi","9":"product_cat-primavera","11":"first","12":"outofstock","13":"taxable","14":"shipping-taxable","15":"product-type-simple"},"acf":[],"_links":{"self":[{"href":"https:\/\/premino.pl\/index.php?rest_route=\/wp\/v2\/product\/48735","targetHints":{"allow":["GET"]}}],"collection":[{"href":"https:\/\/premino.pl\/index.php?rest_route=\/wp\/v2\/product"}],"about":[{"href":"https:\/\/premino.pl\/index.php?rest_route=\/wp\/v2\/types\/product"}],"replies":[{"embeddable":true,"href":"https:\/\/premino.pl\/index.php?rest_route=%2Fwp%2Fv2%2Fcomments&post=48735"}],"wp:featuredmedia":[{"embeddable":true,"href":"https:\/\/premino.pl\/index.php?rest_route=\/wp\/v2\/media\/48736"}],"wp:attachment":[{"href":"https:\/\/premino.pl\/index.php?rest_route=%2Fwp%2Fv2%2Fmedia&parent=48735"}],"wp:term":[{"taxonomy":"kategoria-hurtowni","embeddable":true,"href":"https:\/\/premino.pl\/index.php?rest_route=%2Fwp%2Fv2%2Fkategoria-hurtowni&post=48735"},{"taxonomy":"product_brand","embeddable":true,"href":"https:\/\/premino.pl\/index.php?rest_route=%2Fwp%2Fv2%2Fproduct_brand&post=48735"},{"taxonomy":"product_cat","embeddable":true,"href":"https:\/\/premino.pl\/index.php?rest_route=%2Fwp%2Fv2%2Fproduct_cat&post=48735"},{"taxonomy":"product_tag","embeddable":true,"href":"https:\/\/premino.pl\/index.php?rest_route=%2Fwp%2Fv2%2Fproduct_tag&post=48735"}],"curies":[{"name":"wp","href":"https:\/\/api.w.org\/{rel}","templated":true}]}}