{"id":49357,"date":"2026-05-13T15:26:25","date_gmt":"2026-05-13T13:26:25","guid":{"rendered":"https:\/\/premino.pl\/?product=men-hydrocare-pianka-do-golenia-200ml"},"modified":"2026-05-13T15:26:25","modified_gmt":"2026-05-13T13:26:25","slug":"men-hydrocare-pianka-do-golenia-200ml","status":"publish","type":"product","link":"https:\/\/premino.pl\/?product=men-hydrocare-pianka-do-golenia-200ml","title":{"rendered":"Men Hydrocare pianka do golenia 200ml"},"content":{"rendered":"<p>Pianka do golenia\u00a0NIVEA\u00a0MEN\u00a0Hydrocare\u00a0to wyj\u0105tkowy, ochronny kosmetyk, stworzony z my\u015bl\u0105 o komfortowym goleniu po\u0142\u0105czonym z piel\u0119gnacj\u0105 m\u0119skiej sk\u00f3ry. Formu\u0142a wzbogacona o aloes i prowitamin\u0119 B5 dba o sk\u00f3r\u0119 i pomaga utrzyma\u0107 jej optymalny poziom nawil\u017cenia, chroni\u0105c przed wysuszeniem. Jednocze\u015bnie pianka do golenia zmi\u0119kcza zarost i chroni sk\u00f3r\u0119 przed zaci\u0119ciami i mikrourazami. U\u0142atwia po\u015blizg maszynki, aby golenie sz\u0142o g\u0142adko oraz by\u0142o dok\u0142adne! Po goleniu sk\u00f3ra wygl\u0105da na zdrow\u0105, bez nieprzyjemnego uczucia sucho\u015bci i napi\u0119cia. <\/p>\n<p>Formu\u0142a biodegradowalna w 99%*. Puszka pianki do golenia zosta\u0142a wykonana w 95% z aluminium z recyklingu &#8211; w trosce o nasz\u0105 planet\u0119.\u00a0<\/p>\n<p>NIVEA\u00ae &#8211; ponad 100 lat do\u015bwiadczenia w piel\u0119gnacji sk\u00f3ry oraz starannie wyselekcjonowane sk\u0142adniki z zachowaniem najwy\u017cszych standard\u00f3w jako\u015bci. <\/p>\n<p>*zgodnie z OECD lub zbli\u017conymi metodami<\/p>\n<p>\u2022 Ochronna formu\u0142a wzbogacona o aloes i prowitamin\u0119 B5<br \/>\u2022 Zapewnia ochron\u0119 przed zaci\u0119ciami<br \/>\u2022 Dba o sk\u00f3r\u0119 oraz chroni j\u0105 przed wysuszeniem<br \/>\u2022 Zmi\u0119kcza zarost, u\u0142atwiaj\u0105c g\u0142adkie golenie<br \/>\u2022 Puszka wykonana w 95% z aluminium z recyklingu*<\/p>\n<p><b>Spos\u00f3b u\u017cycia:<br \/><\/b>Wstrz\u0105\u015bnij przed u\u017cyciem. Dozuj, trzymaj\u0105c pionowo. Rozmasuj produkt na wilgotnej sk\u00f3rze twarzy, po goleniu sp\u0142ucz.<\/p>\n<p><strong>Dzia\u0142anie:<\/strong> chroni, do golenia, nawil\u017caj\u0105ce, zmi\u0119kcza<br \/>\n<strong>Gramatura:<\/strong> ml<br \/>\n<strong>Konsystencja:<\/strong> pianka<br \/>\n<strong>Linie elitarne:<\/strong> nie<br \/>\n<strong>Piel\u0119gnacja specyficzna:<\/strong> nie<br \/>\n<strong>Pojemno\u015b\u0107:<\/strong> 200<br \/>\n<strong>Pora stosowania:<\/strong> dowolnie<br \/>\n<strong>P\u0142e\u0107:<\/strong> m\u0119ski<br \/>\n<strong>Rodzaj sk\u00f3ry:<\/strong> dojrza\u0142a, m\u0142oda<br \/>\n<strong>S\u0142o\u0144ce:<\/strong> nie<br \/>\n<strong>Typ sk\u00f3ry:<\/strong> mieszana\/t\u0142usta, normalna, sucha<\/p>\n<p><strong>Uwagi:<\/strong><\/p>\n<p>Pojemnik pod ci\u015bnieniem: Ogrzanie grozi wybuchem. Przechowywa\u0107 z dala od \u017ar\u00f3de\u0142 ciep\u0142a, gor\u0105cych powierzchni, \u017ar\u00f3de\u0142 iskrzenia, otwartego ognia i innych \u017ar\u00f3de\u0142 zap\u0142onu. Nie pali\u0107. Nie przek\u0142uwa\u0107 ani nie spala\u0107, nawet po zu\u017cyciu. Chroni\u0107 przed \u015bwiat\u0142em s\u0142onecznym. Nie wystawia\u0107 na dzia\u0142anie temperatury przekraczaj\u0105cej 50\u00b0C. Chroni\u0107 przed dzie\u0107mi. Oddawa\u0107 do recyklingu tylko puste opakowanie. 4% masowych zawarto\u015bci jest \u0142atwopalne.<\/p>\n<p><strong>Sk\u0142adniki:<\/strong><\/p>\n<p>Aqua, Isobutane, Glycerin, Triethanolamine, Laureth-23, Palmitic Acid, Stearic Acid, Aloe Barbadensis Leaf Juice Powder, Panthenol, Coco-Caprylate\/Caprate,\u00a0Hydroxypropyl Methylcellulose, Myristic Acid, Arachidic Acid, Oleic Acid, Lauric Acid, Potassium\u00a0Hydroxide, Propane, Butane, Pantolactone, Citric Acid, Piroctone Olamine, Tetramethyl Acetyloctahydronaphthalenes, Parfum<\/p>\n","protected":false},"excerpt":{"rendered":"<p> <strong>Dzia\u0142anie:<\/strong> chroni, do golenia, nawil\u017caj\u0105ce, zmi\u0119kcza<br \/>  <strong>Gramatura:<\/strong> ml<br \/>  <strong>Konsystencja:<\/strong> pianka<br \/>  <strong>Linie elitarne:<\/strong> nie<br \/>  <strong>Piel\u0119gnacja specyficzna:<\/strong> nie<br \/>  <strong>Pojemno\u015b\u0107:<\/strong> 200<br \/>  <strong>Pora stosowania:<\/strong> dowolnie<br \/>  <strong>P\u0142e\u0107:<\/strong> m\u0119ski<br \/>  <strong>Rodzaj sk\u00f3ry:<\/strong> dojrza\u0142a, m\u0142oda<br \/>  <strong>S\u0142o\u0144ce:<\/strong> nie<br \/>  <strong>Typ sk\u00f3ry:<\/strong> mieszana\/t\u0142usta, normalna, sucha <\/p>\n","protected":false},"featured_media":49358,"comment_status":"open","ping_status":"closed","template":"","meta":{"_acf_changed":false},"kategoria-hurtowni":[90,109,110],"product_brand":[92],"product_cat":[76],"product_tag":[],"class_list":{"0":"post-49357","1":"product","2":"type-product","3":"status-publish","4":"has-post-thumbnail","6":"kategoria-hurtowni-pielegnacja","7":"kategoria-hurtowni-pielegnacja-twarzy-pielegnacja","8":"kategoria-hurtowni-twarz-pielegnacja-twarzy-pielegnacja","9":"product_brand-nivea","10":"product_cat-primavera","12":"first","13":"outofstock","14":"taxable","15":"shipping-taxable","16":"product-type-simple"},"acf":[],"_links":{"self":[{"href":"https:\/\/premino.pl\/index.php?rest_route=\/wp\/v2\/product\/49357","targetHints":{"allow":["GET"]}}],"collection":[{"href":"https:\/\/premino.pl\/index.php?rest_route=\/wp\/v2\/product"}],"about":[{"href":"https:\/\/premino.pl\/index.php?rest_route=\/wp\/v2\/types\/product"}],"replies":[{"embeddable":true,"href":"https:\/\/premino.pl\/index.php?rest_route=%2Fwp%2Fv2%2Fcomments&post=49357"}],"wp:featuredmedia":[{"embeddable":true,"href":"https:\/\/premino.pl\/index.php?rest_route=\/wp\/v2\/media\/49358"}],"wp:attachment":[{"href":"https:\/\/premino.pl\/index.php?rest_route=%2Fwp%2Fv2%2Fmedia&parent=49357"}],"wp:term":[{"taxonomy":"kategoria-hurtowni","embeddable":true,"href":"https:\/\/premino.pl\/index.php?rest_route=%2Fwp%2Fv2%2Fkategoria-hurtowni&post=49357"},{"taxonomy":"product_brand","embeddable":true,"href":"https:\/\/premino.pl\/index.php?rest_route=%2Fwp%2Fv2%2Fproduct_brand&post=49357"},{"taxonomy":"product_cat","embeddable":true,"href":"https:\/\/premino.pl\/index.php?rest_route=%2Fwp%2Fv2%2Fproduct_cat&post=49357"},{"taxonomy":"product_tag","embeddable":true,"href":"https:\/\/premino.pl\/index.php?rest_route=%2Fwp%2Fv2%2Fproduct_tag&post=49357"}],"curies":[{"name":"wp","href":"https:\/\/api.w.org\/{rel}","templated":true}]}}