{"id":49359,"date":"2026-05-13T15:26:25","date_gmt":"2026-05-13T13:26:25","guid":{"rendered":"https:\/\/premino.pl\/?product=cellular-expert-filler-spf30-krem-anti-age-na-dzien-50ml"},"modified":"2026-05-13T15:26:25","modified_gmt":"2026-05-13T13:26:25","slug":"cellular-expert-filler-spf30-krem-anti-age-na-dzien-50ml","status":"publish","type":"product","link":"https:\/\/premino.pl\/?product=cellular-expert-filler-spf30-krem-anti-age-na-dzien-50ml","title":{"rendered":"Cellular Expert Filler SPF30 krem anti-age na dzie\u0144 50ml"},"content":{"rendered":"<p>NIVEA CELLULAR Expert Filler zawiera po\u0142\u0105czenie silnych sk\u0142adnik\u00f3w przeciwstarzeniowych, kt\u00f3re zapewniaj\u0105 efekt wype\u0142nienia w 24 godziny*. Zaawansowana formu\u0142a przeciwdzia\u0142a utracie j\u0119drno\u015bci i obj\u0119to\u015bci, by sk\u00f3ra wygl\u0105da\u0142a m\u0142odziej.<\/p>\n<p>CZYSTY KWAS FOLIOWY odbudowuje kom\u00f3rki i wspomaga procesy naprawcze w\u0142\u00f3kien sk\u00f3ry*, by sk\u00f3ra by\u0142a bardziej j\u0119drna i spr\u0119\u017cysta.<br \/>MIKRO I MAKROCZ\u0104STECZKOWY KWAS HIALURONOWY, znane ze swoich w\u0142a\u015bciwo\u015bci nawil\u017caj\u0105cych i wyg\u0142adzaj\u0105cych 2 typy kwasu hialuronowego, efektywnie wype\u0142niaj\u0105 zmarszczki.<\/p>\n<p>Krem anti-age na dzie\u0144 zawiera system filtr\u00f3w UVA\/UVB (SPF 30), kt\u00f3ry pomaga chroni\u0107 sk\u00f3r\u0119 przed fotostarzeniem, uszkodzeniem kom\u00f3rek i przebarwieniami wywo\u0142anymi promieniowaniem UV.<\/p>\n<p><b>UDOWODNIONE EFEKTY:<\/b><br \/>PO 1 TYGODNIU: Sk\u00f3ra jest odczuwalnie bardziej wype\u0142niona (+40%**), j\u0119drna (+20%**) i g\u0142adka w dotyku.<br \/>PO 2 TYGODNIACH: Zmarszczki s\u0105 widocznie wype\u0142nione i zredukowane (-50%*). Sk\u00f3ra wygl\u0105da m\u0142odziej, j\u0119drniej i promiennie.<br \/>PO 4 TYGODNIACH: Sk\u00f3ra wygl\u0105da na od\u015bwie\u017con\u0105 i odnowion\u0105, a jej bariera ochronna jest wzmocniona, by przeciwdzia\u0142a\u0107 oznakom starzenia si\u0119.<\/p>\n<p>*testowane na kom\u00f3rkach sk\u00f3ry<br \/>**4-tyg. badanie z udzia\u0142em 39 kobiet, 2021<\/p>\n<p><b>Korzy\u015bci:<\/b><br \/>\u2022 Dzi\u0119ki systemowi filtr\u00f3w UVA\/UVB (SPF 30) pomaga chroni\u0107 sk\u00f3r\u0119 przed fotostarzeniem, uszkodzeniem kom\u00f3rek i przebarwieniami wywo\u0142anymi promieniowaniem UV<br \/>\u2022 Wype\u0142nia zmarszczki<br \/>\u2022 Przywraca obj\u0119to\u015b\u0107<br \/>\u2022 Widocznie uj\u0119drnia<br \/>\u2022 Tolerancja dla sk\u00f3ry potwierdzona dermatologicznie<\/p>\n<p><strong>Dzia\u0142anie:<\/strong> chroni przed s\u0142o\u0144cem, nawil\u017caj\u0105ce, redukuje zmarszczki, uelastycznia, uj\u0119drnia, wyg\u0142adza<br \/>\n<strong>Faktor SPF:<\/strong> 30<br \/>\n<strong>Gramatura:<\/strong> ml<br \/>\n<strong>Konsystencja:<\/strong> krem<br \/>\n<strong>Linie elitarne:<\/strong> nie<br \/>\n<strong>Piel\u0119gnacja specyficzna:<\/strong> nie<br \/>\n<strong>Pojemno\u015b\u0107:<\/strong> 50<br \/>\n<strong>Pora stosowania:<\/strong> dzie\u0144<br \/>\n<strong>P\u0142e\u0107:<\/strong> damski<br \/>\n<strong>Rodzaj sk\u00f3ry:<\/strong> dojrza\u0142a<br \/>\n<strong>S\u0142o\u0144ce:<\/strong> tak<br \/>\n<strong>Typ sk\u00f3ry:<\/strong> normalna, sucha<\/p>\n<p><strong>Uwagi:<\/strong><\/p>\n<p>Unika\u0107 kontaktu z oczami. W razie dostania si\u0119 do oczu \u2013 przep\u0142uka\u0107 wod\u0105. Tylko do u\u017cytku zewn\u0119trznego.<\/p>\n<p><strong>Sk\u0142adniki:<\/strong><\/p>\n<p>Aqua, Glycerin, C12-15 Alkyl Benzoate, Methylpropanediol, Bis-Ethylhexyloxyphenol Methoxyphenyl Triazine, Butyl Methoxydibenzoylmethane, Butylene Glycol Dicaprylate\/Dicaprate, Glyceryl Stearate, Dibutyl Adipate, Phenylbenzimidazole Sulfonic Acid, Behenyl Alcohol, Ethylhexyl Triazone, Cetearyl Alcohol, Folic Acid, Sodium Hyaluronate, Creatine, 1-Methylhydantoin-2-Imide, Magnolia Officinalis Bark Extract, Sodium Stearoyl Glutamate, Ethylhexylglycerin, 1,2-Hexanediol, Xanthan Gum, Tapioca Starch, Trisodium EDTA, Sodium Hydroxide, Sodium Chloride, Sodium Sulfate, Phenoxyethanol, Parfum, CI 16035, CI 42090<\/p>\n","protected":false},"excerpt":{"rendered":"<p> <strong>Dzia\u0142anie:<\/strong> chroni przed s\u0142o\u0144cem, nawil\u017caj\u0105ce, redukuje zmarszczki, uelastycznia, uj\u0119drnia, wyg\u0142adza<br \/>  <strong>Faktor SPF:<\/strong> 30<br \/>  <strong>Gramatura:<\/strong> ml<br \/>  <strong>Konsystencja:<\/strong> krem<br \/>  <strong>Linie elitarne:<\/strong> nie<br \/>  <strong>Piel\u0119gnacja specyficzna:<\/strong> nie<br \/>  <strong>Pojemno\u015b\u0107:<\/strong> 50<br \/>  <strong>Pora stosowania:<\/strong> dzie\u0144<br \/>  <strong>P\u0142e\u0107:<\/strong> damski<br \/>  <strong>Rodzaj sk\u00f3ry:<\/strong> dojrza\u0142a<br \/>  <strong>S\u0142o\u0144ce:<\/strong> tak<br \/>  <strong>Typ sk\u00f3ry:<\/strong> normalna, sucha <\/p>\n","protected":false},"featured_media":49360,"comment_status":"open","ping_status":"closed","template":"","meta":{"_acf_changed":false},"kategoria-hurtowni":[90,109,110],"product_brand":[92],"product_cat":[76],"product_tag":[],"class_list":{"0":"post-49359","1":"product","2":"type-product","3":"status-publish","4":"has-post-thumbnail","6":"kategoria-hurtowni-pielegnacja","7":"kategoria-hurtowni-pielegnacja-twarzy-pielegnacja","8":"kategoria-hurtowni-twarz-pielegnacja-twarzy-pielegnacja","9":"product_brand-nivea","10":"product_cat-primavera","12":"first","13":"outofstock","14":"taxable","15":"shipping-taxable","16":"product-type-simple"},"acf":[],"_links":{"self":[{"href":"https:\/\/premino.pl\/index.php?rest_route=\/wp\/v2\/product\/49359","targetHints":{"allow":["GET"]}}],"collection":[{"href":"https:\/\/premino.pl\/index.php?rest_route=\/wp\/v2\/product"}],"about":[{"href":"https:\/\/premino.pl\/index.php?rest_route=\/wp\/v2\/types\/product"}],"replies":[{"embeddable":true,"href":"https:\/\/premino.pl\/index.php?rest_route=%2Fwp%2Fv2%2Fcomments&post=49359"}],"wp:featuredmedia":[{"embeddable":true,"href":"https:\/\/premino.pl\/index.php?rest_route=\/wp\/v2\/media\/49360"}],"wp:attachment":[{"href":"https:\/\/premino.pl\/index.php?rest_route=%2Fwp%2Fv2%2Fmedia&parent=49359"}],"wp:term":[{"taxonomy":"kategoria-hurtowni","embeddable":true,"href":"https:\/\/premino.pl\/index.php?rest_route=%2Fwp%2Fv2%2Fkategoria-hurtowni&post=49359"},{"taxonomy":"product_brand","embeddable":true,"href":"https:\/\/premino.pl\/index.php?rest_route=%2Fwp%2Fv2%2Fproduct_brand&post=49359"},{"taxonomy":"product_cat","embeddable":true,"href":"https:\/\/premino.pl\/index.php?rest_route=%2Fwp%2Fv2%2Fproduct_cat&post=49359"},{"taxonomy":"product_tag","embeddable":true,"href":"https:\/\/premino.pl\/index.php?rest_route=%2Fwp%2Fv2%2Fproduct_tag&post=49359"}],"curies":[{"name":"wp","href":"https:\/\/api.w.org\/{rel}","templated":true}]}}