{"id":49579,"date":"2026-05-13T15:27:56","date_gmt":"2026-05-13T13:27:56","guid":{"rendered":"https:\/\/premino.pl\/?product=coffee-collection-qahwa-woda-perfumowana-spray-100ml"},"modified":"2026-05-13T15:27:56","modified_gmt":"2026-05-13T13:27:56","slug":"coffee-collection-qahwa-woda-perfumowana-spray-100ml","status":"publish","type":"product","link":"https:\/\/premino.pl\/?product=coffee-collection-qahwa-woda-perfumowana-spray-100ml","title":{"rendered":"Coffee Collection Qahwa woda perfumowana spray 100ml"},"content":{"rendered":"<p>Coffee Collection Qahwa marki Fragrance World to kompozycja uniseksowa, stworzona z my\u015bl\u0105 o osobach ceni\u0105cych g\u0142\u0119bi\u0119, orientalne niuanse i zmys\u0142owe, dymno-kawowe akordy. Zapach zosta\u0142 wydany w 2024 roku, ale jego charakter jest ponadczasowy &#8211; intensywny, ciep\u0142y i otulaj\u0105cy.<\/p>\n<p><b>Nuty zapachowe:<br \/><\/b><br \/><b>Nuta g\u0142owy: <\/b>kardamon<br \/><b>Nuta serca: <\/b>labdanum, dym, kawa<br \/><b>Nuta bazy: <\/b>benzoes, drzewo cedrowe, daktyle<\/p>\n<p><strong>Gramatura:<\/strong> ml<br \/>\n<strong>Linia k\u0105pielowa:<\/strong> nie<br \/>\n<strong>Miniatura:<\/strong> nie<br \/>\n<strong>Nuta bazy:<\/strong> benzoes, daktyle, drzewo cedrowe<br \/>\n<strong>Nuta g\u0142owy:<\/strong> kardamon<br \/>\n<strong>Nuta g\u0142\u00f3wna:<\/strong> ciep\u0142a korzenna , dymna, gourmand<br \/>\n<strong>Nuta serca:<\/strong> dym, kawa, labdanum<br \/>\n<strong>Pojemno\u015b\u0107:<\/strong> 100<br \/>\n<strong>Produkt rzadki:<\/strong> nie<br \/>\n<strong>Pr\u00f3bka:<\/strong> nie<br \/>\n<strong>P\u0142e\u0107:<\/strong> unisex<br \/>\n<strong>Rodzaj:<\/strong> woda perfumowana<br \/>\n<strong>Tester:<\/strong> nie<br \/>\n<strong>Zapach alternatywny:<\/strong> nie<\/p>\n<p><strong>Uwagi:<\/strong><\/p>\n<p>Produkt przechowywa\u0107 z dala od ognia i \u017ar\u00f3de\u0142 ciep\u0142a. Trzyma\u0107 w miejscu niedost\u0119pnym dla dzieci. Nie stosowa\u0107 na podra\u017cnion\u0105 lub uszkodzon\u0105 sk\u00f3r\u0119. Unika\u0107 kontaktu z oczami.<\/p>\n<p><strong>Sk\u0142adniki:<\/strong><\/p>\n<p>ALCOHOL DENAT, PARFUM (FRAGRANCE), WATER (AQUA), AMYL CINNAMAL, BENZYL BENZOATE, CITRAL, COUMARIN, GERANIOL, HEXYL CINNAMAL, LIMONENE, LINALOOL.<\/p>\n","protected":false},"excerpt":{"rendered":"<p> <strong>Gramatura:<\/strong> ml<br \/>  <strong>Linia k\u0105pielowa:<\/strong> nie<br \/>  <strong>Miniatura:<\/strong> nie<br \/>  <strong>Nuta bazy:<\/strong> benzoes, daktyle, drzewo cedrowe<br \/>  <strong>Nuta g\u0142owy:<\/strong> kardamon<br \/>  <strong>Nuta g\u0142\u00f3wna:<\/strong> ciep\u0142a korzenna , dymna, gourmand<br \/>  <strong>Nuta serca:<\/strong> dym, kawa, labdanum<br \/>  <strong>Pojemno\u015b\u0107:<\/strong> 100<br \/>  <strong>Produkt rzadki:<\/strong> nie<br \/>  <strong>Pr\u00f3bka:<\/strong> nie<br \/>  <strong>P\u0142e\u0107:<\/strong> unisex<br \/>  <strong>Rodzaj:<\/strong> woda perfumowana<br \/>  <strong>Tester:<\/strong> nie<br \/>  <strong>Zapach alternatywny:<\/strong> nie <\/p>\n","protected":false},"featured_media":49580,"comment_status":"open","ping_status":"closed","template":"","meta":{"_acf_changed":false},"kategoria-hurtowni":[87,88],"product_brand":[450],"product_cat":[76],"product_tag":[],"class_list":{"0":"post-49579","1":"product","2":"type-product","3":"status-publish","4":"has-post-thumbnail","6":"kategoria-hurtowni-perfumy","7":"kategoria-hurtowni-zapachy","8":"product_brand-fragrance-world","9":"product_cat-primavera","11":"first","12":"outofstock","13":"taxable","14":"shipping-taxable","15":"product-type-simple"},"acf":[],"_links":{"self":[{"href":"https:\/\/premino.pl\/index.php?rest_route=\/wp\/v2\/product\/49579","targetHints":{"allow":["GET"]}}],"collection":[{"href":"https:\/\/premino.pl\/index.php?rest_route=\/wp\/v2\/product"}],"about":[{"href":"https:\/\/premino.pl\/index.php?rest_route=\/wp\/v2\/types\/product"}],"replies":[{"embeddable":true,"href":"https:\/\/premino.pl\/index.php?rest_route=%2Fwp%2Fv2%2Fcomments&post=49579"}],"wp:featuredmedia":[{"embeddable":true,"href":"https:\/\/premino.pl\/index.php?rest_route=\/wp\/v2\/media\/49580"}],"wp:attachment":[{"href":"https:\/\/premino.pl\/index.php?rest_route=%2Fwp%2Fv2%2Fmedia&parent=49579"}],"wp:term":[{"taxonomy":"kategoria-hurtowni","embeddable":true,"href":"https:\/\/premino.pl\/index.php?rest_route=%2Fwp%2Fv2%2Fkategoria-hurtowni&post=49579"},{"taxonomy":"product_brand","embeddable":true,"href":"https:\/\/premino.pl\/index.php?rest_route=%2Fwp%2Fv2%2Fproduct_brand&post=49579"},{"taxonomy":"product_cat","embeddable":true,"href":"https:\/\/premino.pl\/index.php?rest_route=%2Fwp%2Fv2%2Fproduct_cat&post=49579"},{"taxonomy":"product_tag","embeddable":true,"href":"https:\/\/premino.pl\/index.php?rest_route=%2Fwp%2Fv2%2Fproduct_tag&post=49579"}],"curies":[{"name":"wp","href":"https:\/\/api.w.org\/{rel}","templated":true}]}}